{"id":1199,"date":"2026-01-16T10:05:46","date_gmt":"2026-01-16T10:05:46","guid":{"rendered":"https:\/\/bomuldsfabriken.staging.frameworks.no\/?page_id=1199"},"modified":"2026-01-20T12:14:09","modified_gmt":"2026-01-20T12:14:09","slug":"kunst-helse","status":"publish","type":"page","link":"https:\/\/bomuldsfabriken.no\/en\/om-oss\/kunst-helse\/","title":{"rendered":"Kunst &amp; Helse"},"content":{"rendered":"<div id=\"paragraph--block_16a455f2bc40e61f7ebe34e8c6a88acd\" class=\"root-level-block paragraph\">\r\n    \r\n    <div class=\"container grid-3-6-3\">\r\n\r\n        \r\n                    <div class=\"wysiwyg\">\r\n                <p>Kunst &amp; Helse er et samarbeidsprosjekt mellom Bomuldsfabriken Kunsthall, Psykiatrisk avdeling og Distriktspsykiatrisk Senter (DPS) S\u00f8rlandet Sykehus. M\u00e5lgruppen er mennesker med psykoselidelser som er aktivt innlagt eller tidligere har v\u00e6rt det.<\/p>\n<p>Prosjektleder og kunstnerisk ansvarlig er Maya Boman ved Bomuldsfabriken Kunsthall. Medansvarlig for verksteder, og st\u00f8tte vedr\u00f8rende psykisk helse for deltagerne, er ergoterapeut Solvor Frafjord fra Psykiatrisk avdeling. Verkstedene inng\u00e5r i en tre\u00e5rsplan, og avholdes ukentlig p\u00e5 tirsdager i Bomuldsfabrikens lokaler.<\/p>\n<p>Deltagerne f\u00e5r innblikk i den kunstneriske prosessen som ut\u00f8vende kunstnere arbeider med. I verkstedene vil deltakerne l\u00e6re om ulike metoder, litt kunsthistorie, materialer, montering og visning.<\/p>\n<p>Verkstedene er basert p\u00e5 at deltagerne ikke trenger \u00e5 ha tidligere erfaring med kunst. Flere av metodene som blir introdusert er basert p\u00e5 enkel teknologi og bruk av lett tilgjengelige, billige materialer, slik at deltagerne kan arbeide videre utenom verkstedene. Da dette er en samarbeids- og pilotprosjekt som blir til i m\u00f8te med deltagerne, er det rom for forandringer og korrigeringer underveis. Ved behov f\u00e5r den enkelte deltager ekstra tilrettelegging. Vi har egen Facebookside hvor deltagerne kan poste eget arbeid, se kommende verksted og annet.<\/p>\n<p>Vi har arbeidet mye med litografi, monotrykk og abstraksjon, og har n\u00e5 en lengre periode utforsket mulighetene i akryl. I tillegg ser vi utstillinger og gj\u00f8r oss kjent med omgivelsene rundt Bomuldsfabriken. Alle som deltar p\u00e5 verkstedene \u2013 syke og friske \u2013 er involvert i den kunstneriske aktiviteten. Her har vi et fristed og ro til \u00e5 v\u00e6re i den kreative prosessen sammen. Vi h\u00e5per at verkstedene kan bidra til at deltagerne finner sitt eget kunstneriske uttrykk. Ved \u00e5 finne sin egne kunstneriske stemme f\u00e5r deltagerne forh\u00e5pentligvis et verkt\u00f8y og hjelpemiddel i hveragen, men ogs\u00e5 en mulighet for et nytt perspektiv p\u00e5 omverden.<\/p>\n<p>For sp\u00f8rsm\u00e5l eller andre henvendelser, ta kontakt med <a href=\"mailto:maya.boman@arendal.kommune.no\">maya.boman@arendal.kommune.no<\/a><\/p>\n            <\/div>\r\n        \r\n    <\/div>\r\n\r\n<\/div>\r\n\n\n\n<div class=\"wp-block-columns is-layout-flex wp-container-core-columns-is-layout-9d6595d7 wp-block-columns-is-layout-flex\">\n<div class=\"wp-block-column is-layout-constrained wp-container-core-column-is-layout-effdd0b2 wp-block-column-is-layout-constrained\">\n<div class=\"wp-block-media-text is-stacked-on-mobile\" style=\"grid-template-columns:25% auto\"><figure class=\"wp-block-media-text__media\"><img decoding=\"async\" width=\"1080\" height=\"1440\" src=\"https:\/\/bomuldsfabriken.no\/wp-content\/uploads\/2025\/12\/Maya-Boman-profilbilde-svarthvit_2.avif\" alt=\"\" class=\"wp-image-1201 size-full\" srcset=\"https:\/\/bomuldsfabriken.no\/wp-content\/uploads\/2025\/12\/Maya-Boman-profilbilde-svarthvit_2.avif 1080w, https:\/\/bomuldsfabriken.no\/wp-content\/uploads\/2025\/12\/Maya-Boman-profilbilde-svarthvit_2-225x300.avif 225w, https:\/\/bomuldsfabriken.no\/wp-content\/uploads\/2025\/12\/Maya-Boman-profilbilde-svarthvit_2-768x1024.avif 768w\" sizes=\"(max-width: 1080px) 100vw, 1080px\" \/><\/figure><div class=\"wp-block-media-text__content\">\n<p class=\"has-s-font-size\"><strong>Maya Boman<\/strong><br><em>Prosjektleder og kunstnerisk ansvarlig<\/em><br>Bomuldsfabriken Kunsthall<\/p>\n<\/div><\/div>\n\n\n\n<div style=\"height:10px\" aria-hidden=\"true\" class=\"wp-block-spacer\"><\/div>\n\n\n\n<div class=\"wp-block-media-text is-stacked-on-mobile\" style=\"grid-template-columns:25% auto\"><figure class=\"wp-block-media-text__media\"><img decoding=\"async\" width=\"1080\" height=\"1440\" src=\"https:\/\/bomuldsfabriken.no\/wp-content\/uploads\/2025\/12\/Solvor-profilbilde-svarthvit.avif\" alt=\"\" class=\"wp-image-1200 size-full\" srcset=\"https:\/\/bomuldsfabriken.no\/wp-content\/uploads\/2025\/12\/Solvor-profilbilde-svarthvit.avif 1080w, https:\/\/bomuldsfabriken.no\/wp-content\/uploads\/2025\/12\/Solvor-profilbilde-svarthvit-225x300.avif 225w, https:\/\/bomuldsfabriken.no\/wp-content\/uploads\/2025\/12\/Solvor-profilbilde-svarthvit-768x1024.avif 768w\" sizes=\"(max-width: 1080px) 100vw, 1080px\" \/><\/figure><div class=\"wp-block-media-text__content\">\n<p class=\"has-s-font-size\"><strong>Solvor Frafjord<\/strong><br><em>Medansvarlig verksteder og deltakerkontakt psykisk st\u00f8tte<\/em><br>Ergoterapeut, Psykiatrisk avdeling og Distriktspsykiatrisk Senter (DPS) S\u00f8rlandet Sykehus<\/p>\n<\/div><\/div>\n<\/div>\n<\/div>\n\n\n\n<div style=\"height:100px\" aria-hidden=\"true\" class=\"wp-block-spacer\"><\/div>\n\n\n\r\n<div id=\"links--block_db0768d4d896e3eabe4942d83f4cb88a\" class=\"root-level-block links\">\r\n    <div class=\"container grid-3-6-3\">\r\n    \r\n                    <ul class=\"micro-navigation\">\r\n                                                            <li>\r\n                            <a href=\"\/en\/om-oss\/\">\r\n                                Om Bomuldsfabriken                            <\/a>\r\n                        <\/li>\r\n                                                                                <li>\r\n                            <a href=\"\/en\/om-oss\/kontakt-oss\/\">\r\n                                Kontakt oss                            <\/a>\r\n                        <\/li>\r\n                                                <\/ul>\r\n        \r\n    <\/div>\r\n\r\n<\/div>","protected":false},"excerpt":{"rendered":"<p>Maya BomanProsjektleder og kunstnerisk ansvarligBomuldsfabriken Kunsthall Solvor FrafjordMedansvarlig verksteder og deltakerkontakt psykisk st\u00f8tteErgoterapeut, Psykiatrisk avdeling og Distriktspsykiatrisk Senter (DPS) S\u00f8rlandet Sykehus<\/p>","protected":false},"author":8,"featured_media":1208,"parent":716,"menu_order":0,"comment_status":"closed","ping_status":"closed","template":"","meta":{"_acf_changed":false,"footnotes":""},"class_list":["post-1199","page","type-page","status-publish","has-post-thumbnail","hentry"],"acf":[],"yoast_head":"<!-- This site is optimized with the Yoast SEO plugin v27.4 - https:\/\/yoast.com\/product\/yoast-seo-wordpress\/ -->\n<title>Kunst &amp; Helse - Bomuldsfabriken<\/title>\n<meta name=\"robots\" content=\"index, follow, max-snippet:-1, max-image-preview:large, max-video-preview:-1\" \/>\n<link rel=\"canonical\" href=\"https:\/\/bomuldsfabriken.no\/en\/om-oss\/kunst-helse\/\" \/>\n<meta property=\"og:locale\" content=\"en_GB\" \/>\n<meta property=\"og:type\" content=\"article\" \/>\n<meta property=\"og:title\" content=\"Kunst &amp; Helse - Bomuldsfabriken\" \/>\n<meta property=\"og:description\" content=\"Maya BomanProsjektleder og kunstnerisk ansvarligBomuldsfabriken Kunsthall Solvor FrafjordMedansvarlig verksteder og deltakerkontakt psykisk st\u00f8tteErgoterapeut, Psykiatrisk avdeling og Distriktspsykiatrisk Senter (DPS) S\u00f8rlandet Sykehus\" \/>\n<meta property=\"og:url\" content=\"https:\/\/bomuldsfabriken.no\/en\/om-oss\/kunst-helse\/\" \/>\n<meta property=\"og:site_name\" content=\"Bomuldsfabriken\" \/>\n<meta property=\"article:publisher\" content=\"https:\/\/www.facebook.com\/Bomuldsfabriken\/\" \/>\n<meta property=\"article:modified_time\" content=\"2026-01-20T12:14:09+00:00\" \/>\n<meta property=\"og:image\" content=\"https:\/\/bomuldsfabriken.no\/wp-content\/uploads\/2025\/12\/Kunst-eksempel-Kunst-Helse-2000x1250-px.avif\" \/>\n\t<meta property=\"og:image:width\" content=\"2000\" \/>\n\t<meta property=\"og:image:height\" content=\"1250\" \/>\n\t<meta property=\"og:image:type\" content=\"image\/jpeg\" \/>\n<meta name=\"twitter:card\" content=\"summary_large_image\" \/>\n<meta name=\"twitter:site\" content=\"@bomuldsfabriken\" \/>\n<script type=\"application\/ld+json\" class=\"yoast-schema-graph\">{\"@context\":\"https:\\\/\\\/schema.org\",\"@graph\":[{\"@type\":\"WebPage\",\"@id\":\"https:\\\/\\\/bomuldsfabriken.no\\\/om-oss\\\/kunst-helse\\\/\",\"url\":\"https:\\\/\\\/bomuldsfabriken.no\\\/om-oss\\\/kunst-helse\\\/\",\"name\":\"Kunst &amp; Helse - Bomuldsfabriken\",\"isPartOf\":{\"@id\":\"https:\\\/\\\/bomuldsfabriken.no\\\/#website\"},\"primaryImageOfPage\":{\"@id\":\"https:\\\/\\\/bomuldsfabriken.no\\\/om-oss\\\/kunst-helse\\\/#primaryimage\"},\"image\":{\"@id\":\"https:\\\/\\\/bomuldsfabriken.no\\\/om-oss\\\/kunst-helse\\\/#primaryimage\"},\"thumbnailUrl\":\"https:\\\/\\\/bomuldsfabriken.no\\\/wp-content\\\/uploads\\\/2025\\\/12\\\/Kunst-eksempel-Kunst-Helse-2000x1250-px.avif\",\"datePublished\":\"2026-01-16T10:05:46+00:00\",\"dateModified\":\"2026-01-20T12:14:09+00:00\",\"breadcrumb\":{\"@id\":\"https:\\\/\\\/bomuldsfabriken.no\\\/om-oss\\\/kunst-helse\\\/#breadcrumb\"},\"inLanguage\":\"en-GB\",\"potentialAction\":[{\"@type\":\"ReadAction\",\"target\":[\"https:\\\/\\\/bomuldsfabriken.no\\\/om-oss\\\/kunst-helse\\\/\"]}]},{\"@type\":\"ImageObject\",\"inLanguage\":\"en-GB\",\"@id\":\"https:\\\/\\\/bomuldsfabriken.no\\\/om-oss\\\/kunst-helse\\\/#primaryimage\",\"url\":\"https:\\\/\\\/bomuldsfabriken.no\\\/wp-content\\\/uploads\\\/2025\\\/12\\\/Kunst-eksempel-Kunst-Helse-2000x1250-px.avif\",\"contentUrl\":\"https:\\\/\\\/bomuldsfabriken.no\\\/wp-content\\\/uploads\\\/2025\\\/12\\\/Kunst-eksempel-Kunst-Helse-2000x1250-px.avif\",\"width\":2000,\"height\":1250},{\"@type\":\"BreadcrumbList\",\"@id\":\"https:\\\/\\\/bomuldsfabriken.no\\\/om-oss\\\/kunst-helse\\\/#breadcrumb\",\"itemListElement\":[{\"@type\":\"ListItem\",\"position\":1,\"name\":\"Home\",\"item\":\"https:\\\/\\\/bomuldsfabriken.no\\\/\"},{\"@type\":\"ListItem\",\"position\":2,\"name\":\"Om oss\",\"item\":\"https:\\\/\\\/bomuldsfabriken.no\\\/om-oss\\\/\"},{\"@type\":\"ListItem\",\"position\":3,\"name\":\"Kunst &amp; Helse\"}]},{\"@type\":\"WebSite\",\"@id\":\"https:\\\/\\\/bomuldsfabriken.no\\\/#website\",\"url\":\"https:\\\/\\\/bomuldsfabriken.no\\\/\",\"name\":\"Bomuldsfabriken\",\"description\":\"Kunsthallen i Arendal \u2013 Bomuldsfabriken\",\"publisher\":{\"@id\":\"https:\\\/\\\/bomuldsfabriken.no\\\/#organization\"},\"potentialAction\":[{\"@type\":\"SearchAction\",\"target\":{\"@type\":\"EntryPoint\",\"urlTemplate\":\"https:\\\/\\\/bomuldsfabriken.no\\\/?s={search_term_string}\"},\"query-input\":{\"@type\":\"PropertyValueSpecification\",\"valueRequired\":true,\"valueName\":\"search_term_string\"}}],\"inLanguage\":\"en-GB\"},{\"@type\":\"Organization\",\"@id\":\"https:\\\/\\\/bomuldsfabriken.no\\\/#organization\",\"name\":\"Bomuldsfabriken\",\"url\":\"https:\\\/\\\/bomuldsfabriken.no\\\/\",\"logo\":{\"@type\":\"ImageObject\",\"inLanguage\":\"en-GB\",\"@id\":\"https:\\\/\\\/bomuldsfabriken.no\\\/#\\\/schema\\\/logo\\\/image\\\/\",\"url\":\"https:\\\/\\\/bomuldsfabriken.no\\\/wp-content\\\/uploads\\\/2025\\\/06\\\/bomlog.svg\",\"contentUrl\":\"https:\\\/\\\/bomuldsfabriken.no\\\/wp-content\\\/uploads\\\/2025\\\/06\\\/bomlog.svg\",\"caption\":\"Bomuldsfabriken\"},\"image\":{\"@id\":\"https:\\\/\\\/bomuldsfabriken.no\\\/#\\\/schema\\\/logo\\\/image\\\/\"},\"sameAs\":[\"https:\\\/\\\/www.facebook.com\\\/Bomuldsfabriken\\\/\",\"https:\\\/\\\/x.com\\\/bomuldsfabriken\",\"https:\\\/\\\/www.instagram.com\\\/bomuldsfabriken\"]}]}<\/script>\n<!-- \/ Yoast SEO plugin. -->","yoast_head_json":{"title":"Kunst &amp; Helse - Bomuldsfabriken","robots":{"index":"index","follow":"follow","max-snippet":"max-snippet:-1","max-image-preview":"max-image-preview:large","max-video-preview":"max-video-preview:-1"},"canonical":"https:\/\/bomuldsfabriken.no\/en\/om-oss\/kunst-helse\/","og_locale":"en_GB","og_type":"article","og_title":"Kunst &amp; Helse - Bomuldsfabriken","og_description":"Maya BomanProsjektleder og kunstnerisk ansvarligBomuldsfabriken Kunsthall Solvor FrafjordMedansvarlig verksteder og deltakerkontakt psykisk st\u00f8tteErgoterapeut, Psykiatrisk avdeling og Distriktspsykiatrisk Senter (DPS) S\u00f8rlandet Sykehus","og_url":"https:\/\/bomuldsfabriken.no\/en\/om-oss\/kunst-helse\/","og_site_name":"Bomuldsfabriken","article_publisher":"https:\/\/www.facebook.com\/Bomuldsfabriken\/","article_modified_time":"2026-01-20T12:14:09+00:00","og_image":[{"width":2000,"height":1250,"url":"https:\/\/bomuldsfabriken.no\/wp-content\/uploads\/2025\/12\/Kunst-eksempel-Kunst-Helse-2000x1250-px.avif","type":"image\/jpeg"}],"twitter_card":"summary_large_image","twitter_site":"@bomuldsfabriken","schema":{"@context":"https:\/\/schema.org","@graph":[{"@type":"WebPage","@id":"https:\/\/bomuldsfabriken.no\/om-oss\/kunst-helse\/","url":"https:\/\/bomuldsfabriken.no\/om-oss\/kunst-helse\/","name":"Kunst &amp; Helse - Bomuldsfabriken","isPartOf":{"@id":"https:\/\/bomuldsfabriken.no\/#website"},"primaryImageOfPage":{"@id":"https:\/\/bomuldsfabriken.no\/om-oss\/kunst-helse\/#primaryimage"},"image":{"@id":"https:\/\/bomuldsfabriken.no\/om-oss\/kunst-helse\/#primaryimage"},"thumbnailUrl":"https:\/\/bomuldsfabriken.no\/wp-content\/uploads\/2025\/12\/Kunst-eksempel-Kunst-Helse-2000x1250-px.avif","datePublished":"2026-01-16T10:05:46+00:00","dateModified":"2026-01-20T12:14:09+00:00","breadcrumb":{"@id":"https:\/\/bomuldsfabriken.no\/om-oss\/kunst-helse\/#breadcrumb"},"inLanguage":"en-GB","potentialAction":[{"@type":"ReadAction","target":["https:\/\/bomuldsfabriken.no\/om-oss\/kunst-helse\/"]}]},{"@type":"ImageObject","inLanguage":"en-GB","@id":"https:\/\/bomuldsfabriken.no\/om-oss\/kunst-helse\/#primaryimage","url":"https:\/\/bomuldsfabriken.no\/wp-content\/uploads\/2025\/12\/Kunst-eksempel-Kunst-Helse-2000x1250-px.avif","contentUrl":"https:\/\/bomuldsfabriken.no\/wp-content\/uploads\/2025\/12\/Kunst-eksempel-Kunst-Helse-2000x1250-px.avif","width":2000,"height":1250},{"@type":"BreadcrumbList","@id":"https:\/\/bomuldsfabriken.no\/om-oss\/kunst-helse\/#breadcrumb","itemListElement":[{"@type":"ListItem","position":1,"name":"Home","item":"https:\/\/bomuldsfabriken.no\/"},{"@type":"ListItem","position":2,"name":"Om oss","item":"https:\/\/bomuldsfabriken.no\/om-oss\/"},{"@type":"ListItem","position":3,"name":"Kunst &amp; Helse"}]},{"@type":"WebSite","@id":"https:\/\/bomuldsfabriken.no\/#website","url":"https:\/\/bomuldsfabriken.no\/","name":"Bomuldsfabriken","description":"Kunsthallen i Arendal \u2013 Bomuldsfabriken","publisher":{"@id":"https:\/\/bomuldsfabriken.no\/#organization"},"potentialAction":[{"@type":"SearchAction","target":{"@type":"EntryPoint","urlTemplate":"https:\/\/bomuldsfabriken.no\/?s={search_term_string}"},"query-input":{"@type":"PropertyValueSpecification","valueRequired":true,"valueName":"search_term_string"}}],"inLanguage":"en-GB"},{"@type":"Organization","@id":"https:\/\/bomuldsfabriken.no\/#organization","name":"Bomuldsfabriken","url":"https:\/\/bomuldsfabriken.no\/","logo":{"@type":"ImageObject","inLanguage":"en-GB","@id":"https:\/\/bomuldsfabriken.no\/#\/schema\/logo\/image\/","url":"https:\/\/bomuldsfabriken.no\/wp-content\/uploads\/2025\/06\/bomlog.svg","contentUrl":"https:\/\/bomuldsfabriken.no\/wp-content\/uploads\/2025\/06\/bomlog.svg","caption":"Bomuldsfabriken"},"image":{"@id":"https:\/\/bomuldsfabriken.no\/#\/schema\/logo\/image\/"},"sameAs":["https:\/\/www.facebook.com\/Bomuldsfabriken\/","https:\/\/x.com\/bomuldsfabriken","https:\/\/www.instagram.com\/bomuldsfabriken"]}]}},"_links":{"self":[{"href":"https:\/\/bomuldsfabriken.no\/en\/wp-json\/wp\/v2\/pages\/1199","targetHints":{"allow":["GET"]}}],"collection":[{"href":"https:\/\/bomuldsfabriken.no\/en\/wp-json\/wp\/v2\/pages"}],"about":[{"href":"https:\/\/bomuldsfabriken.no\/en\/wp-json\/wp\/v2\/types\/page"}],"author":[{"embeddable":true,"href":"https:\/\/bomuldsfabriken.no\/en\/wp-json\/wp\/v2\/users\/8"}],"replies":[{"embeddable":true,"href":"https:\/\/bomuldsfabriken.no\/en\/wp-json\/wp\/v2\/comments?post=1199"}],"version-history":[{"count":22,"href":"https:\/\/bomuldsfabriken.no\/en\/wp-json\/wp\/v2\/pages\/1199\/revisions"}],"predecessor-version":[{"id":1978,"href":"https:\/\/bomuldsfabriken.no\/en\/wp-json\/wp\/v2\/pages\/1199\/revisions\/1978"}],"up":[{"embeddable":true,"href":"https:\/\/bomuldsfabriken.no\/en\/wp-json\/wp\/v2\/pages\/716"}],"wp:featuredmedia":[{"embeddable":true,"href":"https:\/\/bomuldsfabriken.no\/en\/wp-json\/wp\/v2\/media\/1208"}],"wp:attachment":[{"href":"https:\/\/bomuldsfabriken.no\/en\/wp-json\/wp\/v2\/media?parent=1199"}],"curies":[{"name":"wp","href":"https:\/\/api.w.org\/{rel}","templated":true}]}}