{"id":1832,"date":"2026-01-19T10:27:32","date_gmt":"2026-01-19T10:27:32","guid":{"rendered":"https:\/\/bomuldsfabriken.staging.frameworks.no\/?page_id=1832"},"modified":"2026-04-18T10:55:41","modified_gmt":"2026-04-18T10:55:41","slug":"dyret","status":"publish","type":"page","link":"https:\/\/bomuldsfabriken.no\/en\/utstillinger\/dyret\/","title":{"rendered":"B\u00e5rd Breivik \u2013 Dyret"},"content":{"rendered":"<div id=\"paragraph--block_f1e69593204ba563d46b7e75dc5799f9\" class=\"root-level-block paragraph\">\r\n    \r\n    <div class=\"container grid-3-6-3\">\r\n\r\n                    <h3 class=\"dot\">Dyret \u2013 B\u00e5rd Breivik<\/h3>\r\n        \r\n                    <div class=\"wysiwyg\">\r\n                <p><strong>\u00c5r:<\/strong> 1992<br \/>\n<strong>Materiale:<\/strong> Aluminium<br \/>\n<strong>Teknikk\/medie:<\/strong> Sveis<br \/>\n<strong>St\u00f8rrelse:<\/strong> L: 12,5 m<\/p>\n<p><strong>B\u00e5rd Breivik<\/strong> (f. 1948, Bergen \u2013 d. 2016) var en av Norges mest anerkjente internasjonale kunstnere. Han ble utdannet ved Kunst-og designh\u00f8gskolen i Bergen, Vestlandets Kunstakademi og St. Martin\u2019s School of Art, London. Breivik var professor i skulptur ved Kunstakademiet i Stockholm p\u00e5 begynnelsen av 1980-tallet, og fikk sitt internasjonale gjennombrudd med sin utstilling p\u00e5 Guggenheimmuseet i New York i 1982. Tidlig p\u00e5 1970-tallet var Breivik opptatt av \u00e5 materialisere tanker og ideer i rom gjennom bruk av l\u00f8se, organiske materialer i kombinasjon med metallelementer. Han utvidet skulpturbegrepet og regnes som en av konseptkunstens pionerer i Norge. Breivik arbeidet b\u00e5de i sm\u00e5 og monumentale formater, samtidig som kunsten hans utfoldet seg i grenselandet mot arkitektur, landskapskunst og byplanlegging.<\/p>\n            <\/div>\r\n        \r\n    <\/div>\r\n\r\n<\/div>\r\n\n\n\r\n<div class=\"container\">\r\n\r\n    <div id=\"gallery--block_674700b5628f923b4516a19649855ff4\" class=\"root-level-block gallery\">\r\n\r\n    \r\n            <div class=\"acf-gallery-grid\">\r\n                            <figure class=\"lightbox-trigger\">\r\n                    <div>\r\n                        <img decoding=\"async\" src=\"https:\/\/bomuldsfabriken.no\/wp-content\/uploads\/2026\/01\/IMG_9252-traversatorie-dyret-2000x1250-px.avif\" alt=\"\" style=\"width:100%; display:block;\">\r\n                    <\/div>\r\n                                    <\/figure>\r\n                            <figure class=\"lightbox-trigger\">\r\n                    <div>\r\n                        <img decoding=\"async\" src=\"https:\/\/bomuldsfabriken.no\/wp-content\/uploads\/2026\/01\/IMG_9243-dyret-2000x1250-px.avif\" alt=\"\" style=\"width:100%; display:block;\">\r\n                    <\/div>\r\n                                    <\/figure>\r\n                            <figure class=\"lightbox-trigger\">\r\n                    <div>\r\n                        <img decoding=\"async\" src=\"https:\/\/bomuldsfabriken.no\/wp-content\/uploads\/2026\/01\/Dyret-Hvalen-Breivk-Bard-4_web.avif\" alt=\"\" style=\"width:100%; display:block;\">\r\n                    <\/div>\r\n                                    <\/figure>\r\n                            <figure class=\"lightbox-trigger\">\r\n                    <div>\r\n                        <img decoding=\"async\" src=\"https:\/\/bomuldsfabriken.no\/wp-content\/uploads\/2026\/01\/Dyret-Hvalen-Breivk-Bard-1_web.avif\" alt=\"\" style=\"width:100%; display:block;\">\r\n                    <\/div>\r\n                                    <\/figure>\r\n                    <\/div>\r\n    \r\n    <\/div>\r\n\r\n<\/div>\r\n\n\n\n<p>P\u00e5 1980-tallet var hans kunstneriske virke rettet mot objektkunst, hvor han benyttet seg av nyttegjenstander, for eksempel \u00e5rer, i forskjellige materialer. Fra 1990-tallet ble arbeidet orientert mot prosjekter i det offentlige rom, for eksempel Citadel (1990) p\u00e5 Sk\u00f8yen i Oslo, samt prosjekter med stein og vann som tema i den permanente utsmykningen ved Lillehammer kunstmuseum og i Klosterenga Park i Gamlebyen i Oslo. Han stod ogs\u00e5 for utformingen av de sterkt omdiskuterte s\u00f8ylene plassert ved fasaderekkene langs Torgallmenningen i Bergen. Breivik deltok p\u00e5 imponerende mange utstillinger i inn og utland og er representert i st\u00f8rre museumssamlinger i Norden, Europa og USA.<\/p>\n\n\n\n<p>I Breiviks kunst er det et samspill mellom tradisjon og innovasjon, noe som blant annet viser seg i serien \u00e5rer fra slutten av 70-tallet og b\u00e5tformene i fiber fra begynnelsen av 80-tallet. Kombinasjonen av h\u00e5ndverk og teknologi er et annet karakteristisk trekk i kunstnerskapet. Dette kommer tydelig frem i <em>Dyret<\/em> (1992) som ble montert i Kunstarena gruvene i 2019. Den monumentale skulpturen ble utformet til \u00e5pningen av det nye Lillehammer Kunstmuseum under OL i 1994. Skulpturen ble f\u00f8rst visualisert i et 3D-program p\u00e5 data, noe som den gang skapte avisoverskrifter, og demonstrerte ingeni\u00f8rkunst og solid h\u00e5ndverk i skj\u00f8nn forening. Sveisere fra Ha My-Sveis har bygget skulpturen, mens sivilingeni\u00f8r Leiv Warvik fra Kv\u00e6rner Engineering tok p\u00e5 seg oppgaven med \u00e5 beregne vekten og sikringen av opphenget.<\/p>\n\n\n\n<p>Utformingen til <em>Dyret <\/em>var inpirert b\u00e5de av arkitekturen til Lillehammer Kunstmuseum (tegnet av Sn\u00f8hetta) og Brasil. Verket speiler den b\u00f8lgede bygningskroppen, som p\u00e5 en organisk m\u00e5te vokser ut av det skr\u00e5 terrenget p\u00e5 Lillehammer. Dyret er samtidig inspirert av Breivik sine opplevelser under deltagelsen ved S\u00e3o Paulo Biennealen i 1991. Man kan se tydelige formspor etter sj\u00f8ku og m\u00e5ten den brasilianske urbefolkningen konstruerte sine hus og hytter, blant annet basert p\u00e5 et grid av spiler.<\/p>\n\n\n\n<p>Skultpurens tekniske l\u00f8sning, et nettverk av aluminiumsstenger, ble satt sammen av 15 400 sveisepunkter. Breivik arbeidet med det han kalte formens ytterpunkter, en dynamisk form som med letthet kan trenge gjennom vann og luft. Konstruksjonen best\u00e5r av en langsg\u00e5ende ryggrad i sentrum, med et system av radielle str\u00e5ler fra dette felles punktet. Kurvene som anvendes gjenspeiler m\u00e5ten ballistiske baner rundt kloder eller planeter tilsynelatende avtegnes. Skulpturen skaper en suggererende virkning der den \u2013 svevende ut fra dagbruddet \u2013 synes \u00e5 v\u00e6re up\u00e5virket av gravitasjonens lover.<\/p>\n\n\n\n<p><\/p>","protected":false},"excerpt":{"rendered":"<p>P\u00e5 1980-tallet var hans kunstneriske virke rettet mot objektkunst, hvor han benyttet seg av nyttegjenstander, for eksempel \u00e5rer, i forskjellige materialer. Fra 1990-tallet ble arbeidet<\/p>","protected":false},"author":5,"featured_media":1839,"parent":649,"menu_order":0,"comment_status":"closed","ping_status":"closed","template":"","meta":{"_acf_changed":false,"footnotes":""},"class_list":["post-1832","page","type-page","status-publish","has-post-thumbnail","hentry"],"acf":[],"yoast_head":"<!-- This site is optimized with the Yoast SEO plugin v27.4 - https:\/\/yoast.com\/product\/yoast-seo-wordpress\/ -->\n<title>B\u00e5rd Breivik \u2013 Dyret - Bomuldsfabriken<\/title>\n<meta name=\"robots\" content=\"index, follow, max-snippet:-1, max-image-preview:large, max-video-preview:-1\" \/>\n<link rel=\"canonical\" href=\"https:\/\/bomuldsfabriken.no\/en\/utstillinger\/dyret\/\" \/>\n<meta property=\"og:locale\" content=\"en_GB\" \/>\n<meta property=\"og:type\" content=\"article\" \/>\n<meta property=\"og:title\" content=\"B\u00e5rd Breivik \u2013 Dyret - Bomuldsfabriken\" \/>\n<meta property=\"og:description\" content=\"P\u00e5 1980-tallet var hans kunstneriske virke rettet mot objektkunst, hvor han benyttet seg av nyttegjenstander, for eksempel \u00e5rer, i forskjellige materialer. Fra 1990-tallet ble arbeidet\" \/>\n<meta property=\"og:url\" content=\"https:\/\/bomuldsfabriken.no\/en\/utstillinger\/dyret\/\" \/>\n<meta property=\"og:site_name\" content=\"Bomuldsfabriken\" \/>\n<meta property=\"article:publisher\" content=\"https:\/\/www.facebook.com\/Bomuldsfabriken\/\" \/>\n<meta property=\"article:modified_time\" content=\"2026-04-18T10:55:41+00:00\" \/>\n<meta property=\"og:image\" content=\"https:\/\/bomuldsfabriken.no\/wp-content\/uploads\/2026\/01\/Dyret-Hvalen-Breivk-Bard-2_web.avif\" \/>\n\t<meta property=\"og:image:width\" content=\"2000\" \/>\n\t<meta property=\"og:image:height\" content=\"1250\" \/>\n\t<meta property=\"og:image:type\" content=\"image\/jpeg\" \/>\n<meta name=\"twitter:card\" content=\"summary_large_image\" \/>\n<meta name=\"twitter:site\" content=\"@bomuldsfabriken\" \/>\n<meta name=\"twitter:label1\" content=\"Estimated reading time\" \/>\n\t<meta name=\"twitter:data1\" content=\"2 minutes\" \/>\n<script type=\"application\/ld+json\" class=\"yoast-schema-graph\">{\"@context\":\"https:\\\/\\\/schema.org\",\"@graph\":[{\"@type\":\"WebPage\",\"@id\":\"https:\\\/\\\/bomuldsfabriken.no\\\/utstillinger\\\/dyret\\\/\",\"url\":\"https:\\\/\\\/bomuldsfabriken.no\\\/utstillinger\\\/dyret\\\/\",\"name\":\"B\u00e5rd Breivik \u2013 Dyret - Bomuldsfabriken\",\"isPartOf\":{\"@id\":\"https:\\\/\\\/bomuldsfabriken.no\\\/#website\"},\"primaryImageOfPage\":{\"@id\":\"https:\\\/\\\/bomuldsfabriken.no\\\/utstillinger\\\/dyret\\\/#primaryimage\"},\"image\":{\"@id\":\"https:\\\/\\\/bomuldsfabriken.no\\\/utstillinger\\\/dyret\\\/#primaryimage\"},\"thumbnailUrl\":\"https:\\\/\\\/bomuldsfabriken.no\\\/wp-content\\\/uploads\\\/2026\\\/01\\\/Dyret-Hvalen-Breivk-Bard-2_web.avif\",\"datePublished\":\"2026-01-19T10:27:32+00:00\",\"dateModified\":\"2026-04-18T10:55:41+00:00\",\"breadcrumb\":{\"@id\":\"https:\\\/\\\/bomuldsfabriken.no\\\/utstillinger\\\/dyret\\\/#breadcrumb\"},\"inLanguage\":\"en-GB\",\"potentialAction\":[{\"@type\":\"ReadAction\",\"target\":[\"https:\\\/\\\/bomuldsfabriken.no\\\/utstillinger\\\/dyret\\\/\"]}]},{\"@type\":\"ImageObject\",\"inLanguage\":\"en-GB\",\"@id\":\"https:\\\/\\\/bomuldsfabriken.no\\\/utstillinger\\\/dyret\\\/#primaryimage\",\"url\":\"https:\\\/\\\/bomuldsfabriken.no\\\/wp-content\\\/uploads\\\/2026\\\/01\\\/Dyret-Hvalen-Breivk-Bard-2_web.avif\",\"contentUrl\":\"https:\\\/\\\/bomuldsfabriken.no\\\/wp-content\\\/uploads\\\/2026\\\/01\\\/Dyret-Hvalen-Breivk-Bard-2_web.avif\",\"width\":2000,\"height\":1250},{\"@type\":\"BreadcrumbList\",\"@id\":\"https:\\\/\\\/bomuldsfabriken.no\\\/utstillinger\\\/dyret\\\/#breadcrumb\",\"itemListElement\":[{\"@type\":\"ListItem\",\"position\":1,\"name\":\"Home\",\"item\":\"https:\\\/\\\/bomuldsfabriken.no\\\/\"},{\"@type\":\"ListItem\",\"position\":2,\"name\":\"Utstillinger\",\"item\":\"https:\\\/\\\/bomuldsfabriken.no\\\/utstillinger\\\/\"},{\"@type\":\"ListItem\",\"position\":3,\"name\":\"B\u00e5rd Breivik \u2013 Dyret\"}]},{\"@type\":\"WebSite\",\"@id\":\"https:\\\/\\\/bomuldsfabriken.no\\\/#website\",\"url\":\"https:\\\/\\\/bomuldsfabriken.no\\\/\",\"name\":\"Bomuldsfabriken\",\"description\":\"Kunsthallen i Arendal \u2013 Bomuldsfabriken\",\"publisher\":{\"@id\":\"https:\\\/\\\/bomuldsfabriken.no\\\/#organization\"},\"potentialAction\":[{\"@type\":\"SearchAction\",\"target\":{\"@type\":\"EntryPoint\",\"urlTemplate\":\"https:\\\/\\\/bomuldsfabriken.no\\\/?s={search_term_string}\"},\"query-input\":{\"@type\":\"PropertyValueSpecification\",\"valueRequired\":true,\"valueName\":\"search_term_string\"}}],\"inLanguage\":\"en-GB\"},{\"@type\":\"Organization\",\"@id\":\"https:\\\/\\\/bomuldsfabriken.no\\\/#organization\",\"name\":\"Bomuldsfabriken\",\"url\":\"https:\\\/\\\/bomuldsfabriken.no\\\/\",\"logo\":{\"@type\":\"ImageObject\",\"inLanguage\":\"en-GB\",\"@id\":\"https:\\\/\\\/bomuldsfabriken.no\\\/#\\\/schema\\\/logo\\\/image\\\/\",\"url\":\"https:\\\/\\\/bomuldsfabriken.no\\\/wp-content\\\/uploads\\\/2025\\\/06\\\/bomlog.svg\",\"contentUrl\":\"https:\\\/\\\/bomuldsfabriken.no\\\/wp-content\\\/uploads\\\/2025\\\/06\\\/bomlog.svg\",\"caption\":\"Bomuldsfabriken\"},\"image\":{\"@id\":\"https:\\\/\\\/bomuldsfabriken.no\\\/#\\\/schema\\\/logo\\\/image\\\/\"},\"sameAs\":[\"https:\\\/\\\/www.facebook.com\\\/Bomuldsfabriken\\\/\",\"https:\\\/\\\/x.com\\\/bomuldsfabriken\",\"https:\\\/\\\/www.instagram.com\\\/bomuldsfabriken\"]}]}<\/script>\n<!-- \/ Yoast SEO plugin. -->","yoast_head_json":{"title":"B\u00e5rd Breivik \u2013 Dyret - Bomuldsfabriken","robots":{"index":"index","follow":"follow","max-snippet":"max-snippet:-1","max-image-preview":"max-image-preview:large","max-video-preview":"max-video-preview:-1"},"canonical":"https:\/\/bomuldsfabriken.no\/en\/utstillinger\/dyret\/","og_locale":"en_GB","og_type":"article","og_title":"B\u00e5rd Breivik \u2013 Dyret - Bomuldsfabriken","og_description":"P\u00e5 1980-tallet var hans kunstneriske virke rettet mot objektkunst, hvor han benyttet seg av nyttegjenstander, for eksempel \u00e5rer, i forskjellige materialer. Fra 1990-tallet ble arbeidet","og_url":"https:\/\/bomuldsfabriken.no\/en\/utstillinger\/dyret\/","og_site_name":"Bomuldsfabriken","article_publisher":"https:\/\/www.facebook.com\/Bomuldsfabriken\/","article_modified_time":"2026-04-18T10:55:41+00:00","og_image":[{"width":2000,"height":1250,"url":"https:\/\/bomuldsfabriken.no\/wp-content\/uploads\/2026\/01\/Dyret-Hvalen-Breivk-Bard-2_web.avif","type":"image\/jpeg"}],"twitter_card":"summary_large_image","twitter_site":"@bomuldsfabriken","twitter_misc":{"Estimated reading time":"2 minutes"},"schema":{"@context":"https:\/\/schema.org","@graph":[{"@type":"WebPage","@id":"https:\/\/bomuldsfabriken.no\/utstillinger\/dyret\/","url":"https:\/\/bomuldsfabriken.no\/utstillinger\/dyret\/","name":"B\u00e5rd Breivik \u2013 Dyret - Bomuldsfabriken","isPartOf":{"@id":"https:\/\/bomuldsfabriken.no\/#website"},"primaryImageOfPage":{"@id":"https:\/\/bomuldsfabriken.no\/utstillinger\/dyret\/#primaryimage"},"image":{"@id":"https:\/\/bomuldsfabriken.no\/utstillinger\/dyret\/#primaryimage"},"thumbnailUrl":"https:\/\/bomuldsfabriken.no\/wp-content\/uploads\/2026\/01\/Dyret-Hvalen-Breivk-Bard-2_web.avif","datePublished":"2026-01-19T10:27:32+00:00","dateModified":"2026-04-18T10:55:41+00:00","breadcrumb":{"@id":"https:\/\/bomuldsfabriken.no\/utstillinger\/dyret\/#breadcrumb"},"inLanguage":"en-GB","potentialAction":[{"@type":"ReadAction","target":["https:\/\/bomuldsfabriken.no\/utstillinger\/dyret\/"]}]},{"@type":"ImageObject","inLanguage":"en-GB","@id":"https:\/\/bomuldsfabriken.no\/utstillinger\/dyret\/#primaryimage","url":"https:\/\/bomuldsfabriken.no\/wp-content\/uploads\/2026\/01\/Dyret-Hvalen-Breivk-Bard-2_web.avif","contentUrl":"https:\/\/bomuldsfabriken.no\/wp-content\/uploads\/2026\/01\/Dyret-Hvalen-Breivk-Bard-2_web.avif","width":2000,"height":1250},{"@type":"BreadcrumbList","@id":"https:\/\/bomuldsfabriken.no\/utstillinger\/dyret\/#breadcrumb","itemListElement":[{"@type":"ListItem","position":1,"name":"Home","item":"https:\/\/bomuldsfabriken.no\/"},{"@type":"ListItem","position":2,"name":"Utstillinger","item":"https:\/\/bomuldsfabriken.no\/utstillinger\/"},{"@type":"ListItem","position":3,"name":"B\u00e5rd Breivik \u2013 Dyret"}]},{"@type":"WebSite","@id":"https:\/\/bomuldsfabriken.no\/#website","url":"https:\/\/bomuldsfabriken.no\/","name":"Bomuldsfabriken","description":"Kunsthallen i Arendal \u2013 Bomuldsfabriken","publisher":{"@id":"https:\/\/bomuldsfabriken.no\/#organization"},"potentialAction":[{"@type":"SearchAction","target":{"@type":"EntryPoint","urlTemplate":"https:\/\/bomuldsfabriken.no\/?s={search_term_string}"},"query-input":{"@type":"PropertyValueSpecification","valueRequired":true,"valueName":"search_term_string"}}],"inLanguage":"en-GB"},{"@type":"Organization","@id":"https:\/\/bomuldsfabriken.no\/#organization","name":"Bomuldsfabriken","url":"https:\/\/bomuldsfabriken.no\/","logo":{"@type":"ImageObject","inLanguage":"en-GB","@id":"https:\/\/bomuldsfabriken.no\/#\/schema\/logo\/image\/","url":"https:\/\/bomuldsfabriken.no\/wp-content\/uploads\/2025\/06\/bomlog.svg","contentUrl":"https:\/\/bomuldsfabriken.no\/wp-content\/uploads\/2025\/06\/bomlog.svg","caption":"Bomuldsfabriken"},"image":{"@id":"https:\/\/bomuldsfabriken.no\/#\/schema\/logo\/image\/"},"sameAs":["https:\/\/www.facebook.com\/Bomuldsfabriken\/","https:\/\/x.com\/bomuldsfabriken","https:\/\/www.instagram.com\/bomuldsfabriken"]}]}},"_links":{"self":[{"href":"https:\/\/bomuldsfabriken.no\/en\/wp-json\/wp\/v2\/pages\/1832","targetHints":{"allow":["GET"]}}],"collection":[{"href":"https:\/\/bomuldsfabriken.no\/en\/wp-json\/wp\/v2\/pages"}],"about":[{"href":"https:\/\/bomuldsfabriken.no\/en\/wp-json\/wp\/v2\/types\/page"}],"author":[{"embeddable":true,"href":"https:\/\/bomuldsfabriken.no\/en\/wp-json\/wp\/v2\/users\/5"}],"replies":[{"embeddable":true,"href":"https:\/\/bomuldsfabriken.no\/en\/wp-json\/wp\/v2\/comments?post=1832"}],"version-history":[{"count":6,"href":"https:\/\/bomuldsfabriken.no\/en\/wp-json\/wp\/v2\/pages\/1832\/revisions"}],"predecessor-version":[{"id":2377,"href":"https:\/\/bomuldsfabriken.no\/en\/wp-json\/wp\/v2\/pages\/1832\/revisions\/2377"}],"up":[{"embeddable":true,"href":"https:\/\/bomuldsfabriken.no\/en\/wp-json\/wp\/v2\/pages\/649"}],"wp:featuredmedia":[{"embeddable":true,"href":"https:\/\/bomuldsfabriken.no\/en\/wp-json\/wp\/v2\/media\/1839"}],"wp:attachment":[{"href":"https:\/\/bomuldsfabriken.no\/en\/wp-json\/wp\/v2\/media?parent=1832"}],"curies":[{"name":"wp","href":"https:\/\/api.w.org\/{rel}","templated":true}]}}