{"id":1846,"date":"2026-01-19T10:47:47","date_gmt":"2026-01-19T10:47:47","guid":{"rendered":"https:\/\/bomuldsfabriken.staging.frameworks.no\/?page_id=1846"},"modified":"2026-04-18T10:57:17","modified_gmt":"2026-04-18T10:57:17","slug":"uten-tittel-gjennestad","status":"publish","type":"page","link":"https:\/\/bomuldsfabriken.no\/en\/utstillinger\/uten-tittel-gjennestad\/","title":{"rendered":"Anders Gjennestad \u2013 Uten tittel"},"content":{"rendered":"<div id=\"paragraph--block_09902eca57f224a17cb4efb2745b3347\" class=\"root-level-block paragraph\">\r\n    \r\n    <div class=\"container grid-3-6-3\">\r\n\r\n                    <h3 class=\"dot\">Uten tittel \u2013 Anders Gjennestad<\/h3>\r\n        \r\n                    <div class=\"wysiwyg\">\r\n                <p><strong>\u00c5r:<\/strong> 2019<br \/>\n<strong>Materiale:<\/strong> Cort\u00e9n- og galvanisert st\u00e5l<br \/>\n<strong>Teknikk\/medie:<\/strong> Maling, klarlakk<br \/>\n<strong>St\u00f8rrelse:<\/strong> Ca. 6 x 6 m<\/p>\n<p><strong>Anders Gjennestad<\/strong> (f. 1980, Arendal) er billedkunstner og ut\u00f8vende gatekunstner, bosatt i Berlin. Han er ogs\u00e5 kjent under kunstnernavnet Str\u00f8k. Gjennestads utrykk er ofte basert p\u00e5 kunstnerens egne fotografier, gjerne tatt i sort\/hvitt i form av urbane motiv og gatefotografering av mennesker i bymilj\u00f8. Bildene bearbeides digitalt f\u00f8r de printes ut og overf\u00f8res til sjablonger. Deretter sprayer han lag p\u00e5 lag til figurene fremst\u00e5r med et presist, tredimensjonalt og fotorealistisk utrykk. Den illusjonistiske effekten utnyttes ogs\u00e5 n\u00e5r kunstneren anvender materialer som gamle kart, trafikkskilt, plakater eller bruddstykker fra vegger som bakgrunn for sine motiv. N\u00e5r han velger materialer, vurderer han hvor godt de vil eldes, overleve ulike v\u00e6rforhold, og hvordan teksturen vil forringes over tid.<\/p>\n            <\/div>\r\n        \r\n    <\/div>\r\n\r\n<\/div>\r\n\n\n\r\n<div class=\"container\">\r\n\r\n    <div id=\"gallery--block_e61b962397e39cbc0c6547b2879ba405\" class=\"root-level-block gallery\">\r\n\r\n    \r\n            <div class=\"acf-gallery-grid\">\r\n                            <figure class=\"lightbox-trigger\">\r\n                    <div>\r\n                        <img decoding=\"async\" src=\"https:\/\/bomuldsfabriken.no\/wp-content\/uploads\/2026\/01\/IMG_0137-GJENNESTAD-2000x1250-px-2000x1250.avif\" alt=\"\" style=\"width:100%; display:block;\">\r\n                    <\/div>\r\n                                    <\/figure>\r\n                            <figure class=\"lightbox-trigger\">\r\n                    <div>\r\n                        <img decoding=\"async\" src=\"https:\/\/bomuldsfabriken.no\/wp-content\/uploads\/2026\/01\/IMG_0186-gjennestad-2000x1250-px.avif\" alt=\"\" style=\"width:100%; display:block;\">\r\n                    <\/div>\r\n                                    <\/figure>\r\n                            <figure class=\"lightbox-trigger\">\r\n                    <div>\r\n                        <img decoding=\"async\" src=\"https:\/\/bomuldsfabriken.no\/wp-content\/uploads\/2026\/01\/1700938-Anders_Gjennestad_-_Torbjornsbu_Mines-2000x1250-px.avif\" alt=\"\" style=\"width:100%; display:block;\">\r\n                    <\/div>\r\n                                    <\/figure>\r\n                    <\/div>\r\n    \r\n    <\/div>\r\n\r\n<\/div>\r\n\n\n\n<p>Forlatt arkitektur utgj\u00f8r p\u00e5 mange m\u00e5ter Gjennestads lerret og palett hvor samspillet mellom det han tilf\u00f8rer av figurer og byrommet danner interessante m\u00f8ter. Det v\u00e6re seg i form av gamle fabrikkbygninger eller fraflyttede hus og steder \u2014 eller ikke-steder, i betydningen lite attraktive, ut fra et konvensjonelt blikk. I sin s\u00f8ken etter inspirasjon vandrer han rundt i Berlin og leter etter disse marginaliserte omr\u00e5dene. I tillegg til \u00e5 arbeide med gatekunst presenterer han ofte sine verk i gallerier i Norden, Berlin, Frankrike og USA. Han har deltatt p\u00e5 gatekunstprosjekter i inn- og utland, som prosjektene; <em>Levende vegger i by: Larm<\/em> i Trondheim 2007 og <em>Nuart <\/em>i Stavanger i 2013. I 2011 utf\u00f8rte Gjennestad et interessant kunstprosjekt i Groruddalen da kunstnergruppen <em>Foreign Investment<\/em> (Shwan Dler Qaradaki, Tone Emblemsv\u00e5g og Anders Gjennestad) \u2014 i prosjektet <em>Hva gj\u00f8r du her? <\/em>\u2014 tok utgangspunkt i m\u00f8ter mellom barn og ungdom i Groruddalen. Prosjektet viste hvordan kunstneriske strategier kan skape medvirkning, dialog, identitet, stedstilh\u00f8righet og bevissthet omkring n\u00e6rmilj\u00f8. De arbeidet tematisk med ungdommer fra Mash Motorsenter og Stasjonsfjellet skole, og deretter skapte de veggmalerier i ulike teknikker p\u00e5 Grorud T-banestasjon.<\/p>\n\n\n\n<p>Kunstverket Gjennestad har utf\u00f8rt i Gruvene skulpturpark er i cort\u00e9n- og galvanisert st\u00e5l. Materialbruken er som et ekko fra jernet som ble utvinnet fra gruvene. Skyggene skaper romlighet og illusjon av en avstand mellom figur og flate. De to figurene \u2013 som svever vektl\u00f8st over bakken, med tydelige forst\u00f8rrede slagskygger \u2013 p\u00e5minner om en serie med tittelen <em>Gravity<\/em> fra Berlin og verkene p\u00e5 Sam Eyde videreg\u00e5ende skole, hvor vektl\u00f8se figurer svever p\u00e5 ulike bygningskropper. Figurene inntar den urbane arkitekturen med dansende rytmer og flyktige, dynamiske bevegelser. Referansene til gresk mytologi og tegneseriefigurer som Spiderman er \u00e5penbar, da de tilsynelatende lette figurene overskrider den fysiske verdens begrensninger. Med sine stripede fangegensere synes de \u00e5 v\u00e6re flyktet ut av et fengselsopphold, hvor de endelig har funnet friheten blant gruvenes jernskrot og viltvoksende planter.<\/p>\n\n\n\n<p><\/p>","protected":false},"excerpt":{"rendered":"<p>Forlatt arkitektur utgj\u00f8r p\u00e5 mange m\u00e5ter Gjennestads lerret og palett hvor samspillet mellom det han tilf\u00f8rer av figurer og byrommet danner interessante m\u00f8ter. Det v\u00e6re<\/p>","protected":false},"author":5,"featured_media":1849,"parent":649,"menu_order":0,"comment_status":"closed","ping_status":"closed","template":"","meta":{"_acf_changed":false,"footnotes":""},"class_list":["post-1846","page","type-page","status-publish","has-post-thumbnail","hentry"],"acf":[],"yoast_head":"<!-- This site is optimized with the Yoast SEO plugin v27.4 - https:\/\/yoast.com\/product\/yoast-seo-wordpress\/ -->\n<title>Anders Gjennestad \u2013 Uten tittel - Bomuldsfabriken<\/title>\n<meta name=\"robots\" content=\"index, follow, max-snippet:-1, max-image-preview:large, max-video-preview:-1\" \/>\n<link rel=\"canonical\" href=\"https:\/\/bomuldsfabriken.no\/en\/utstillinger\/uten-tittel-gjennestad\/\" \/>\n<meta property=\"og:locale\" content=\"en_GB\" \/>\n<meta property=\"og:type\" content=\"article\" \/>\n<meta property=\"og:title\" content=\"Anders Gjennestad \u2013 Uten tittel - Bomuldsfabriken\" \/>\n<meta property=\"og:description\" content=\"Forlatt arkitektur utgj\u00f8r p\u00e5 mange m\u00e5ter Gjennestads lerret og palett hvor samspillet mellom det han tilf\u00f8rer av figurer og byrommet danner interessante m\u00f8ter. Det v\u00e6re\" \/>\n<meta property=\"og:url\" content=\"https:\/\/bomuldsfabriken.no\/en\/utstillinger\/uten-tittel-gjennestad\/\" \/>\n<meta property=\"og:site_name\" content=\"Bomuldsfabriken\" \/>\n<meta property=\"article:publisher\" content=\"https:\/\/www.facebook.com\/Bomuldsfabriken\/\" \/>\n<meta property=\"article:modified_time\" content=\"2026-04-18T10:57:17+00:00\" \/>\n<meta property=\"og:image\" content=\"https:\/\/bomuldsfabriken.no\/wp-content\/uploads\/2026\/01\/Fra-nettside-gjennestad-IMG_0531_cropped-2000x1250-px.avif\" \/>\n\t<meta property=\"og:image:width\" content=\"2000\" \/>\n\t<meta property=\"og:image:height\" content=\"1250\" \/>\n\t<meta property=\"og:image:type\" content=\"image\/jpeg\" \/>\n<meta name=\"twitter:card\" content=\"summary_large_image\" \/>\n<meta name=\"twitter:site\" content=\"@bomuldsfabriken\" \/>\n<meta name=\"twitter:label1\" content=\"Estimated reading time\" \/>\n\t<meta name=\"twitter:data1\" content=\"2 minutes\" \/>\n<script type=\"application\/ld+json\" class=\"yoast-schema-graph\">{\"@context\":\"https:\\\/\\\/schema.org\",\"@graph\":[{\"@type\":\"WebPage\",\"@id\":\"https:\\\/\\\/bomuldsfabriken.no\\\/utstillinger\\\/uten-tittel-gjennestad\\\/\",\"url\":\"https:\\\/\\\/bomuldsfabriken.no\\\/utstillinger\\\/uten-tittel-gjennestad\\\/\",\"name\":\"Anders Gjennestad \u2013 Uten tittel - Bomuldsfabriken\",\"isPartOf\":{\"@id\":\"https:\\\/\\\/bomuldsfabriken.no\\\/#website\"},\"primaryImageOfPage\":{\"@id\":\"https:\\\/\\\/bomuldsfabriken.no\\\/utstillinger\\\/uten-tittel-gjennestad\\\/#primaryimage\"},\"image\":{\"@id\":\"https:\\\/\\\/bomuldsfabriken.no\\\/utstillinger\\\/uten-tittel-gjennestad\\\/#primaryimage\"},\"thumbnailUrl\":\"https:\\\/\\\/bomuldsfabriken.no\\\/wp-content\\\/uploads\\\/2026\\\/01\\\/Fra-nettside-gjennestad-IMG_0531_cropped-2000x1250-px.avif\",\"datePublished\":\"2026-01-19T10:47:47+00:00\",\"dateModified\":\"2026-04-18T10:57:17+00:00\",\"breadcrumb\":{\"@id\":\"https:\\\/\\\/bomuldsfabriken.no\\\/utstillinger\\\/uten-tittel-gjennestad\\\/#breadcrumb\"},\"inLanguage\":\"en-GB\",\"potentialAction\":[{\"@type\":\"ReadAction\",\"target\":[\"https:\\\/\\\/bomuldsfabriken.no\\\/utstillinger\\\/uten-tittel-gjennestad\\\/\"]}]},{\"@type\":\"ImageObject\",\"inLanguage\":\"en-GB\",\"@id\":\"https:\\\/\\\/bomuldsfabriken.no\\\/utstillinger\\\/uten-tittel-gjennestad\\\/#primaryimage\",\"url\":\"https:\\\/\\\/bomuldsfabriken.no\\\/wp-content\\\/uploads\\\/2026\\\/01\\\/Fra-nettside-gjennestad-IMG_0531_cropped-2000x1250-px.avif\",\"contentUrl\":\"https:\\\/\\\/bomuldsfabriken.no\\\/wp-content\\\/uploads\\\/2026\\\/01\\\/Fra-nettside-gjennestad-IMG_0531_cropped-2000x1250-px.avif\",\"width\":2000,\"height\":1250},{\"@type\":\"BreadcrumbList\",\"@id\":\"https:\\\/\\\/bomuldsfabriken.no\\\/utstillinger\\\/uten-tittel-gjennestad\\\/#breadcrumb\",\"itemListElement\":[{\"@type\":\"ListItem\",\"position\":1,\"name\":\"Home\",\"item\":\"https:\\\/\\\/bomuldsfabriken.no\\\/\"},{\"@type\":\"ListItem\",\"position\":2,\"name\":\"Utstillinger\",\"item\":\"https:\\\/\\\/bomuldsfabriken.no\\\/utstillinger\\\/\"},{\"@type\":\"ListItem\",\"position\":3,\"name\":\"Anders Gjennestad \u2013 Uten tittel\"}]},{\"@type\":\"WebSite\",\"@id\":\"https:\\\/\\\/bomuldsfabriken.no\\\/#website\",\"url\":\"https:\\\/\\\/bomuldsfabriken.no\\\/\",\"name\":\"Bomuldsfabriken\",\"description\":\"Kunsthallen i Arendal \u2013 Bomuldsfabriken\",\"publisher\":{\"@id\":\"https:\\\/\\\/bomuldsfabriken.no\\\/#organization\"},\"potentialAction\":[{\"@type\":\"SearchAction\",\"target\":{\"@type\":\"EntryPoint\",\"urlTemplate\":\"https:\\\/\\\/bomuldsfabriken.no\\\/?s={search_term_string}\"},\"query-input\":{\"@type\":\"PropertyValueSpecification\",\"valueRequired\":true,\"valueName\":\"search_term_string\"}}],\"inLanguage\":\"en-GB\"},{\"@type\":\"Organization\",\"@id\":\"https:\\\/\\\/bomuldsfabriken.no\\\/#organization\",\"name\":\"Bomuldsfabriken\",\"url\":\"https:\\\/\\\/bomuldsfabriken.no\\\/\",\"logo\":{\"@type\":\"ImageObject\",\"inLanguage\":\"en-GB\",\"@id\":\"https:\\\/\\\/bomuldsfabriken.no\\\/#\\\/schema\\\/logo\\\/image\\\/\",\"url\":\"https:\\\/\\\/bomuldsfabriken.no\\\/wp-content\\\/uploads\\\/2025\\\/06\\\/bomlog.svg\",\"contentUrl\":\"https:\\\/\\\/bomuldsfabriken.no\\\/wp-content\\\/uploads\\\/2025\\\/06\\\/bomlog.svg\",\"caption\":\"Bomuldsfabriken\"},\"image\":{\"@id\":\"https:\\\/\\\/bomuldsfabriken.no\\\/#\\\/schema\\\/logo\\\/image\\\/\"},\"sameAs\":[\"https:\\\/\\\/www.facebook.com\\\/Bomuldsfabriken\\\/\",\"https:\\\/\\\/x.com\\\/bomuldsfabriken\",\"https:\\\/\\\/www.instagram.com\\\/bomuldsfabriken\"]}]}<\/script>\n<!-- \/ Yoast SEO plugin. -->","yoast_head_json":{"title":"Anders Gjennestad \u2013 Uten tittel - Bomuldsfabriken","robots":{"index":"index","follow":"follow","max-snippet":"max-snippet:-1","max-image-preview":"max-image-preview:large","max-video-preview":"max-video-preview:-1"},"canonical":"https:\/\/bomuldsfabriken.no\/en\/utstillinger\/uten-tittel-gjennestad\/","og_locale":"en_GB","og_type":"article","og_title":"Anders Gjennestad \u2013 Uten tittel - Bomuldsfabriken","og_description":"Forlatt arkitektur utgj\u00f8r p\u00e5 mange m\u00e5ter Gjennestads lerret og palett hvor samspillet mellom det han tilf\u00f8rer av figurer og byrommet danner interessante m\u00f8ter. Det v\u00e6re","og_url":"https:\/\/bomuldsfabriken.no\/en\/utstillinger\/uten-tittel-gjennestad\/","og_site_name":"Bomuldsfabriken","article_publisher":"https:\/\/www.facebook.com\/Bomuldsfabriken\/","article_modified_time":"2026-04-18T10:57:17+00:00","og_image":[{"width":2000,"height":1250,"url":"https:\/\/bomuldsfabriken.no\/wp-content\/uploads\/2026\/01\/Fra-nettside-gjennestad-IMG_0531_cropped-2000x1250-px.avif","type":"image\/jpeg"}],"twitter_card":"summary_large_image","twitter_site":"@bomuldsfabriken","twitter_misc":{"Estimated reading time":"2 minutes"},"schema":{"@context":"https:\/\/schema.org","@graph":[{"@type":"WebPage","@id":"https:\/\/bomuldsfabriken.no\/utstillinger\/uten-tittel-gjennestad\/","url":"https:\/\/bomuldsfabriken.no\/utstillinger\/uten-tittel-gjennestad\/","name":"Anders Gjennestad \u2013 Uten tittel - Bomuldsfabriken","isPartOf":{"@id":"https:\/\/bomuldsfabriken.no\/#website"},"primaryImageOfPage":{"@id":"https:\/\/bomuldsfabriken.no\/utstillinger\/uten-tittel-gjennestad\/#primaryimage"},"image":{"@id":"https:\/\/bomuldsfabriken.no\/utstillinger\/uten-tittel-gjennestad\/#primaryimage"},"thumbnailUrl":"https:\/\/bomuldsfabriken.no\/wp-content\/uploads\/2026\/01\/Fra-nettside-gjennestad-IMG_0531_cropped-2000x1250-px.avif","datePublished":"2026-01-19T10:47:47+00:00","dateModified":"2026-04-18T10:57:17+00:00","breadcrumb":{"@id":"https:\/\/bomuldsfabriken.no\/utstillinger\/uten-tittel-gjennestad\/#breadcrumb"},"inLanguage":"en-GB","potentialAction":[{"@type":"ReadAction","target":["https:\/\/bomuldsfabriken.no\/utstillinger\/uten-tittel-gjennestad\/"]}]},{"@type":"ImageObject","inLanguage":"en-GB","@id":"https:\/\/bomuldsfabriken.no\/utstillinger\/uten-tittel-gjennestad\/#primaryimage","url":"https:\/\/bomuldsfabriken.no\/wp-content\/uploads\/2026\/01\/Fra-nettside-gjennestad-IMG_0531_cropped-2000x1250-px.avif","contentUrl":"https:\/\/bomuldsfabriken.no\/wp-content\/uploads\/2026\/01\/Fra-nettside-gjennestad-IMG_0531_cropped-2000x1250-px.avif","width":2000,"height":1250},{"@type":"BreadcrumbList","@id":"https:\/\/bomuldsfabriken.no\/utstillinger\/uten-tittel-gjennestad\/#breadcrumb","itemListElement":[{"@type":"ListItem","position":1,"name":"Home","item":"https:\/\/bomuldsfabriken.no\/"},{"@type":"ListItem","position":2,"name":"Utstillinger","item":"https:\/\/bomuldsfabriken.no\/utstillinger\/"},{"@type":"ListItem","position":3,"name":"Anders Gjennestad \u2013 Uten tittel"}]},{"@type":"WebSite","@id":"https:\/\/bomuldsfabriken.no\/#website","url":"https:\/\/bomuldsfabriken.no\/","name":"Bomuldsfabriken","description":"Kunsthallen i Arendal \u2013 Bomuldsfabriken","publisher":{"@id":"https:\/\/bomuldsfabriken.no\/#organization"},"potentialAction":[{"@type":"SearchAction","target":{"@type":"EntryPoint","urlTemplate":"https:\/\/bomuldsfabriken.no\/?s={search_term_string}"},"query-input":{"@type":"PropertyValueSpecification","valueRequired":true,"valueName":"search_term_string"}}],"inLanguage":"en-GB"},{"@type":"Organization","@id":"https:\/\/bomuldsfabriken.no\/#organization","name":"Bomuldsfabriken","url":"https:\/\/bomuldsfabriken.no\/","logo":{"@type":"ImageObject","inLanguage":"en-GB","@id":"https:\/\/bomuldsfabriken.no\/#\/schema\/logo\/image\/","url":"https:\/\/bomuldsfabriken.no\/wp-content\/uploads\/2025\/06\/bomlog.svg","contentUrl":"https:\/\/bomuldsfabriken.no\/wp-content\/uploads\/2025\/06\/bomlog.svg","caption":"Bomuldsfabriken"},"image":{"@id":"https:\/\/bomuldsfabriken.no\/#\/schema\/logo\/image\/"},"sameAs":["https:\/\/www.facebook.com\/Bomuldsfabriken\/","https:\/\/x.com\/bomuldsfabriken","https:\/\/www.instagram.com\/bomuldsfabriken"]}]}},"_links":{"self":[{"href":"https:\/\/bomuldsfabriken.no\/en\/wp-json\/wp\/v2\/pages\/1846","targetHints":{"allow":["GET"]}}],"collection":[{"href":"https:\/\/bomuldsfabriken.no\/en\/wp-json\/wp\/v2\/pages"}],"about":[{"href":"https:\/\/bomuldsfabriken.no\/en\/wp-json\/wp\/v2\/types\/page"}],"author":[{"embeddable":true,"href":"https:\/\/bomuldsfabriken.no\/en\/wp-json\/wp\/v2\/users\/5"}],"replies":[{"embeddable":true,"href":"https:\/\/bomuldsfabriken.no\/en\/wp-json\/wp\/v2\/comments?post=1846"}],"version-history":[{"count":2,"href":"https:\/\/bomuldsfabriken.no\/en\/wp-json\/wp\/v2\/pages\/1846\/revisions"}],"predecessor-version":[{"id":2378,"href":"https:\/\/bomuldsfabriken.no\/en\/wp-json\/wp\/v2\/pages\/1846\/revisions\/2378"}],"up":[{"embeddable":true,"href":"https:\/\/bomuldsfabriken.no\/en\/wp-json\/wp\/v2\/pages\/649"}],"wp:featuredmedia":[{"embeddable":true,"href":"https:\/\/bomuldsfabriken.no\/en\/wp-json\/wp\/v2\/media\/1849"}],"wp:attachment":[{"href":"https:\/\/bomuldsfabriken.no\/en\/wp-json\/wp\/v2\/media?parent=1846"}],"curies":[{"name":"wp","href":"https:\/\/api.w.org\/{rel}","templated":true}]}}