{"id":1867,"date":"2026-01-19T11:25:02","date_gmt":"2026-01-19T11:25:02","guid":{"rendered":"https:\/\/bomuldsfabriken.staging.frameworks.no\/?page_id=1867"},"modified":"2026-04-18T10:51:55","modified_gmt":"2026-04-18T10:51:55","slug":"mr-walker","status":"publish","type":"page","link":"https:\/\/bomuldsfabriken.no\/en\/mr-walker\/","title":{"rendered":"Jan H\u00e5fstr\u00f6m \u2013 Mr. Walker"},"content":{"rendered":"<div id=\"paragraph--block_abcdbd8e829bad255ac3eae380bc9035\" class=\"root-level-block paragraph\">\r\n    \r\n    <div class=\"container grid-3-6-3\">\r\n\r\n                    <h3 class=\"dot\">Mr. Walker \u2013 Jan H\u00e5fstr\u00f6m<\/h3>\r\n        \r\n                    <div class=\"wysiwyg\">\r\n                <p><strong>\u00c5r:<\/strong> 2019<br \/>\n<strong>Materiale:<\/strong> Aluminium (30 mm)<br \/>\n<strong>Teknikk\/medie:<\/strong> H\u00e5ndmalt<br \/>\n<strong>St\u00f8rrelse:<\/strong> H: 4 m<\/p>\n<p><strong>Jan H\u00e5fstr\u00f6m<\/strong> (f. 1937, Vallentuna, Sverige) er en av Sveriges ledende kunstnere, og har siden 1966 hatt en lang rekke utstillinger b\u00e5de i hjemlandet og internasjonalt. Han er utdannet i filosofi og kunsthistorie fra Lunds universitet og ved Kungliga K\u00f6nsth\u00f8gskolan i Stockholm. H\u00e5fstr\u00f6m arbeider med figurativt og abstrakt maleri, skulptur og installasjoner. Han har utf\u00f8rt flere filmer og har arbeidet som kunstkritiker. Mange av H\u00e5fstr\u00f6ms verk er n\u00e6rt knyttet til historie, litteratur og minner fra forskjellige b\u00f8ker som har hatt stor betydning for ham. I tillegg til Fantomet\/Mr. Walker, kan man gjenkjenne elementer fra maleriet <em>D\u00f8dens \u00f8y<\/em> av Arnold B\u00f6cklin, og b\u00f8ker som <em>Robinson Crusoe<\/em> av Daniel Defoe, <em>Den hemmelighetsfulle \u00f8ya<\/em> av Jules Verne og <em>M\u00f8rkets hjerte<\/em> av Joseph Conrad.<\/p>\n            <\/div>\r\n        \r\n    <\/div>\r\n\r\n<\/div>\r\n\n\n\r\n<div class=\"container\">\r\n\r\n    <div id=\"gallery--block_0ff1380932663c3f429fdb07d41b25a8\" class=\"root-level-block gallery\">\r\n\r\n    \r\n            <div class=\"acf-gallery-grid\">\r\n                            <figure class=\"lightbox-trigger\">\r\n                    <div>\r\n                        <img decoding=\"async\" src=\"https:\/\/bomuldsfabriken.no\/wp-content\/uploads\/2026\/01\/IMG_9237-Walker-2000x1250-px.avif\" alt=\"\" style=\"width:100%; display:block;\">\r\n                    <\/div>\r\n                                    <\/figure>\r\n                            <figure class=\"lightbox-trigger\">\r\n                    <div>\r\n                        <img decoding=\"async\" src=\"https:\/\/bomuldsfabriken.no\/wp-content\/uploads\/2026\/01\/IMG_9239-Walker-2000x1250-px.avif\" alt=\"\" style=\"width:100%; display:block;\">\r\n                    <\/div>\r\n                                    <\/figure>\r\n                            <figure class=\"lightbox-trigger\">\r\n                    <div>\r\n                        <img decoding=\"async\" src=\"https:\/\/bomuldsfabriken.no\/wp-content\/uploads\/2026\/01\/IMG_9234-Walker-2000x1250-px.avif\" alt=\"\" style=\"width:100%; display:block;\">\r\n                    <\/div>\r\n                                    <\/figure>\r\n                            <figure class=\"lightbox-trigger\">\r\n                    <div>\r\n                        <img decoding=\"async\" src=\"https:\/\/bomuldsfabriken.no\/wp-content\/uploads\/2026\/01\/IMG_9235-Walker-2000x1250-px.avif\" alt=\"\" style=\"width:100%; display:block;\">\r\n                    <\/div>\r\n                                    <\/figure>\r\n                    <\/div>\r\n    \r\n    <\/div>\r\n\r\n<\/div>\r\n\n\n\n<p>Appropriasjon er en kunstnerisk praksis som g\u00e5r ut p\u00e5 at en kunstner med bevisst vilje og intensjon l\u00e5ner og bruker andres id\u00e9er og motiver. H\u00e5fstr\u00f6m begynte sitt kunstnerskap p\u00e5 1960-tallet med en appropriasjon fra tegneserier og andre emblemer fra popul\u00e6rkulturen, inspirert av den gryende popkunsten. H\u00e5fstr\u00f6ms verden er fylt av referanser til figurer og symboler fra historien, litteraturen, kunsthistorien og popul\u00e6rkulturen, ofte med en orientering mot originalen og det universelle.<\/p>\n\n\n\n<p>En sentral figur i H\u00e5fstr\u00f6ms kunstnerskap er blant annet Mr. Walker, kjent som aliaset til tegneseriefiguren Fantomet. Nettopp dette, at det er den anonymiserte og utiln\u00e6rmelige Mr. Walker som trekkes frem, er typisk for den mystikken og f\u00f8lelsen av skjulte historier man kan oppleve i m\u00f8te med verkene. Et annet tilbakevendende tema i kunstnerens billedverden er hodeskaller, mumier og sarkofager. Deres fargerike og tydelige fremstilling har en dystopisk klangbunn, noe som kom tydelig til utrykk i utstillingen <em>M\u00f8rkets hjerte<\/em>, vist p\u00e5 Liljevalchs k\u00f6nsthall i 2009. Et av utstillingens gjennomg\u00e5ende temaer var; \u00abden evige tilbakekomsten\u00bb. Her var det en montasje med avbildninger av Mr. Walker best\u00e5ende av om lag \u00e5tti deler, som ogs\u00e5 ble vist p\u00e5 Veneziabiennalen. H\u00e5fstr\u00f6m fremviste soldater, kvinner, bestanddeler fra egyptiske gravkammer, dyr og v\u00e5pen som spilte p\u00e5 kollektive minner fra Vestens kulturhistorie. Man kan si at det hele er som en reise inn i m\u00f8rket av Vestens koloniale fortid.<\/p>\n\n\n\n<p>H\u00e5fstr\u00f6m satte sitt preg p\u00e5 bybildet i b\u00e5de Stockholm og Paris med en stor skulptur av Mr. Walker, som ogs\u00e5 Bomuldsfabriken Kunsthall har ervervet seg i Kunstarena gruvene og som har f\u00e5tt en plassering ved parkeringsplassen. Mr. Walker var den f\u00f8rste til avlegge \u00abHodeskalleeden\u00bb, der han lover \u00e5 bekjempe sj\u00f8r\u00f8veri, urett og grusomhet. Det var hans s\u00f8nn som f\u00f8rst kalte seg Fantomet, og som bor i en hodeskallegrotte i de dype skoger, n\u00e6r det afrikanske fantasilandet Bangalla (tidligere Bengal). N\u00e5r Fantomet ferdes i urbane str\u00f8k, har han p\u00e5 seg trenchcoat, solbriller og hatt. Det er nettopp denne skikkelsen som er fanget i skulpturen som tar sats i spranget fra eller til Kunstarena gruvene. Skulpturen er utf\u00f8rt i malt metall og er enkel i sin konstruksjon, med to silhuettskiver som er sl\u00e5tt sammen. Dette skaper en dynamikk mellom objekt og rom, det tre- og todimensjonale. Plasseringen spiller p\u00e5 fantasien rundt et mulig hjemsted eller gjemmested i gruvene.<\/p>\n\n\n\n<p>Han har representert Sverige p\u00e5 Veneziabiennalen fire ganger, mottatt en rekke priser og utmerkelser, blant annet Carnegie Art Award i 2001. Han er representert blant annet p\u00e5 Moderna Museet og Nasjonalmuseet i Stockholm, Kunstmuseet i G\u00f6teborg og Astrup Fearnley museet. <\/p>\n\n\n\n<p><\/p>","protected":false},"excerpt":{"rendered":"<p>Appropriasjon er en kunstnerisk praksis som g\u00e5r ut p\u00e5 at en kunstner med bevisst vilje og intensjon l\u00e5ner og bruker andres id\u00e9er og motiver. H\u00e5fstr\u00f6m<\/p>","protected":false},"author":5,"featured_media":1869,"parent":0,"menu_order":0,"comment_status":"closed","ping_status":"closed","template":"","meta":{"_acf_changed":false,"footnotes":""},"class_list":["post-1867","page","type-page","status-publish","has-post-thumbnail","hentry"],"acf":[],"yoast_head":"<!-- This site is optimized with the Yoast SEO plugin v27.4 - https:\/\/yoast.com\/product\/yoast-seo-wordpress\/ -->\n<title>Jan H\u00e5fstr\u00f6m \u2013 Mr. Walker - Bomuldsfabriken<\/title>\n<meta name=\"robots\" content=\"index, follow, max-snippet:-1, max-image-preview:large, max-video-preview:-1\" \/>\n<link rel=\"canonical\" href=\"https:\/\/bomuldsfabriken.no\/en\/mr-walker\/\" \/>\n<meta property=\"og:locale\" content=\"en_GB\" \/>\n<meta property=\"og:type\" content=\"article\" \/>\n<meta property=\"og:title\" content=\"Jan H\u00e5fstr\u00f6m \u2013 Mr. Walker - Bomuldsfabriken\" \/>\n<meta property=\"og:description\" content=\"Appropriasjon er en kunstnerisk praksis som g\u00e5r ut p\u00e5 at en kunstner med bevisst vilje og intensjon l\u00e5ner og bruker andres id\u00e9er og motiver. H\u00e5fstr\u00f6m\" \/>\n<meta property=\"og:url\" content=\"https:\/\/bomuldsfabriken.no\/en\/mr-walker\/\" \/>\n<meta property=\"og:site_name\" content=\"Bomuldsfabriken\" \/>\n<meta property=\"article:publisher\" content=\"https:\/\/www.facebook.com\/Bomuldsfabriken\/\" \/>\n<meta property=\"article:modified_time\" content=\"2026-04-18T10:51:55+00:00\" \/>\n<meta property=\"og:image\" content=\"https:\/\/bomuldsfabriken.no\/wp-content\/uploads\/2026\/01\/IMG_9238-Walker-2000x1250-px.avif\" \/>\n\t<meta property=\"og:image:width\" content=\"2000\" \/>\n\t<meta property=\"og:image:height\" content=\"1250\" \/>\n\t<meta property=\"og:image:type\" content=\"image\/jpeg\" \/>\n<meta name=\"twitter:card\" content=\"summary_large_image\" \/>\n<meta name=\"twitter:site\" content=\"@bomuldsfabriken\" \/>\n<meta name=\"twitter:label1\" content=\"Estimated reading time\" \/>\n\t<meta name=\"twitter:data1\" content=\"3 minutes\" \/>\n<script type=\"application\/ld+json\" class=\"yoast-schema-graph\">{\"@context\":\"https:\\\/\\\/schema.org\",\"@graph\":[{\"@type\":\"WebPage\",\"@id\":\"https:\\\/\\\/bomuldsfabriken.no\\\/mr-walker\\\/\",\"url\":\"https:\\\/\\\/bomuldsfabriken.no\\\/mr-walker\\\/\",\"name\":\"Jan H\u00e5fstr\u00f6m \u2013 Mr. Walker - Bomuldsfabriken\",\"isPartOf\":{\"@id\":\"https:\\\/\\\/bomuldsfabriken.no\\\/#website\"},\"primaryImageOfPage\":{\"@id\":\"https:\\\/\\\/bomuldsfabriken.no\\\/mr-walker\\\/#primaryimage\"},\"image\":{\"@id\":\"https:\\\/\\\/bomuldsfabriken.no\\\/mr-walker\\\/#primaryimage\"},\"thumbnailUrl\":\"https:\\\/\\\/bomuldsfabriken.no\\\/wp-content\\\/uploads\\\/2026\\\/01\\\/IMG_9238-Walker-2000x1250-px.avif\",\"datePublished\":\"2026-01-19T11:25:02+00:00\",\"dateModified\":\"2026-04-18T10:51:55+00:00\",\"breadcrumb\":{\"@id\":\"https:\\\/\\\/bomuldsfabriken.no\\\/mr-walker\\\/#breadcrumb\"},\"inLanguage\":\"en-GB\",\"potentialAction\":[{\"@type\":\"ReadAction\",\"target\":[\"https:\\\/\\\/bomuldsfabriken.no\\\/mr-walker\\\/\"]}]},{\"@type\":\"ImageObject\",\"inLanguage\":\"en-GB\",\"@id\":\"https:\\\/\\\/bomuldsfabriken.no\\\/mr-walker\\\/#primaryimage\",\"url\":\"https:\\\/\\\/bomuldsfabriken.no\\\/wp-content\\\/uploads\\\/2026\\\/01\\\/IMG_9238-Walker-2000x1250-px.avif\",\"contentUrl\":\"https:\\\/\\\/bomuldsfabriken.no\\\/wp-content\\\/uploads\\\/2026\\\/01\\\/IMG_9238-Walker-2000x1250-px.avif\",\"width\":2000,\"height\":1250},{\"@type\":\"BreadcrumbList\",\"@id\":\"https:\\\/\\\/bomuldsfabriken.no\\\/mr-walker\\\/#breadcrumb\",\"itemListElement\":[{\"@type\":\"ListItem\",\"position\":1,\"name\":\"Home\",\"item\":\"https:\\\/\\\/bomuldsfabriken.no\\\/\"},{\"@type\":\"ListItem\",\"position\":2,\"name\":\"Jan H\u00e5fstr\u00f6m \u2013 Mr. Walker\"}]},{\"@type\":\"WebSite\",\"@id\":\"https:\\\/\\\/bomuldsfabriken.no\\\/#website\",\"url\":\"https:\\\/\\\/bomuldsfabriken.no\\\/\",\"name\":\"Bomuldsfabriken\",\"description\":\"Kunsthallen i Arendal \u2013 Bomuldsfabriken\",\"publisher\":{\"@id\":\"https:\\\/\\\/bomuldsfabriken.no\\\/#organization\"},\"potentialAction\":[{\"@type\":\"SearchAction\",\"target\":{\"@type\":\"EntryPoint\",\"urlTemplate\":\"https:\\\/\\\/bomuldsfabriken.no\\\/?s={search_term_string}\"},\"query-input\":{\"@type\":\"PropertyValueSpecification\",\"valueRequired\":true,\"valueName\":\"search_term_string\"}}],\"inLanguage\":\"en-GB\"},{\"@type\":\"Organization\",\"@id\":\"https:\\\/\\\/bomuldsfabriken.no\\\/#organization\",\"name\":\"Bomuldsfabriken\",\"url\":\"https:\\\/\\\/bomuldsfabriken.no\\\/\",\"logo\":{\"@type\":\"ImageObject\",\"inLanguage\":\"en-GB\",\"@id\":\"https:\\\/\\\/bomuldsfabriken.no\\\/#\\\/schema\\\/logo\\\/image\\\/\",\"url\":\"https:\\\/\\\/bomuldsfabriken.no\\\/wp-content\\\/uploads\\\/2025\\\/06\\\/bomlog.svg\",\"contentUrl\":\"https:\\\/\\\/bomuldsfabriken.no\\\/wp-content\\\/uploads\\\/2025\\\/06\\\/bomlog.svg\",\"caption\":\"Bomuldsfabriken\"},\"image\":{\"@id\":\"https:\\\/\\\/bomuldsfabriken.no\\\/#\\\/schema\\\/logo\\\/image\\\/\"},\"sameAs\":[\"https:\\\/\\\/www.facebook.com\\\/Bomuldsfabriken\\\/\",\"https:\\\/\\\/x.com\\\/bomuldsfabriken\",\"https:\\\/\\\/www.instagram.com\\\/bomuldsfabriken\"]}]}<\/script>\n<!-- \/ Yoast SEO plugin. -->","yoast_head_json":{"title":"Jan H\u00e5fstr\u00f6m \u2013 Mr. Walker - Bomuldsfabriken","robots":{"index":"index","follow":"follow","max-snippet":"max-snippet:-1","max-image-preview":"max-image-preview:large","max-video-preview":"max-video-preview:-1"},"canonical":"https:\/\/bomuldsfabriken.no\/en\/mr-walker\/","og_locale":"en_GB","og_type":"article","og_title":"Jan H\u00e5fstr\u00f6m \u2013 Mr. Walker - Bomuldsfabriken","og_description":"Appropriasjon er en kunstnerisk praksis som g\u00e5r ut p\u00e5 at en kunstner med bevisst vilje og intensjon l\u00e5ner og bruker andres id\u00e9er og motiver. H\u00e5fstr\u00f6m","og_url":"https:\/\/bomuldsfabriken.no\/en\/mr-walker\/","og_site_name":"Bomuldsfabriken","article_publisher":"https:\/\/www.facebook.com\/Bomuldsfabriken\/","article_modified_time":"2026-04-18T10:51:55+00:00","og_image":[{"width":2000,"height":1250,"url":"https:\/\/bomuldsfabriken.no\/wp-content\/uploads\/2026\/01\/IMG_9238-Walker-2000x1250-px.avif","type":"image\/jpeg"}],"twitter_card":"summary_large_image","twitter_site":"@bomuldsfabriken","twitter_misc":{"Estimated reading time":"3 minutes"},"schema":{"@context":"https:\/\/schema.org","@graph":[{"@type":"WebPage","@id":"https:\/\/bomuldsfabriken.no\/mr-walker\/","url":"https:\/\/bomuldsfabriken.no\/mr-walker\/","name":"Jan H\u00e5fstr\u00f6m \u2013 Mr. Walker - Bomuldsfabriken","isPartOf":{"@id":"https:\/\/bomuldsfabriken.no\/#website"},"primaryImageOfPage":{"@id":"https:\/\/bomuldsfabriken.no\/mr-walker\/#primaryimage"},"image":{"@id":"https:\/\/bomuldsfabriken.no\/mr-walker\/#primaryimage"},"thumbnailUrl":"https:\/\/bomuldsfabriken.no\/wp-content\/uploads\/2026\/01\/IMG_9238-Walker-2000x1250-px.avif","datePublished":"2026-01-19T11:25:02+00:00","dateModified":"2026-04-18T10:51:55+00:00","breadcrumb":{"@id":"https:\/\/bomuldsfabriken.no\/mr-walker\/#breadcrumb"},"inLanguage":"en-GB","potentialAction":[{"@type":"ReadAction","target":["https:\/\/bomuldsfabriken.no\/mr-walker\/"]}]},{"@type":"ImageObject","inLanguage":"en-GB","@id":"https:\/\/bomuldsfabriken.no\/mr-walker\/#primaryimage","url":"https:\/\/bomuldsfabriken.no\/wp-content\/uploads\/2026\/01\/IMG_9238-Walker-2000x1250-px.avif","contentUrl":"https:\/\/bomuldsfabriken.no\/wp-content\/uploads\/2026\/01\/IMG_9238-Walker-2000x1250-px.avif","width":2000,"height":1250},{"@type":"BreadcrumbList","@id":"https:\/\/bomuldsfabriken.no\/mr-walker\/#breadcrumb","itemListElement":[{"@type":"ListItem","position":1,"name":"Home","item":"https:\/\/bomuldsfabriken.no\/"},{"@type":"ListItem","position":2,"name":"Jan H\u00e5fstr\u00f6m \u2013 Mr. Walker"}]},{"@type":"WebSite","@id":"https:\/\/bomuldsfabriken.no\/#website","url":"https:\/\/bomuldsfabriken.no\/","name":"Bomuldsfabriken","description":"Kunsthallen i Arendal \u2013 Bomuldsfabriken","publisher":{"@id":"https:\/\/bomuldsfabriken.no\/#organization"},"potentialAction":[{"@type":"SearchAction","target":{"@type":"EntryPoint","urlTemplate":"https:\/\/bomuldsfabriken.no\/?s={search_term_string}"},"query-input":{"@type":"PropertyValueSpecification","valueRequired":true,"valueName":"search_term_string"}}],"inLanguage":"en-GB"},{"@type":"Organization","@id":"https:\/\/bomuldsfabriken.no\/#organization","name":"Bomuldsfabriken","url":"https:\/\/bomuldsfabriken.no\/","logo":{"@type":"ImageObject","inLanguage":"en-GB","@id":"https:\/\/bomuldsfabriken.no\/#\/schema\/logo\/image\/","url":"https:\/\/bomuldsfabriken.no\/wp-content\/uploads\/2025\/06\/bomlog.svg","contentUrl":"https:\/\/bomuldsfabriken.no\/wp-content\/uploads\/2025\/06\/bomlog.svg","caption":"Bomuldsfabriken"},"image":{"@id":"https:\/\/bomuldsfabriken.no\/#\/schema\/logo\/image\/"},"sameAs":["https:\/\/www.facebook.com\/Bomuldsfabriken\/","https:\/\/x.com\/bomuldsfabriken","https:\/\/www.instagram.com\/bomuldsfabriken"]}]}},"_links":{"self":[{"href":"https:\/\/bomuldsfabriken.no\/en\/wp-json\/wp\/v2\/pages\/1867","targetHints":{"allow":["GET"]}}],"collection":[{"href":"https:\/\/bomuldsfabriken.no\/en\/wp-json\/wp\/v2\/pages"}],"about":[{"href":"https:\/\/bomuldsfabriken.no\/en\/wp-json\/wp\/v2\/types\/page"}],"author":[{"embeddable":true,"href":"https:\/\/bomuldsfabriken.no\/en\/wp-json\/wp\/v2\/users\/5"}],"replies":[{"embeddable":true,"href":"https:\/\/bomuldsfabriken.no\/en\/wp-json\/wp\/v2\/comments?post=1867"}],"version-history":[{"count":3,"href":"https:\/\/bomuldsfabriken.no\/en\/wp-json\/wp\/v2\/pages\/1867\/revisions"}],"predecessor-version":[{"id":2376,"href":"https:\/\/bomuldsfabriken.no\/en\/wp-json\/wp\/v2\/pages\/1867\/revisions\/2376"}],"wp:featuredmedia":[{"embeddable":true,"href":"https:\/\/bomuldsfabriken.no\/en\/wp-json\/wp\/v2\/media\/1869"}],"wp:attachment":[{"href":"https:\/\/bomuldsfabriken.no\/en\/wp-json\/wp\/v2\/media?parent=1867"}],"curies":[{"name":"wp","href":"https:\/\/api.w.org\/{rel}","templated":true}]}}