{"id":1932,"date":"2026-01-20T11:46:07","date_gmt":"2026-01-20T11:46:07","guid":{"rendered":"https:\/\/bomuldsfabriken.staging.frameworks.no\/?page_id=1932"},"modified":"2026-01-23T10:49:30","modified_gmt":"2026-01-23T10:49:30","slug":"formal-og-visjon","status":"publish","type":"page","link":"https:\/\/bomuldsfabriken.no\/en\/om-oss\/formal-og-visjon\/","title":{"rendered":"Form\u00e5l og visjon"},"content":{"rendered":"<div id=\"paragraph--block_c9971cee399026f2a4f7c9ac3a2f49c8\" class=\"root-level-block paragraph\">\r\n    \r\n    <div class=\"container grid-3-6-3\">\r\n\r\n        \r\n                    <div class=\"wysiwyg\">\r\n                <p>Bomuldsfabriken Kunsthall har samtidskunsten som hovedsatsingsomr\u00e5de. Vi skal skape, formidle og gi opplevelse. Institusjonen er en m\u00f8teplass hvor publikum kan f\u00e5 oppleve det beste og mest aktuelle som skjer i samtidskunsten.<\/p>\n<p>Bomuldsfabriken Kunsthall har markert seg ved solide produksjoner, h\u00f8y utstillingskvalitet og en klar profil som visningssted. Vi satser b\u00e5de p\u00e5 egenproduserte utstillinger og utstillinger i samarbeid med andre institusjoner og er et viktig bidrag til et ikke-kommersielt formidlingstilbud i regionen.<\/p>\n<p>V\u00e5re egenproduserte utstillinger nyter stor anerkjennelse, dette gjenspeiler seg i bes\u00f8kstall, offentlige innkj\u00f8p, henvendelse fra institusjoner om samarbeid, omtale i fagtidsskrifter og i pressen. Ved siden av S\u00f8rlandets Kunstmuseum er Bomuldsfabriken Kunsthall det eneste visningsstedet p\u00e5 Agder som f\u00e5r statstilskudd til driften. Dette tilskuddet ble f\u00f8rste gang bevilget i 1998.<\/p>\n<p>Bomuldsfabriken Kunsthall vekker interesse langt utover fylkets grenser. Vi har en voksende nasjonal anseelse. Dette avspeiles blant annet i det faktum at Bomuldsfabriken Kunsthall er etterspurt som utstillingslokale av det nasjonale, profesjonelle kunstmilj\u00f8et, til tross for plasseringen i en region relativt langt unna de st\u00f8rre kulturelle sentra. Ledende norske kunstnere, kuratorer, kritikere, kunsthistorikere og kulturpolitikere har i flere sammenhenger fremhevet kunsthallens kvaliteter. Vi opps\u00f8kes av fagfolk med ulik kunstfaglig bakgrunn samt representanter fra andre velrenommerte kunstinstitusjoner som \u00f8nsker \u00e5 se n\u00e6rmere p\u00e5 v\u00e5r institusjon.<\/p>\n<p><em>Bilde: To viktige bidragsytere i etableringen og fundamenteringen av Bomuldsfabriken Kunsthall som en nasjonalt anerkjent kunstinstitusjon \u2013 Leonard Rickhard (1945\u20132024) og Harald Solberg (1954\u20132020)<\/em><\/p>\n            <\/div>\r\n        \r\n    <\/div>\r\n\r\n<\/div>\r\n\n\n\r\n<div id=\"links--block_e4ef3093f2a877976659c76fd481bfc6\" class=\"root-level-block links\">\r\n    <div class=\"container grid-3-6-3\">\r\n    \r\n                    <ul class=\"micro-navigation\">\r\n                                                            <li>\r\n                            <a href=\"\/en\/om-oss\/\">\r\n                                Om Bomuldsfabriken                            <\/a>\r\n                        <\/li>\r\n                                                                                <li>\r\n                            <a href=\"\/en\/om-oss\/kontakt-oss\/\">\r\n                                Kontakt oss                            <\/a>\r\n                        <\/li>\r\n                                                <\/ul>\r\n        \r\n    <\/div>\r\n\r\n<\/div>\r\n\n\n\n<p><\/p>","protected":false},"excerpt":{"rendered":"","protected":false},"author":2,"featured_media":2132,"parent":716,"menu_order":0,"comment_status":"closed","ping_status":"closed","template":"","meta":{"_acf_changed":false,"footnotes":""},"class_list":["post-1932","page","type-page","status-publish","has-post-thumbnail","hentry"],"acf":[],"yoast_head":"<!-- This site is optimized with the Yoast SEO plugin v27.4 - https:\/\/yoast.com\/product\/yoast-seo-wordpress\/ -->\n<title>Form\u00e5l og visjon - Bomuldsfabriken<\/title>\n<meta name=\"robots\" content=\"index, follow, max-snippet:-1, max-image-preview:large, max-video-preview:-1\" \/>\n<link rel=\"canonical\" href=\"https:\/\/bomuldsfabriken.no\/en\/om-oss\/formal-og-visjon\/\" \/>\n<meta property=\"og:locale\" content=\"en_GB\" \/>\n<meta property=\"og:type\" content=\"article\" \/>\n<meta property=\"og:title\" content=\"Form\u00e5l og visjon - Bomuldsfabriken\" \/>\n<meta property=\"og:url\" content=\"https:\/\/bomuldsfabriken.no\/en\/om-oss\/formal-og-visjon\/\" \/>\n<meta property=\"og:site_name\" content=\"Bomuldsfabriken\" \/>\n<meta property=\"article:publisher\" content=\"https:\/\/www.facebook.com\/Bomuldsfabriken\/\" \/>\n<meta property=\"article:modified_time\" content=\"2026-01-23T10:49:30+00:00\" \/>\n<meta property=\"og:image\" content=\"https:\/\/bomuldsfabriken.no\/wp-content\/uploads\/2026\/01\/Formal-og-visjon-Rickhard-og-Solberg-1920x1080-1.avif\" \/>\n\t<meta property=\"og:image:width\" content=\"1920\" \/>\n\t<meta property=\"og:image:height\" content=\"1080\" \/>\n\t<meta property=\"og:image:type\" content=\"image\/jpeg\" \/>\n<meta name=\"twitter:card\" content=\"summary_large_image\" \/>\n<meta name=\"twitter:site\" content=\"@bomuldsfabriken\" \/>\n<script type=\"application\/ld+json\" class=\"yoast-schema-graph\">{\"@context\":\"https:\\\/\\\/schema.org\",\"@graph\":[{\"@type\":\"WebPage\",\"@id\":\"https:\\\/\\\/bomuldsfabriken.no\\\/om-oss\\\/formal-og-visjon\\\/\",\"url\":\"https:\\\/\\\/bomuldsfabriken.no\\\/om-oss\\\/formal-og-visjon\\\/\",\"name\":\"Form\u00e5l og visjon - Bomuldsfabriken\",\"isPartOf\":{\"@id\":\"https:\\\/\\\/bomuldsfabriken.no\\\/#website\"},\"primaryImageOfPage\":{\"@id\":\"https:\\\/\\\/bomuldsfabriken.no\\\/om-oss\\\/formal-og-visjon\\\/#primaryimage\"},\"image\":{\"@id\":\"https:\\\/\\\/bomuldsfabriken.no\\\/om-oss\\\/formal-og-visjon\\\/#primaryimage\"},\"thumbnailUrl\":\"https:\\\/\\\/bomuldsfabriken.no\\\/wp-content\\\/uploads\\\/2026\\\/01\\\/Formal-og-visjon-Rickhard-og-Solberg-1920x1080-1.avif\",\"datePublished\":\"2026-01-20T11:46:07+00:00\",\"dateModified\":\"2026-01-23T10:49:30+00:00\",\"breadcrumb\":{\"@id\":\"https:\\\/\\\/bomuldsfabriken.no\\\/om-oss\\\/formal-og-visjon\\\/#breadcrumb\"},\"inLanguage\":\"en-GB\",\"potentialAction\":[{\"@type\":\"ReadAction\",\"target\":[\"https:\\\/\\\/bomuldsfabriken.no\\\/om-oss\\\/formal-og-visjon\\\/\"]}]},{\"@type\":\"ImageObject\",\"inLanguage\":\"en-GB\",\"@id\":\"https:\\\/\\\/bomuldsfabriken.no\\\/om-oss\\\/formal-og-visjon\\\/#primaryimage\",\"url\":\"https:\\\/\\\/bomuldsfabriken.no\\\/wp-content\\\/uploads\\\/2026\\\/01\\\/Formal-og-visjon-Rickhard-og-Solberg-1920x1080-1.avif\",\"contentUrl\":\"https:\\\/\\\/bomuldsfabriken.no\\\/wp-content\\\/uploads\\\/2026\\\/01\\\/Formal-og-visjon-Rickhard-og-Solberg-1920x1080-1.avif\",\"width\":1920,\"height\":1080,\"caption\":\"To viktige bidragsytere i etableringen og fundamenteringen av Bomuldsfabriken Kunsthall som en nasjonalt anerkjent kunstinstitusjon \u2013 Leonard Rickhard (1945\u20132024) og Harald Solberg (1954\u20132020)\"},{\"@type\":\"BreadcrumbList\",\"@id\":\"https:\\\/\\\/bomuldsfabriken.no\\\/om-oss\\\/formal-og-visjon\\\/#breadcrumb\",\"itemListElement\":[{\"@type\":\"ListItem\",\"position\":1,\"name\":\"Home\",\"item\":\"https:\\\/\\\/bomuldsfabriken.no\\\/\"},{\"@type\":\"ListItem\",\"position\":2,\"name\":\"Om oss\",\"item\":\"https:\\\/\\\/bomuldsfabriken.no\\\/om-oss\\\/\"},{\"@type\":\"ListItem\",\"position\":3,\"name\":\"Form\u00e5l og visjon\"}]},{\"@type\":\"WebSite\",\"@id\":\"https:\\\/\\\/bomuldsfabriken.no\\\/#website\",\"url\":\"https:\\\/\\\/bomuldsfabriken.no\\\/\",\"name\":\"Bomuldsfabriken\",\"description\":\"Kunsthallen i Arendal \u2013 Bomuldsfabriken\",\"publisher\":{\"@id\":\"https:\\\/\\\/bomuldsfabriken.no\\\/#organization\"},\"potentialAction\":[{\"@type\":\"SearchAction\",\"target\":{\"@type\":\"EntryPoint\",\"urlTemplate\":\"https:\\\/\\\/bomuldsfabriken.no\\\/?s={search_term_string}\"},\"query-input\":{\"@type\":\"PropertyValueSpecification\",\"valueRequired\":true,\"valueName\":\"search_term_string\"}}],\"inLanguage\":\"en-GB\"},{\"@type\":\"Organization\",\"@id\":\"https:\\\/\\\/bomuldsfabriken.no\\\/#organization\",\"name\":\"Bomuldsfabriken\",\"url\":\"https:\\\/\\\/bomuldsfabriken.no\\\/\",\"logo\":{\"@type\":\"ImageObject\",\"inLanguage\":\"en-GB\",\"@id\":\"https:\\\/\\\/bomuldsfabriken.no\\\/#\\\/schema\\\/logo\\\/image\\\/\",\"url\":\"https:\\\/\\\/bomuldsfabriken.no\\\/wp-content\\\/uploads\\\/2025\\\/06\\\/bomlog.svg\",\"contentUrl\":\"https:\\\/\\\/bomuldsfabriken.no\\\/wp-content\\\/uploads\\\/2025\\\/06\\\/bomlog.svg\",\"caption\":\"Bomuldsfabriken\"},\"image\":{\"@id\":\"https:\\\/\\\/bomuldsfabriken.no\\\/#\\\/schema\\\/logo\\\/image\\\/\"},\"sameAs\":[\"https:\\\/\\\/www.facebook.com\\\/Bomuldsfabriken\\\/\",\"https:\\\/\\\/x.com\\\/bomuldsfabriken\",\"https:\\\/\\\/www.instagram.com\\\/bomuldsfabriken\"]}]}<\/script>\n<!-- \/ Yoast SEO plugin. -->","yoast_head_json":{"title":"Form\u00e5l og visjon - Bomuldsfabriken","robots":{"index":"index","follow":"follow","max-snippet":"max-snippet:-1","max-image-preview":"max-image-preview:large","max-video-preview":"max-video-preview:-1"},"canonical":"https:\/\/bomuldsfabriken.no\/en\/om-oss\/formal-og-visjon\/","og_locale":"en_GB","og_type":"article","og_title":"Form\u00e5l og visjon - Bomuldsfabriken","og_url":"https:\/\/bomuldsfabriken.no\/en\/om-oss\/formal-og-visjon\/","og_site_name":"Bomuldsfabriken","article_publisher":"https:\/\/www.facebook.com\/Bomuldsfabriken\/","article_modified_time":"2026-01-23T10:49:30+00:00","og_image":[{"width":1920,"height":1080,"url":"https:\/\/bomuldsfabriken.no\/wp-content\/uploads\/2026\/01\/Formal-og-visjon-Rickhard-og-Solberg-1920x1080-1.avif","type":"image\/jpeg"}],"twitter_card":"summary_large_image","twitter_site":"@bomuldsfabriken","schema":{"@context":"https:\/\/schema.org","@graph":[{"@type":"WebPage","@id":"https:\/\/bomuldsfabriken.no\/om-oss\/formal-og-visjon\/","url":"https:\/\/bomuldsfabriken.no\/om-oss\/formal-og-visjon\/","name":"Form\u00e5l og visjon - Bomuldsfabriken","isPartOf":{"@id":"https:\/\/bomuldsfabriken.no\/#website"},"primaryImageOfPage":{"@id":"https:\/\/bomuldsfabriken.no\/om-oss\/formal-og-visjon\/#primaryimage"},"image":{"@id":"https:\/\/bomuldsfabriken.no\/om-oss\/formal-og-visjon\/#primaryimage"},"thumbnailUrl":"https:\/\/bomuldsfabriken.no\/wp-content\/uploads\/2026\/01\/Formal-og-visjon-Rickhard-og-Solberg-1920x1080-1.avif","datePublished":"2026-01-20T11:46:07+00:00","dateModified":"2026-01-23T10:49:30+00:00","breadcrumb":{"@id":"https:\/\/bomuldsfabriken.no\/om-oss\/formal-og-visjon\/#breadcrumb"},"inLanguage":"en-GB","potentialAction":[{"@type":"ReadAction","target":["https:\/\/bomuldsfabriken.no\/om-oss\/formal-og-visjon\/"]}]},{"@type":"ImageObject","inLanguage":"en-GB","@id":"https:\/\/bomuldsfabriken.no\/om-oss\/formal-og-visjon\/#primaryimage","url":"https:\/\/bomuldsfabriken.no\/wp-content\/uploads\/2026\/01\/Formal-og-visjon-Rickhard-og-Solberg-1920x1080-1.avif","contentUrl":"https:\/\/bomuldsfabriken.no\/wp-content\/uploads\/2026\/01\/Formal-og-visjon-Rickhard-og-Solberg-1920x1080-1.avif","width":1920,"height":1080,"caption":"To viktige bidragsytere i etableringen og fundamenteringen av Bomuldsfabriken Kunsthall som en nasjonalt anerkjent kunstinstitusjon \u2013 Leonard Rickhard (1945\u20132024) og Harald Solberg (1954\u20132020)"},{"@type":"BreadcrumbList","@id":"https:\/\/bomuldsfabriken.no\/om-oss\/formal-og-visjon\/#breadcrumb","itemListElement":[{"@type":"ListItem","position":1,"name":"Home","item":"https:\/\/bomuldsfabriken.no\/"},{"@type":"ListItem","position":2,"name":"Om oss","item":"https:\/\/bomuldsfabriken.no\/om-oss\/"},{"@type":"ListItem","position":3,"name":"Form\u00e5l og visjon"}]},{"@type":"WebSite","@id":"https:\/\/bomuldsfabriken.no\/#website","url":"https:\/\/bomuldsfabriken.no\/","name":"Bomuldsfabriken","description":"Kunsthallen i Arendal \u2013 Bomuldsfabriken","publisher":{"@id":"https:\/\/bomuldsfabriken.no\/#organization"},"potentialAction":[{"@type":"SearchAction","target":{"@type":"EntryPoint","urlTemplate":"https:\/\/bomuldsfabriken.no\/?s={search_term_string}"},"query-input":{"@type":"PropertyValueSpecification","valueRequired":true,"valueName":"search_term_string"}}],"inLanguage":"en-GB"},{"@type":"Organization","@id":"https:\/\/bomuldsfabriken.no\/#organization","name":"Bomuldsfabriken","url":"https:\/\/bomuldsfabriken.no\/","logo":{"@type":"ImageObject","inLanguage":"en-GB","@id":"https:\/\/bomuldsfabriken.no\/#\/schema\/logo\/image\/","url":"https:\/\/bomuldsfabriken.no\/wp-content\/uploads\/2025\/06\/bomlog.svg","contentUrl":"https:\/\/bomuldsfabriken.no\/wp-content\/uploads\/2025\/06\/bomlog.svg","caption":"Bomuldsfabriken"},"image":{"@id":"https:\/\/bomuldsfabriken.no\/#\/schema\/logo\/image\/"},"sameAs":["https:\/\/www.facebook.com\/Bomuldsfabriken\/","https:\/\/x.com\/bomuldsfabriken","https:\/\/www.instagram.com\/bomuldsfabriken"]}]}},"_links":{"self":[{"href":"https:\/\/bomuldsfabriken.no\/en\/wp-json\/wp\/v2\/pages\/1932","targetHints":{"allow":["GET"]}}],"collection":[{"href":"https:\/\/bomuldsfabriken.no\/en\/wp-json\/wp\/v2\/pages"}],"about":[{"href":"https:\/\/bomuldsfabriken.no\/en\/wp-json\/wp\/v2\/types\/page"}],"author":[{"embeddable":true,"href":"https:\/\/bomuldsfabriken.no\/en\/wp-json\/wp\/v2\/users\/2"}],"replies":[{"embeddable":true,"href":"https:\/\/bomuldsfabriken.no\/en\/wp-json\/wp\/v2\/comments?post=1932"}],"version-history":[{"count":4,"href":"https:\/\/bomuldsfabriken.no\/en\/wp-json\/wp\/v2\/pages\/1932\/revisions"}],"predecessor-version":[{"id":2134,"href":"https:\/\/bomuldsfabriken.no\/en\/wp-json\/wp\/v2\/pages\/1932\/revisions\/2134"}],"up":[{"embeddable":true,"href":"https:\/\/bomuldsfabriken.no\/en\/wp-json\/wp\/v2\/pages\/716"}],"wp:featuredmedia":[{"embeddable":true,"href":"https:\/\/bomuldsfabriken.no\/en\/wp-json\/wp\/v2\/media\/2132"}],"wp:attachment":[{"href":"https:\/\/bomuldsfabriken.no\/en\/wp-json\/wp\/v2\/media?parent=1932"}],"curies":[{"name":"wp","href":"https:\/\/api.w.org\/{rel}","templated":true}]}}