{"id":2232,"date":"2026-01-30T11:33:12","date_gmt":"2026-01-30T11:33:12","guid":{"rendered":"https:\/\/bomuldsfabriken.no\/?page_id=2232"},"modified":"2026-01-30T12:36:27","modified_gmt":"2026-01-30T12:36:27","slug":"kunstklubb","status":"publish","type":"page","link":"https:\/\/bomuldsfabriken.no\/en\/kunstklubb\/","title":{"rendered":"Bomuldsfabriken Kunstklubb"},"content":{"rendered":"<div id=\"paragraph--block_bc29ee19d7e8552a67a6b83f08228f95\" class=\"root-level-block paragraph\">\r\n    \r\n    <div class=\"container grid-3-6-3\">\r\n\r\n                    <h3 class=\"dot\">Hender, uttrykk og materialer<\/h3>\r\n        \r\n                    <div class=\"wysiwyg\">\r\n                <p>Liker du \u00e5 jobbe med hendene og utforske forskjellige materialer? Dr\u00f8mmer du om et sted der du kan v\u00e6re kreativ og teste kunstneriske teknikker? Eller er du bare nysgjerrig p\u00e5 kunst og vil m\u00f8te andre med samme interesse? Da er dette noe for deg!<\/p>\n<p>Bomuldsfabriken Kunstklubb er et gratis tilbud for de som g\u00e5r i 5.\u20137. trinn i Arendal. Hver torsdag mellom kl. 16:30\u201318:00 m\u00f8tes vi i v\u00e5rt kunstverksted. Her jobber vi med ulike, kreative prosjekter under veiledning fra b\u00e5de v\u00e5rt formidlingsteam og innleide, profesjonelle kunstnere.<\/p>\n            <\/div>\r\n        \r\n    <\/div>\r\n\r\n<\/div>\r\n\n\n\r\n<div id=\"paragraph--block_2cf431dc4baf2617fe8f7aeb753b088f\" class=\"root-level-block paragraph\">\r\n    \r\n    <div class=\"container grid-3-6-3\">\r\n\r\n                    <h3 class=\"dot\">Egne kunstprosjekter<\/h3>\r\n        \r\n                    <div class=\"wysiwyg\">\r\n                <p><span data-olk-copy-source=\"MessageBody\">Vi ser p\u00e5 kunst og snakker om kunst, b\u00e5de i kunsthallens skiftende utstillinger og i den faste samlingen p\u00e5 Bomuldsfabriken. Vi fordyper oss i ulike teknikker og materialer som eksempelvis tegning, maleri, leire, grafikk og skulptur. Et utdrag av det vi har jobbet med vises i en utstilling &#8211; her kan venner og familie se hva vi har laget gjennom \u00e5ret.<\/span><\/p>\n            <\/div>\r\n        \r\n    <\/div>\r\n\r\n<\/div>\r\n\n\n\r\n<div id=\"paragraph--block_6c90ba6bc895a21b18fffa64525d4c74\" class=\"root-level-block paragraph\">\r\n    \r\n    <div class=\"container grid-3-6-3\">\r\n\r\n                    <h3 class=\"dot\">Opptak<\/h3>\r\n        \r\n                    <div class=\"wysiwyg\">\r\n                <p><span data-olk-copy-source=\"MessageBody\">Opptak skjer hver h\u00f8st. Utlysning av p\u00e5melding kommer i juni m\u00e5ned, og svar kan forventes i l\u00f8pet av august. Deltakelsen varer b\u00e5de for h\u00f8sten og den p\u00e5f\u00f8lgende v\u00e5ren (september\u2013april).<\/span><\/p>\n<p>Vil du ha beskjed n\u00e5r utlysningen for neste \u00e5r offentliggj\u00f8res? <a href=\"https:\/\/bomuldsfabriken.no\/en\/nyhetsbrev\/\">Meld deg p\u00e5 v\u00e5rt nyhetsbrev.<\/a><\/p>\n            <\/div>\r\n        \r\n    <\/div>\r\n\r\n<\/div>\r\n\n\n\r\n<div id=\"call-to-action--block_1a6d9f6130639c03848158d7012c0459\" class=\"bf-background root-level-block call-to-action center-text-based\">\r\n\r\n    \r\n\r\n    <div class=\"large-toast\">\r\n        <div class=\"cloud-box\" id=\"cloud-box-block_1a6d9f6130639c03848158d7012c0459\" style=\"--scallop-color:#CEFC0B; --scallop-hover:#FF69B4;\">\r\n            <div class=\"marmalade-content\">\r\n                                    <h2 class=\"dot\">Glad og stolt<\/h2>\r\n                                                    <p>Bomuldsfabriken Kunsthall er utrolig glad og stolt over \u00e5 ha en egen kunstklubb for barn og unge! Bomuldsfabriken Kunstklubb er gjort mulig med midler fra Arendal kommunes \u00f8kte satsing for barn og unge.<\/p>\r\n                                            <\/div>\r\n        <\/div>\r\n    <\/div>\r\n<\/div>\r\n\r\n<script>\r\ndocument.addEventListener('DOMContentLoaded', function() {\r\n    applyScallopedBackground('#cloud-box-block_1a6d9f6130639c03848158d7012c0459', {\r\n        scallopColor: '#CEFC0B',\r\n        hoverColor: '#FF69B4'\r\n    });\r\n});\r\n<\/script>","protected":false},"excerpt":{"rendered":"","protected":false},"author":5,"featured_media":2236,"parent":0,"menu_order":0,"comment_status":"closed","ping_status":"closed","template":"","meta":{"_acf_changed":false,"footnotes":""},"class_list":["post-2232","page","type-page","status-publish","has-post-thumbnail","hentry"],"acf":[],"yoast_head":"<!-- This site is optimized with the Yoast SEO plugin v27.4 - https:\/\/yoast.com\/product\/yoast-seo-wordpress\/ -->\n<title>Bomuldsfabriken Kunstklubb - Bomuldsfabriken<\/title>\n<meta name=\"description\" content=\"Gratis kunsttilbud for barn som g\u00e5r i 5.\u20137. trinn i Arendal. Vi jobber med ulike, kreative prosjekter under veiledning fra b\u00e5de v\u00e5rt formidlingsteam og innleide, profesjonelle kunstnere.\" \/>\n<meta name=\"robots\" content=\"index, follow, max-snippet:-1, max-image-preview:large, max-video-preview:-1\" \/>\n<link rel=\"canonical\" href=\"https:\/\/bomuldsfabriken.no\/en\/kunstklubb\/\" \/>\n<meta property=\"og:locale\" content=\"en_GB\" \/>\n<meta property=\"og:type\" content=\"article\" \/>\n<meta property=\"og:title\" content=\"Bomuldsfabriken Kunstklubb - Bomuldsfabriken\" \/>\n<meta property=\"og:description\" content=\"Gratis kunsttilbud for barn som g\u00e5r i 5.\u20137. trinn i Arendal. Vi jobber med ulike, kreative prosjekter under veiledning fra b\u00e5de v\u00e5rt formidlingsteam og innleide, profesjonelle kunstnere.\" \/>\n<meta property=\"og:url\" content=\"https:\/\/bomuldsfabriken.no\/en\/kunstklubb\/\" \/>\n<meta property=\"og:site_name\" content=\"Bomuldsfabriken\" \/>\n<meta property=\"article:publisher\" content=\"https:\/\/www.facebook.com\/Bomuldsfabriken\/\" \/>\n<meta property=\"article:modified_time\" content=\"2026-01-30T12:36:27+00:00\" \/>\n<meta property=\"og:image\" content=\"https:\/\/bomuldsfabriken.no\/wp-content\/uploads\/2026\/01\/1-foto-adde-formidling-2000x1250-px.webp\" \/>\n\t<meta property=\"og:image:width\" content=\"2000\" \/>\n\t<meta property=\"og:image:height\" content=\"1250\" \/>\n\t<meta property=\"og:image:type\" content=\"image\/jpeg\" \/>\n<meta name=\"twitter:card\" content=\"summary_large_image\" \/>\n<meta name=\"twitter:site\" content=\"@bomuldsfabriken\" \/>\n<meta name=\"twitter:label1\" content=\"Estimated reading time\" \/>\n\t<meta name=\"twitter:data1\" content=\"1 minute\" \/>\n<script type=\"application\/ld+json\" class=\"yoast-schema-graph\">{\"@context\":\"https:\\\/\\\/schema.org\",\"@graph\":[{\"@type\":\"WebPage\",\"@id\":\"https:\\\/\\\/bomuldsfabriken.no\\\/kunstklubb\\\/\",\"url\":\"https:\\\/\\\/bomuldsfabriken.no\\\/kunstklubb\\\/\",\"name\":\"Bomuldsfabriken Kunstklubb - Bomuldsfabriken\",\"isPartOf\":{\"@id\":\"https:\\\/\\\/bomuldsfabriken.no\\\/#website\"},\"primaryImageOfPage\":{\"@id\":\"https:\\\/\\\/bomuldsfabriken.no\\\/kunstklubb\\\/#primaryimage\"},\"image\":{\"@id\":\"https:\\\/\\\/bomuldsfabriken.no\\\/kunstklubb\\\/#primaryimage\"},\"thumbnailUrl\":\"https:\\\/\\\/bomuldsfabriken.no\\\/wp-content\\\/uploads\\\/2026\\\/01\\\/1-foto-adde-formidling-2000x1250-px.webp\",\"datePublished\":\"2026-01-30T11:33:12+00:00\",\"dateModified\":\"2026-01-30T12:36:27+00:00\",\"description\":\"Gratis kunsttilbud for barn som g\u00e5r i 5.\u20137. trinn i Arendal. Vi jobber med ulike, kreative prosjekter under veiledning fra b\u00e5de v\u00e5rt formidlingsteam og innleide, profesjonelle kunstnere.\",\"breadcrumb\":{\"@id\":\"https:\\\/\\\/bomuldsfabriken.no\\\/kunstklubb\\\/#breadcrumb\"},\"inLanguage\":\"en-GB\",\"potentialAction\":[{\"@type\":\"ReadAction\",\"target\":[\"https:\\\/\\\/bomuldsfabriken.no\\\/kunstklubb\\\/\"]}]},{\"@type\":\"ImageObject\",\"inLanguage\":\"en-GB\",\"@id\":\"https:\\\/\\\/bomuldsfabriken.no\\\/kunstklubb\\\/#primaryimage\",\"url\":\"https:\\\/\\\/bomuldsfabriken.no\\\/wp-content\\\/uploads\\\/2026\\\/01\\\/1-foto-adde-formidling-2000x1250-px.webp\",\"contentUrl\":\"https:\\\/\\\/bomuldsfabriken.no\\\/wp-content\\\/uploads\\\/2026\\\/01\\\/1-foto-adde-formidling-2000x1250-px.webp\",\"width\":2000,\"height\":1250},{\"@type\":\"BreadcrumbList\",\"@id\":\"https:\\\/\\\/bomuldsfabriken.no\\\/kunstklubb\\\/#breadcrumb\",\"itemListElement\":[{\"@type\":\"ListItem\",\"position\":1,\"name\":\"Home\",\"item\":\"https:\\\/\\\/bomuldsfabriken.no\\\/\"},{\"@type\":\"ListItem\",\"position\":2,\"name\":\"Bomuldsfabriken Kunstklubb\"}]},{\"@type\":\"WebSite\",\"@id\":\"https:\\\/\\\/bomuldsfabriken.no\\\/#website\",\"url\":\"https:\\\/\\\/bomuldsfabriken.no\\\/\",\"name\":\"Bomuldsfabriken\",\"description\":\"Kunsthallen i Arendal \u2013 Bomuldsfabriken\",\"publisher\":{\"@id\":\"https:\\\/\\\/bomuldsfabriken.no\\\/#organization\"},\"potentialAction\":[{\"@type\":\"SearchAction\",\"target\":{\"@type\":\"EntryPoint\",\"urlTemplate\":\"https:\\\/\\\/bomuldsfabriken.no\\\/?s={search_term_string}\"},\"query-input\":{\"@type\":\"PropertyValueSpecification\",\"valueRequired\":true,\"valueName\":\"search_term_string\"}}],\"inLanguage\":\"en-GB\"},{\"@type\":\"Organization\",\"@id\":\"https:\\\/\\\/bomuldsfabriken.no\\\/#organization\",\"name\":\"Bomuldsfabriken\",\"url\":\"https:\\\/\\\/bomuldsfabriken.no\\\/\",\"logo\":{\"@type\":\"ImageObject\",\"inLanguage\":\"en-GB\",\"@id\":\"https:\\\/\\\/bomuldsfabriken.no\\\/#\\\/schema\\\/logo\\\/image\\\/\",\"url\":\"https:\\\/\\\/bomuldsfabriken.no\\\/wp-content\\\/uploads\\\/2025\\\/06\\\/bomlog.svg\",\"contentUrl\":\"https:\\\/\\\/bomuldsfabriken.no\\\/wp-content\\\/uploads\\\/2025\\\/06\\\/bomlog.svg\",\"caption\":\"Bomuldsfabriken\"},\"image\":{\"@id\":\"https:\\\/\\\/bomuldsfabriken.no\\\/#\\\/schema\\\/logo\\\/image\\\/\"},\"sameAs\":[\"https:\\\/\\\/www.facebook.com\\\/Bomuldsfabriken\\\/\",\"https:\\\/\\\/x.com\\\/bomuldsfabriken\",\"https:\\\/\\\/www.instagram.com\\\/bomuldsfabriken\"]}]}<\/script>\n<!-- \/ Yoast SEO plugin. -->","yoast_head_json":{"title":"Bomuldsfabriken Kunstklubb - Bomuldsfabriken","description":"Gratis kunsttilbud for barn som g\u00e5r i 5.\u20137. trinn i Arendal. Vi jobber med ulike, kreative prosjekter under veiledning fra b\u00e5de v\u00e5rt formidlingsteam og innleide, profesjonelle kunstnere.","robots":{"index":"index","follow":"follow","max-snippet":"max-snippet:-1","max-image-preview":"max-image-preview:large","max-video-preview":"max-video-preview:-1"},"canonical":"https:\/\/bomuldsfabriken.no\/en\/kunstklubb\/","og_locale":"en_GB","og_type":"article","og_title":"Bomuldsfabriken Kunstklubb - Bomuldsfabriken","og_description":"Gratis kunsttilbud for barn som g\u00e5r i 5.\u20137. trinn i Arendal. Vi jobber med ulike, kreative prosjekter under veiledning fra b\u00e5de v\u00e5rt formidlingsteam og innleide, profesjonelle kunstnere.","og_url":"https:\/\/bomuldsfabriken.no\/en\/kunstklubb\/","og_site_name":"Bomuldsfabriken","article_publisher":"https:\/\/www.facebook.com\/Bomuldsfabriken\/","article_modified_time":"2026-01-30T12:36:27+00:00","og_image":[{"width":2000,"height":1250,"url":"https:\/\/bomuldsfabriken.no\/wp-content\/uploads\/2026\/01\/1-foto-adde-formidling-2000x1250-px.webp","type":"image\/jpeg"}],"twitter_card":"summary_large_image","twitter_site":"@bomuldsfabriken","twitter_misc":{"Estimated reading time":"1 minute"},"schema":{"@context":"https:\/\/schema.org","@graph":[{"@type":"WebPage","@id":"https:\/\/bomuldsfabriken.no\/kunstklubb\/","url":"https:\/\/bomuldsfabriken.no\/kunstklubb\/","name":"Bomuldsfabriken Kunstklubb - Bomuldsfabriken","isPartOf":{"@id":"https:\/\/bomuldsfabriken.no\/#website"},"primaryImageOfPage":{"@id":"https:\/\/bomuldsfabriken.no\/kunstklubb\/#primaryimage"},"image":{"@id":"https:\/\/bomuldsfabriken.no\/kunstklubb\/#primaryimage"},"thumbnailUrl":"https:\/\/bomuldsfabriken.no\/wp-content\/uploads\/2026\/01\/1-foto-adde-formidling-2000x1250-px.webp","datePublished":"2026-01-30T11:33:12+00:00","dateModified":"2026-01-30T12:36:27+00:00","description":"Gratis kunsttilbud for barn som g\u00e5r i 5.\u20137. trinn i Arendal. Vi jobber med ulike, kreative prosjekter under veiledning fra b\u00e5de v\u00e5rt formidlingsteam og innleide, profesjonelle kunstnere.","breadcrumb":{"@id":"https:\/\/bomuldsfabriken.no\/kunstklubb\/#breadcrumb"},"inLanguage":"en-GB","potentialAction":[{"@type":"ReadAction","target":["https:\/\/bomuldsfabriken.no\/kunstklubb\/"]}]},{"@type":"ImageObject","inLanguage":"en-GB","@id":"https:\/\/bomuldsfabriken.no\/kunstklubb\/#primaryimage","url":"https:\/\/bomuldsfabriken.no\/wp-content\/uploads\/2026\/01\/1-foto-adde-formidling-2000x1250-px.webp","contentUrl":"https:\/\/bomuldsfabriken.no\/wp-content\/uploads\/2026\/01\/1-foto-adde-formidling-2000x1250-px.webp","width":2000,"height":1250},{"@type":"BreadcrumbList","@id":"https:\/\/bomuldsfabriken.no\/kunstklubb\/#breadcrumb","itemListElement":[{"@type":"ListItem","position":1,"name":"Home","item":"https:\/\/bomuldsfabriken.no\/"},{"@type":"ListItem","position":2,"name":"Bomuldsfabriken Kunstklubb"}]},{"@type":"WebSite","@id":"https:\/\/bomuldsfabriken.no\/#website","url":"https:\/\/bomuldsfabriken.no\/","name":"Bomuldsfabriken","description":"Kunsthallen i Arendal \u2013 Bomuldsfabriken","publisher":{"@id":"https:\/\/bomuldsfabriken.no\/#organization"},"potentialAction":[{"@type":"SearchAction","target":{"@type":"EntryPoint","urlTemplate":"https:\/\/bomuldsfabriken.no\/?s={search_term_string}"},"query-input":{"@type":"PropertyValueSpecification","valueRequired":true,"valueName":"search_term_string"}}],"inLanguage":"en-GB"},{"@type":"Organization","@id":"https:\/\/bomuldsfabriken.no\/#organization","name":"Bomuldsfabriken","url":"https:\/\/bomuldsfabriken.no\/","logo":{"@type":"ImageObject","inLanguage":"en-GB","@id":"https:\/\/bomuldsfabriken.no\/#\/schema\/logo\/image\/","url":"https:\/\/bomuldsfabriken.no\/wp-content\/uploads\/2025\/06\/bomlog.svg","contentUrl":"https:\/\/bomuldsfabriken.no\/wp-content\/uploads\/2025\/06\/bomlog.svg","caption":"Bomuldsfabriken"},"image":{"@id":"https:\/\/bomuldsfabriken.no\/#\/schema\/logo\/image\/"},"sameAs":["https:\/\/www.facebook.com\/Bomuldsfabriken\/","https:\/\/x.com\/bomuldsfabriken","https:\/\/www.instagram.com\/bomuldsfabriken"]}]}},"_links":{"self":[{"href":"https:\/\/bomuldsfabriken.no\/en\/wp-json\/wp\/v2\/pages\/2232","targetHints":{"allow":["GET"]}}],"collection":[{"href":"https:\/\/bomuldsfabriken.no\/en\/wp-json\/wp\/v2\/pages"}],"about":[{"href":"https:\/\/bomuldsfabriken.no\/en\/wp-json\/wp\/v2\/types\/page"}],"author":[{"embeddable":true,"href":"https:\/\/bomuldsfabriken.no\/en\/wp-json\/wp\/v2\/users\/5"}],"replies":[{"embeddable":true,"href":"https:\/\/bomuldsfabriken.no\/en\/wp-json\/wp\/v2\/comments?post=2232"}],"version-history":[{"count":3,"href":"https:\/\/bomuldsfabriken.no\/en\/wp-json\/wp\/v2\/pages\/2232\/revisions"}],"predecessor-version":[{"id":2244,"href":"https:\/\/bomuldsfabriken.no\/en\/wp-json\/wp\/v2\/pages\/2232\/revisions\/2244"}],"wp:featuredmedia":[{"embeddable":true,"href":"https:\/\/bomuldsfabriken.no\/en\/wp-json\/wp\/v2\/media\/2236"}],"wp:attachment":[{"href":"https:\/\/bomuldsfabriken.no\/en\/wp-json\/wp\/v2\/media?parent=2232"}],"curies":[{"name":"wp","href":"https:\/\/api.w.org\/{rel}","templated":true}]}}