{"id":2361,"date":"2026-04-17T18:37:24","date_gmt":"2026-04-17T18:37:24","guid":{"rendered":"https:\/\/bomuldsfabriken.no\/?page_id=2361"},"modified":"2026-04-17T19:30:50","modified_gmt":"2026-04-17T19:30:50","slug":"verk-i-skulpturparken","status":"publish","type":"page","link":"https:\/\/bomuldsfabriken.no\/en\/verk-i-skulpturparken\/","title":{"rendered":"Verk i skulpturparken"},"content":{"rendered":"<p>Skulpturparken er under stadig utvidelse, og omfatter v\u00e5ren 2026 totalt 9 verk. Den f\u00f8rste skulpturen, <em>Dyret<\/em> av B\u00e5rd Breivik, ble montert allerede f\u00f8r gruvene \u00e5pnet for publikum i 2018, og har med tiden f\u00e5tt selskap av flere stedsbestemte verk, som alle relaterer til stedet eller historien p\u00e5 sitt vis. Her kommer en presentasjon av de enkelte verkene i Skulpturparken, s\u00e5 blir det opp til publikum selv \u00e5 finne tr\u00e5den som binder dem sammen i den historiske veven!<\/p>\n\n\n\r\n<div id=\"links--block_cd64c7eff5a132a553b86cd71a735966\" class=\"root-level-block links\">\r\n    <div class=\"container grid-3-6-3\">\r\n    \r\n                    <ul class=\"micro-navigation\">\r\n                                                                <\/ul>\r\n        \r\n    <\/div>\r\n\r\n<\/div>\r\n\n\n\r\n<div id=\"cards--block_2fc74ba134b1a47db8545d9a7baef2cc\" class=\"root-level-block cards\">\r\n    <div class=\"container\">\r\n\r\n        <h3 class=\"event-cards__title\">Verk i skulpturparken<\/h3>\r\n\r\n        \r\n\r\n                    <div class=\"events-cards\">\r\n                                    <a href=\"https:\/\/bomuldsfabriken.no\/en\/arrangement\/per-inge-bjorlo-barnelunga\/\" class=\"event-card\">\r\n                                                    <div class=\"event-card__image\">\r\n                                <img decoding=\"async\" width=\"1240\" height=\"885\" src=\"https:\/\/bomuldsfabriken.no\/wp-content\/uploads\/2025\/06\/Per-inge-4-scaled-1-2000x1428.jpg\" class=\"attachment-large size-large wp-post-image\" alt=\"\" srcset=\"https:\/\/bomuldsfabriken.no\/wp-content\/uploads\/2025\/06\/Per-inge-4-scaled-1-2000x1428.jpg 2000w, https:\/\/bomuldsfabriken.no\/wp-content\/uploads\/2025\/06\/Per-inge-4-scaled-1-300x214.jpg 300w, https:\/\/bomuldsfabriken.no\/wp-content\/uploads\/2025\/06\/Per-inge-4-scaled-1-768x548.jpg 768w, https:\/\/bomuldsfabriken.no\/wp-content\/uploads\/2025\/06\/Per-inge-4-scaled-1-1536x1097.jpg 1536w, https:\/\/bomuldsfabriken.no\/wp-content\/uploads\/2025\/06\/Per-inge-4-scaled-1-2048x1462.jpg 2048w\" sizes=\"(max-width: 1240px) 100vw, 1240px\" \/>                            <\/div>\r\n                        \r\n                        <h4 class=\"event-card__title\">Per Inge Bj\u00f8rlo \u2013 Barnelunga<\/h4>\r\n\r\n                        <div class=\"event-card__meta\">\r\n                                                    <\/div>\r\n\r\n                        \r\n                    <\/a>\r\n                                    <a href=\"https:\/\/bomuldsfabriken.no\/en\/arrangement\/nye-verk-i-kunstarena-torbjornsbu-gruver\/\" class=\"event-card\">\r\n                                                    <div class=\"event-card__image\">\r\n                                <img decoding=\"async\" width=\"1240\" height=\"1653\" src=\"https:\/\/bomuldsfabriken.no\/wp-content\/uploads\/2025\/06\/IMG-1724-scaled-1-1500x2000.jpg\" class=\"attachment-large size-large wp-post-image\" alt=\"\" srcset=\"https:\/\/bomuldsfabriken.no\/wp-content\/uploads\/2025\/06\/IMG-1724-scaled-1-1500x2000.jpg 1500w, https:\/\/bomuldsfabriken.no\/wp-content\/uploads\/2025\/06\/IMG-1724-scaled-1-225x300.jpg 225w, https:\/\/bomuldsfabriken.no\/wp-content\/uploads\/2025\/06\/IMG-1724-scaled-1-768x1024.jpg 768w, https:\/\/bomuldsfabriken.no\/wp-content\/uploads\/2025\/06\/IMG-1724-scaled-1-1152x1536.jpg 1152w, https:\/\/bomuldsfabriken.no\/wp-content\/uploads\/2025\/06\/IMG-1724-scaled-1-1536x2048.jpg 1536w, https:\/\/bomuldsfabriken.no\/wp-content\/uploads\/2025\/06\/IMG-1724-scaled-1.jpg 1920w\" sizes=\"(max-width: 1240px) 100vw, 1240px\" \/>                            <\/div>\r\n                        \r\n                        <h4 class=\"event-card__title\">Maja S. K. Ratkje \u2013 To the Surface (Til overflaten)<\/h4>\r\n\r\n                        <div class=\"event-card__meta\">\r\n                                                    <\/div>\r\n\r\n                        \r\n                    <\/a>\r\n                                    <a href=\"https:\/\/bomuldsfabriken.no\/en\/arrangement\/signe-solberg-clamber-scramble-crawl-kunstarena-torbjornsbu-gruver\/\" class=\"event-card\">\r\n                                                    <div class=\"event-card__image\">\r\n                                <img decoding=\"async\" width=\"1240\" height=\"698\" src=\"https:\/\/bomuldsfabriken.no\/wp-content\/uploads\/2025\/06\/I-gruvene-6-mai-avstand-scaled-1-2000x1125.jpg\" class=\"attachment-large size-large wp-post-image\" alt=\"\" srcset=\"https:\/\/bomuldsfabriken.no\/wp-content\/uploads\/2025\/06\/I-gruvene-6-mai-avstand-scaled-1-2000x1125.jpg 2000w, https:\/\/bomuldsfabriken.no\/wp-content\/uploads\/2025\/06\/I-gruvene-6-mai-avstand-scaled-1-300x169.jpg 300w, https:\/\/bomuldsfabriken.no\/wp-content\/uploads\/2025\/06\/I-gruvene-6-mai-avstand-scaled-1-768x432.jpg 768w, https:\/\/bomuldsfabriken.no\/wp-content\/uploads\/2025\/06\/I-gruvene-6-mai-avstand-scaled-1-1536x864.jpg 1536w, https:\/\/bomuldsfabriken.no\/wp-content\/uploads\/2025\/06\/I-gruvene-6-mai-avstand-scaled-1-2048x1152.jpg 2048w\" sizes=\"(max-width: 1240px) 100vw, 1240px\" \/>                            <\/div>\r\n                        \r\n                        <h4 class=\"event-card__title\">Signe Solberg \u2013 Clamber Scramble Crawl (Hold Fast)<\/h4>\r\n\r\n                        <div class=\"event-card__meta\">\r\n                                                    <\/div>\r\n\r\n                        \r\n                    <\/a>\r\n                                    <a href=\"https:\/\/bomuldsfabriken.no\/en\/mr-walker\/\" class=\"event-card\">\r\n                                                    <div class=\"event-card__image\">\r\n                                <img decoding=\"async\" width=\"1240\" height=\"775\" src=\"https:\/\/bomuldsfabriken.no\/wp-content\/uploads\/2026\/01\/IMG_9238-Walker-2000x1250-px.avif\" class=\"attachment-large size-large wp-post-image\" alt=\"\" srcset=\"https:\/\/bomuldsfabriken.no\/wp-content\/uploads\/2026\/01\/IMG_9238-Walker-2000x1250-px.avif 2000w, https:\/\/bomuldsfabriken.no\/wp-content\/uploads\/2026\/01\/IMG_9238-Walker-2000x1250-px-300x188.avif 300w, https:\/\/bomuldsfabriken.no\/wp-content\/uploads\/2026\/01\/IMG_9238-Walker-2000x1250-px-768x480.avif 768w, https:\/\/bomuldsfabriken.no\/wp-content\/uploads\/2026\/01\/IMG_9238-Walker-2000x1250-px-1536x960.avif 1536w, https:\/\/bomuldsfabriken.no\/wp-content\/uploads\/2026\/01\/IMG_9238-Walker-2000x1250-px-18x12.avif 18w\" sizes=\"(max-width: 1240px) 100vw, 1240px\" \/>                            <\/div>\r\n                        \r\n                        <h4 class=\"event-card__title\">Jan H\u00e5fstr\u00f6m \u2013 Mr. Walker<\/h4>\r\n\r\n                        <div class=\"event-card__meta\">\r\n                                                    <\/div>\r\n\r\n                        \r\n                    <\/a>\r\n                                    <a href=\"https:\/\/bomuldsfabriken.no\/en\/utstillinger\/dyret\/\" class=\"event-card\">\r\n                                                    <div class=\"event-card__image\">\r\n                                <img decoding=\"async\" width=\"1240\" height=\"775\" src=\"https:\/\/bomuldsfabriken.no\/wp-content\/uploads\/2026\/01\/Dyret-Hvalen-Breivk-Bard-2_web.avif\" class=\"attachment-large size-large wp-post-image\" alt=\"\" srcset=\"https:\/\/bomuldsfabriken.no\/wp-content\/uploads\/2026\/01\/Dyret-Hvalen-Breivk-Bard-2_web.avif 2000w, https:\/\/bomuldsfabriken.no\/wp-content\/uploads\/2026\/01\/Dyret-Hvalen-Breivk-Bard-2_web-300x188.avif 300w, https:\/\/bomuldsfabriken.no\/wp-content\/uploads\/2026\/01\/Dyret-Hvalen-Breivk-Bard-2_web-768x480.avif 768w, https:\/\/bomuldsfabriken.no\/wp-content\/uploads\/2026\/01\/Dyret-Hvalen-Breivk-Bard-2_web-1536x960.avif 1536w, https:\/\/bomuldsfabriken.no\/wp-content\/uploads\/2026\/01\/Dyret-Hvalen-Breivk-Bard-2_web-18x12.avif 18w\" sizes=\"(max-width: 1240px) 100vw, 1240px\" \/>                            <\/div>\r\n                        \r\n                        <h4 class=\"event-card__title\">B\u00e5rd Breivik \u2013 Dyret<\/h4>\r\n\r\n                        <div class=\"event-card__meta\">\r\n                                                    <\/div>\r\n\r\n                        \r\n                    <\/a>\r\n                                    <a href=\"https:\/\/bomuldsfabriken.no\/en\/utstillinger\/uten-tittel-gjennestad\/\" class=\"event-card\">\r\n                                                    <div class=\"event-card__image\">\r\n                                <img decoding=\"async\" width=\"1240\" height=\"775\" src=\"https:\/\/bomuldsfabriken.no\/wp-content\/uploads\/2026\/01\/Fra-nettside-gjennestad-IMG_0531_cropped-2000x1250-px.avif\" class=\"attachment-large size-large wp-post-image\" alt=\"\" srcset=\"https:\/\/bomuldsfabriken.no\/wp-content\/uploads\/2026\/01\/Fra-nettside-gjennestad-IMG_0531_cropped-2000x1250-px.avif 2000w, https:\/\/bomuldsfabriken.no\/wp-content\/uploads\/2026\/01\/Fra-nettside-gjennestad-IMG_0531_cropped-2000x1250-px-300x188.avif 300w, https:\/\/bomuldsfabriken.no\/wp-content\/uploads\/2026\/01\/Fra-nettside-gjennestad-IMG_0531_cropped-2000x1250-px-768x480.avif 768w, https:\/\/bomuldsfabriken.no\/wp-content\/uploads\/2026\/01\/Fra-nettside-gjennestad-IMG_0531_cropped-2000x1250-px-1536x960.avif 1536w, https:\/\/bomuldsfabriken.no\/wp-content\/uploads\/2026\/01\/Fra-nettside-gjennestad-IMG_0531_cropped-2000x1250-px-18x12.avif 18w\" sizes=\"(max-width: 1240px) 100vw, 1240px\" \/>                            <\/div>\r\n                        \r\n                        <h4 class=\"event-card__title\">Anders Gjennestad \u2013 Uten tittel<\/h4>\r\n\r\n                        <div class=\"event-card__meta\">\r\n                                                    <\/div>\r\n\r\n                        \r\n                    <\/a>\r\n                            <\/div>\r\n        \r\n    <\/div>\r\n<\/div>","protected":false},"excerpt":{"rendered":"<p>Skulpturparken er under stadig utvidelse, og omfatter v\u00e5ren 2026 totalt 9 verk. Den f\u00f8rste skulpturen, Dyret av B\u00e5rd Breivik, ble montert allerede f\u00f8r gruvene \u00e5pnet<\/p>","protected":false},"author":9,"featured_media":1816,"parent":0,"menu_order":0,"comment_status":"closed","ping_status":"closed","template":"","meta":{"_acf_changed":false,"footnotes":""},"class_list":["post-2361","page","type-page","status-publish","has-post-thumbnail","hentry"],"acf":[],"yoast_head":"<!-- This site is optimized with the Yoast SEO plugin v27.4 - https:\/\/yoast.com\/product\/yoast-seo-wordpress\/ -->\n<title>Verk i skulpturparken - Bomuldsfabriken<\/title>\n<meta name=\"robots\" content=\"index, follow, max-snippet:-1, max-image-preview:large, max-video-preview:-1\" \/>\n<link rel=\"canonical\" href=\"https:\/\/bomuldsfabriken.no\/en\/verk-i-skulpturparken\/\" \/>\n<meta property=\"og:locale\" content=\"en_GB\" \/>\n<meta property=\"og:type\" content=\"article\" \/>\n<meta property=\"og:title\" content=\"Verk i skulpturparken - Bomuldsfabriken\" \/>\n<meta property=\"og:description\" content=\"Skulpturparken er under stadig utvidelse, og omfatter v\u00e5ren 2026 totalt 9 verk. Den f\u00f8rste skulpturen, Dyret av B\u00e5rd Breivik, ble montert allerede f\u00f8r gruvene \u00e5pnet\" \/>\n<meta property=\"og:url\" content=\"https:\/\/bomuldsfabriken.no\/en\/verk-i-skulpturparken\/\" \/>\n<meta property=\"og:site_name\" content=\"Bomuldsfabriken\" \/>\n<meta property=\"article:publisher\" content=\"https:\/\/www.facebook.com\/Bomuldsfabriken\/\" \/>\n<meta property=\"article:modified_time\" content=\"2026-04-17T19:30:50+00:00\" \/>\n<meta property=\"og:image\" content=\"https:\/\/bomuldsfabriken.no\/wp-content\/uploads\/2026\/01\/IMG_9258-traversatorie-vindeltrapp-2000x1250-1.avif\" \/>\n\t<meta property=\"og:image:width\" content=\"2000\" \/>\n\t<meta property=\"og:image:height\" content=\"1250\" \/>\n\t<meta property=\"og:image:type\" content=\"image\/jpeg\" \/>\n<meta name=\"twitter:card\" content=\"summary_large_image\" \/>\n<meta name=\"twitter:site\" content=\"@bomuldsfabriken\" \/>\n<meta name=\"twitter:label1\" content=\"Estimated reading time\" \/>\n\t<meta name=\"twitter:data1\" content=\"1 minute\" \/>\n<script type=\"application\/ld+json\" class=\"yoast-schema-graph\">{\"@context\":\"https:\\\/\\\/schema.org\",\"@graph\":[{\"@type\":\"WebPage\",\"@id\":\"https:\\\/\\\/bomuldsfabriken.no\\\/verk-i-skulpturparken\\\/\",\"url\":\"https:\\\/\\\/bomuldsfabriken.no\\\/verk-i-skulpturparken\\\/\",\"name\":\"Verk i skulpturparken - Bomuldsfabriken\",\"isPartOf\":{\"@id\":\"https:\\\/\\\/bomuldsfabriken.no\\\/#website\"},\"primaryImageOfPage\":{\"@id\":\"https:\\\/\\\/bomuldsfabriken.no\\\/verk-i-skulpturparken\\\/#primaryimage\"},\"image\":{\"@id\":\"https:\\\/\\\/bomuldsfabriken.no\\\/verk-i-skulpturparken\\\/#primaryimage\"},\"thumbnailUrl\":\"https:\\\/\\\/bomuldsfabriken.no\\\/wp-content\\\/uploads\\\/2026\\\/01\\\/IMG_9258-traversatorie-vindeltrapp-2000x1250-1.avif\",\"datePublished\":\"2026-04-17T18:37:24+00:00\",\"dateModified\":\"2026-04-17T19:30:50+00:00\",\"breadcrumb\":{\"@id\":\"https:\\\/\\\/bomuldsfabriken.no\\\/verk-i-skulpturparken\\\/#breadcrumb\"},\"inLanguage\":\"en-GB\",\"potentialAction\":[{\"@type\":\"ReadAction\",\"target\":[\"https:\\\/\\\/bomuldsfabriken.no\\\/verk-i-skulpturparken\\\/\"]}]},{\"@type\":\"ImageObject\",\"inLanguage\":\"en-GB\",\"@id\":\"https:\\\/\\\/bomuldsfabriken.no\\\/verk-i-skulpturparken\\\/#primaryimage\",\"url\":\"https:\\\/\\\/bomuldsfabriken.no\\\/wp-content\\\/uploads\\\/2026\\\/01\\\/IMG_9258-traversatorie-vindeltrapp-2000x1250-1.avif\",\"contentUrl\":\"https:\\\/\\\/bomuldsfabriken.no\\\/wp-content\\\/uploads\\\/2026\\\/01\\\/IMG_9258-traversatorie-vindeltrapp-2000x1250-1.avif\",\"width\":2000,\"height\":1250},{\"@type\":\"BreadcrumbList\",\"@id\":\"https:\\\/\\\/bomuldsfabriken.no\\\/verk-i-skulpturparken\\\/#breadcrumb\",\"itemListElement\":[{\"@type\":\"ListItem\",\"position\":1,\"name\":\"Home\",\"item\":\"https:\\\/\\\/bomuldsfabriken.no\\\/\"},{\"@type\":\"ListItem\",\"position\":2,\"name\":\"Verk i skulpturparken\"}]},{\"@type\":\"WebSite\",\"@id\":\"https:\\\/\\\/bomuldsfabriken.no\\\/#website\",\"url\":\"https:\\\/\\\/bomuldsfabriken.no\\\/\",\"name\":\"Bomuldsfabriken\",\"description\":\"Kunsthallen i Arendal \u2013 Bomuldsfabriken\",\"publisher\":{\"@id\":\"https:\\\/\\\/bomuldsfabriken.no\\\/#organization\"},\"potentialAction\":[{\"@type\":\"SearchAction\",\"target\":{\"@type\":\"EntryPoint\",\"urlTemplate\":\"https:\\\/\\\/bomuldsfabriken.no\\\/?s={search_term_string}\"},\"query-input\":{\"@type\":\"PropertyValueSpecification\",\"valueRequired\":true,\"valueName\":\"search_term_string\"}}],\"inLanguage\":\"en-GB\"},{\"@type\":\"Organization\",\"@id\":\"https:\\\/\\\/bomuldsfabriken.no\\\/#organization\",\"name\":\"Bomuldsfabriken\",\"url\":\"https:\\\/\\\/bomuldsfabriken.no\\\/\",\"logo\":{\"@type\":\"ImageObject\",\"inLanguage\":\"en-GB\",\"@id\":\"https:\\\/\\\/bomuldsfabriken.no\\\/#\\\/schema\\\/logo\\\/image\\\/\",\"url\":\"https:\\\/\\\/bomuldsfabriken.no\\\/wp-content\\\/uploads\\\/2025\\\/06\\\/bomlog.svg\",\"contentUrl\":\"https:\\\/\\\/bomuldsfabriken.no\\\/wp-content\\\/uploads\\\/2025\\\/06\\\/bomlog.svg\",\"caption\":\"Bomuldsfabriken\"},\"image\":{\"@id\":\"https:\\\/\\\/bomuldsfabriken.no\\\/#\\\/schema\\\/logo\\\/image\\\/\"},\"sameAs\":[\"https:\\\/\\\/www.facebook.com\\\/Bomuldsfabriken\\\/\",\"https:\\\/\\\/x.com\\\/bomuldsfabriken\",\"https:\\\/\\\/www.instagram.com\\\/bomuldsfabriken\"]}]}<\/script>\n<!-- \/ Yoast SEO plugin. -->","yoast_head_json":{"title":"Verk i skulpturparken - Bomuldsfabriken","robots":{"index":"index","follow":"follow","max-snippet":"max-snippet:-1","max-image-preview":"max-image-preview:large","max-video-preview":"max-video-preview:-1"},"canonical":"https:\/\/bomuldsfabriken.no\/en\/verk-i-skulpturparken\/","og_locale":"en_GB","og_type":"article","og_title":"Verk i skulpturparken - Bomuldsfabriken","og_description":"Skulpturparken er under stadig utvidelse, og omfatter v\u00e5ren 2026 totalt 9 verk. Den f\u00f8rste skulpturen, Dyret av B\u00e5rd Breivik, ble montert allerede f\u00f8r gruvene \u00e5pnet","og_url":"https:\/\/bomuldsfabriken.no\/en\/verk-i-skulpturparken\/","og_site_name":"Bomuldsfabriken","article_publisher":"https:\/\/www.facebook.com\/Bomuldsfabriken\/","article_modified_time":"2026-04-17T19:30:50+00:00","og_image":[{"width":2000,"height":1250,"url":"https:\/\/bomuldsfabriken.no\/wp-content\/uploads\/2026\/01\/IMG_9258-traversatorie-vindeltrapp-2000x1250-1.avif","type":"image\/jpeg"}],"twitter_card":"summary_large_image","twitter_site":"@bomuldsfabriken","twitter_misc":{"Estimated reading time":"1 minute"},"schema":{"@context":"https:\/\/schema.org","@graph":[{"@type":"WebPage","@id":"https:\/\/bomuldsfabriken.no\/verk-i-skulpturparken\/","url":"https:\/\/bomuldsfabriken.no\/verk-i-skulpturparken\/","name":"Verk i skulpturparken - Bomuldsfabriken","isPartOf":{"@id":"https:\/\/bomuldsfabriken.no\/#website"},"primaryImageOfPage":{"@id":"https:\/\/bomuldsfabriken.no\/verk-i-skulpturparken\/#primaryimage"},"image":{"@id":"https:\/\/bomuldsfabriken.no\/verk-i-skulpturparken\/#primaryimage"},"thumbnailUrl":"https:\/\/bomuldsfabriken.no\/wp-content\/uploads\/2026\/01\/IMG_9258-traversatorie-vindeltrapp-2000x1250-1.avif","datePublished":"2026-04-17T18:37:24+00:00","dateModified":"2026-04-17T19:30:50+00:00","breadcrumb":{"@id":"https:\/\/bomuldsfabriken.no\/verk-i-skulpturparken\/#breadcrumb"},"inLanguage":"en-GB","potentialAction":[{"@type":"ReadAction","target":["https:\/\/bomuldsfabriken.no\/verk-i-skulpturparken\/"]}]},{"@type":"ImageObject","inLanguage":"en-GB","@id":"https:\/\/bomuldsfabriken.no\/verk-i-skulpturparken\/#primaryimage","url":"https:\/\/bomuldsfabriken.no\/wp-content\/uploads\/2026\/01\/IMG_9258-traversatorie-vindeltrapp-2000x1250-1.avif","contentUrl":"https:\/\/bomuldsfabriken.no\/wp-content\/uploads\/2026\/01\/IMG_9258-traversatorie-vindeltrapp-2000x1250-1.avif","width":2000,"height":1250},{"@type":"BreadcrumbList","@id":"https:\/\/bomuldsfabriken.no\/verk-i-skulpturparken\/#breadcrumb","itemListElement":[{"@type":"ListItem","position":1,"name":"Home","item":"https:\/\/bomuldsfabriken.no\/"},{"@type":"ListItem","position":2,"name":"Verk i skulpturparken"}]},{"@type":"WebSite","@id":"https:\/\/bomuldsfabriken.no\/#website","url":"https:\/\/bomuldsfabriken.no\/","name":"Bomuldsfabriken","description":"Kunsthallen i Arendal \u2013 Bomuldsfabriken","publisher":{"@id":"https:\/\/bomuldsfabriken.no\/#organization"},"potentialAction":[{"@type":"SearchAction","target":{"@type":"EntryPoint","urlTemplate":"https:\/\/bomuldsfabriken.no\/?s={search_term_string}"},"query-input":{"@type":"PropertyValueSpecification","valueRequired":true,"valueName":"search_term_string"}}],"inLanguage":"en-GB"},{"@type":"Organization","@id":"https:\/\/bomuldsfabriken.no\/#organization","name":"Bomuldsfabriken","url":"https:\/\/bomuldsfabriken.no\/","logo":{"@type":"ImageObject","inLanguage":"en-GB","@id":"https:\/\/bomuldsfabriken.no\/#\/schema\/logo\/image\/","url":"https:\/\/bomuldsfabriken.no\/wp-content\/uploads\/2025\/06\/bomlog.svg","contentUrl":"https:\/\/bomuldsfabriken.no\/wp-content\/uploads\/2025\/06\/bomlog.svg","caption":"Bomuldsfabriken"},"image":{"@id":"https:\/\/bomuldsfabriken.no\/#\/schema\/logo\/image\/"},"sameAs":["https:\/\/www.facebook.com\/Bomuldsfabriken\/","https:\/\/x.com\/bomuldsfabriken","https:\/\/www.instagram.com\/bomuldsfabriken"]}]}},"_links":{"self":[{"href":"https:\/\/bomuldsfabriken.no\/en\/wp-json\/wp\/v2\/pages\/2361","targetHints":{"allow":["GET"]}}],"collection":[{"href":"https:\/\/bomuldsfabriken.no\/en\/wp-json\/wp\/v2\/pages"}],"about":[{"href":"https:\/\/bomuldsfabriken.no\/en\/wp-json\/wp\/v2\/types\/page"}],"author":[{"embeddable":true,"href":"https:\/\/bomuldsfabriken.no\/en\/wp-json\/wp\/v2\/users\/9"}],"replies":[{"embeddable":true,"href":"https:\/\/bomuldsfabriken.no\/en\/wp-json\/wp\/v2\/comments?post=2361"}],"version-history":[{"count":8,"href":"https:\/\/bomuldsfabriken.no\/en\/wp-json\/wp\/v2\/pages\/2361\/revisions"}],"predecessor-version":[{"id":2373,"href":"https:\/\/bomuldsfabriken.no\/en\/wp-json\/wp\/v2\/pages\/2361\/revisions\/2373"}],"wp:featuredmedia":[{"embeddable":true,"href":"https:\/\/bomuldsfabriken.no\/en\/wp-json\/wp\/v2\/media\/1816"}],"wp:attachment":[{"href":"https:\/\/bomuldsfabriken.no\/en\/wp-json\/wp\/v2\/media?parent=2361"}],"curies":[{"name":"wp","href":"https:\/\/api.w.org\/{rel}","templated":true}]}}