{"id":647,"date":"2026-01-16T10:05:46","date_gmt":"2026-01-16T10:05:46","guid":{"rendered":"http:\/\/bomuldification.test\/?page_id=647"},"modified":"2026-04-17T17:25:41","modified_gmt":"2026-04-17T17:25:41","slug":"besok-oss","status":"publish","type":"page","link":"https:\/\/bomuldsfabriken.no\/en\/besok-oss\/","title":{"rendered":"Bes\u00f8k oss"},"content":{"rendered":"<div id=\"accordion--block_87956b49d6a54283fb6ba1cee44150ea\" class=\"root-level-block accordion\">\r\n        <div class=\"container grid-3-6-3\">\r\n                            <details class=\"accordion-item\">\r\n                    <summary class=\"accordion-title\">\u00c5pningstider<\/summary>\r\n                    <div class=\"accordion-content\"><p>Stengt 13. april til 2. mai p\u00e5 grunn av nymonteringer.<\/p>\n<p>Tirsdag\u2013s\u00f8ndag: Kl. 11:00\u201317:00<br \/>\nTorsdag: Kl. 11:00\u201320:00<br \/>\nMandag: Stengt<\/p>\n<\/div>\r\n                <\/details>\r\n                            <details class=\"accordion-item\">\r\n                    <summary class=\"accordion-title\">Adresse<\/summary>\r\n                    <div class=\"accordion-content\"><p>Bomuldsfabriken<br \/>\nOddenveien 5<br \/>\n4847 Arendal<br \/>\nNorway<\/p>\n<p><a href=\"https:\/\/www.google.com\/maps?rlz=1C1GCEA_enNO944NO944&amp;um=1&amp;ie=UTF-8&amp;fb=1&amp;gl=no&amp;sa=X&amp;geocode=KVW8qYXslEdGMYR5CgLJII_p&amp;daddr=Oddenveien+5,+4847+Arendal\">\u00c5pne Google Maps<\/a><\/p>\n<\/div>\r\n                <\/details>\r\n                            <details class=\"accordion-item\">\r\n                    <summary class=\"accordion-title\">Finn frem<\/summary>\r\n                    <div class=\"accordion-content\"><p>Bomuldsfabriken ligger like ved S\u00f8rlandets sykehus og Langs\u00e6vannet. Det tar ca 15. minutter \u00e5 spasere fra Arendal sentrum.<\/p>\n<p><a href=\"https:\/\/www.google.com\/maps?rlz=1C1GCEA_enNO944NO944&amp;um=1&amp;ie=UTF-8&amp;fb=1&amp;gl=no&amp;sa=X&amp;geocode=KVW8qYXslEdGMYR5CgLJII_p&amp;daddr=Oddenveien+5,+4847+Arendal\">\u00c5pne Google Maps.<\/a><\/p>\n<\/div>\r\n                <\/details>\r\n                            <details class=\"accordion-item\">\r\n                    <summary class=\"accordion-title\">Fysisk tilgjengelighet<\/summary>\r\n                    <div class=\"accordion-content\"><p class=\"uk-width-3-4@s\">Inngangen med universell tilkomst er p\u00e5 bygningens vestre side for hovedinngangen. Bomuldsfabriken tar imot servicehunder og har kj\u00f8nnsn\u00f8ytrale toalettfasiliteter tilrettelagt for rullestolbrukere.<\/p>\n<p>Ta gjerne kontakt med resepsjonen ved ankomst 907 56 772.<\/p>\n<p>For ytterligere sp\u00f8rsm\u00e5l om tilkomst eller annen tilpasset assistanse, vennligst send en e-post til post@bomuldsfabriken.no.<\/p>\n<\/div>\r\n                <\/details>\r\n                            <details class=\"accordion-item\">\r\n                    <summary class=\"accordion-title\">Kaf\u00e9<\/summary>\r\n                    <div class=\"accordion-content\"><p>Ny kaf\u00e9 er under utvikling og vil forh\u00e5pentligvis \u00e5pne i l\u00f8pet av 2026.<br \/>\nFrem til kaf\u00e9en er p\u00e5 plass, kan du f\u00e5 en gratis kopp te eller kaffe.<\/p>\n<p>Vi har enkel servering under arrangementer.<\/p>\n<\/div>\r\n                <\/details>\r\n                            <details class=\"accordion-item\">\r\n                    <summary class=\"accordion-title\">Billettpriser<\/summary>\r\n                    <div class=\"accordion-content\"><p>Bomuldsfabriken er \u00e5pen for alle og det er gratis inngang.<\/p>\n<p>Det hender vi tar betalt for billetter til konserter og arrangementer.<\/p>\n<\/div>\r\n                <\/details>\r\n                            <details class=\"accordion-item\">\r\n                    <summary class=\"accordion-title\">Private omvisninger<\/summary>\r\n                    <div class=\"accordion-content\"><p>Kontakt oss p\u00e5 post@bomuldsfabriken.no<\/p>\n<\/div>\r\n                <\/details>\r\n                            <details class=\"accordion-item\">\r\n                    <summary class=\"accordion-title\">Parkering<\/summary>\r\n                    <div class=\"accordion-content\"><p>Parkering finner du p\u00e5 baksiden av Bomuldsfabriken.<\/p>\n<p>Det er gratis \u00e5 parkere for bes\u00f8kende til Kunsthallen.<\/p>\n<\/div>\r\n                <\/details>\r\n                    <\/div>  \r\n    <\/div>\r\n\n\n\n<div class=\"wp-block-columns is-layout-flex wp-container-core-columns-is-layout-9d6595d7 wp-block-columns-is-layout-flex\">\n<div class=\"wp-block-column is-layout-flow wp-block-column-is-layout-flow\" style=\"flex-basis:100%\">\r\n<div id=\"image--block_86f2cdb6bd261d0fd13cc95a4dd69fb1\" class=\"root-level-block our-version-of-a-image\">\r\n    \r\n    <div class=\"container grid-3-6-3\">\r\n\r\n        <figure class=\"image-container images-set-to-wide\">\r\n        \r\n            <img decoding=\"async\" src=\"https:\/\/bomuldsfabriken.no\/wp-content\/uploads\/2025\/12\/Folk_web-1.avif\" alt=\"\">\r\n\r\n                            <figcaption class=\"image-caption\">\r\n                    Kafe er under utvikling og vil forh\u00e5pentligvis \u00e5pne i l\u00f8pet av 2026. \r\nFrem til ny kafe er p\u00e5 plass, kan du f\u00e5 en gratis kopp te eller kaffe.                 <\/figcaption>\r\n            \r\n        <\/figure>\r\n\r\n    <\/div>\r\n\r\n<\/div>\r\n<\/div>\n<\/div>","protected":false},"excerpt":{"rendered":"","protected":false},"author":8,"featured_media":1359,"parent":0,"menu_order":0,"comment_status":"closed","ping_status":"closed","template":"","meta":{"_acf_changed":false,"footnotes":""},"class_list":["post-647","page","type-page","status-publish","has-post-thumbnail","hentry"],"acf":[],"yoast_head":"<!-- This site is optimized with the Yoast SEO plugin v27.4 - https:\/\/yoast.com\/product\/yoast-seo-wordpress\/ -->\n<title>Bes\u00f8k oss - Bomuldsfabriken<\/title>\n<meta name=\"robots\" content=\"index, follow, max-snippet:-1, max-image-preview:large, max-video-preview:-1\" \/>\n<link rel=\"canonical\" href=\"https:\/\/bomuldsfabriken.no\/en\/besok-oss\/\" \/>\n<meta property=\"og:locale\" content=\"en_GB\" \/>\n<meta property=\"og:type\" content=\"article\" \/>\n<meta property=\"og:title\" content=\"Bes\u00f8k oss - Bomuldsfabriken\" \/>\n<meta property=\"og:url\" content=\"https:\/\/bomuldsfabriken.no\/en\/besok-oss\/\" \/>\n<meta property=\"og:site_name\" content=\"Bomuldsfabriken\" \/>\n<meta property=\"article:publisher\" content=\"https:\/\/www.facebook.com\/Bomuldsfabriken\/\" \/>\n<meta property=\"article:modified_time\" content=\"2026-04-17T17:25:41+00:00\" \/>\n<meta property=\"og:image\" content=\"https:\/\/bomuldsfabriken.no\/wp-content\/uploads\/2025\/12\/Folk_web-10.avif\" \/>\n\t<meta property=\"og:image:width\" content=\"2000\" \/>\n\t<meta property=\"og:image:height\" content=\"1250\" \/>\n\t<meta property=\"og:image:type\" content=\"image\/jpeg\" \/>\n<meta name=\"twitter:card\" content=\"summary_large_image\" \/>\n<meta name=\"twitter:site\" content=\"@bomuldsfabriken\" \/>\n<meta name=\"twitter:label1\" content=\"Estimated reading time\" \/>\n\t<meta name=\"twitter:data1\" content=\"1 minute\" \/>\n<script type=\"application\/ld+json\" class=\"yoast-schema-graph\">{\"@context\":\"https:\\\/\\\/schema.org\",\"@graph\":[{\"@type\":\"WebPage\",\"@id\":\"https:\\\/\\\/bomuldsfabriken.no\\\/besok-oss\\\/\",\"url\":\"https:\\\/\\\/bomuldsfabriken.no\\\/besok-oss\\\/\",\"name\":\"Bes\u00f8k oss - Bomuldsfabriken\",\"isPartOf\":{\"@id\":\"https:\\\/\\\/bomuldsfabriken.no\\\/#website\"},\"primaryImageOfPage\":{\"@id\":\"https:\\\/\\\/bomuldsfabriken.no\\\/besok-oss\\\/#primaryimage\"},\"image\":{\"@id\":\"https:\\\/\\\/bomuldsfabriken.no\\\/besok-oss\\\/#primaryimage\"},\"thumbnailUrl\":\"https:\\\/\\\/bomuldsfabriken.no\\\/wp-content\\\/uploads\\\/2025\\\/12\\\/Folk_web-10.avif\",\"datePublished\":\"2026-01-16T10:05:46+00:00\",\"dateModified\":\"2026-04-17T17:25:41+00:00\",\"breadcrumb\":{\"@id\":\"https:\\\/\\\/bomuldsfabriken.no\\\/besok-oss\\\/#breadcrumb\"},\"inLanguage\":\"en-GB\",\"potentialAction\":[{\"@type\":\"ReadAction\",\"target\":[\"https:\\\/\\\/bomuldsfabriken.no\\\/besok-oss\\\/\"]}]},{\"@type\":\"ImageObject\",\"inLanguage\":\"en-GB\",\"@id\":\"https:\\\/\\\/bomuldsfabriken.no\\\/besok-oss\\\/#primaryimage\",\"url\":\"https:\\\/\\\/bomuldsfabriken.no\\\/wp-content\\\/uploads\\\/2025\\\/12\\\/Folk_web-10.avif\",\"contentUrl\":\"https:\\\/\\\/bomuldsfabriken.no\\\/wp-content\\\/uploads\\\/2025\\\/12\\\/Folk_web-10.avif\",\"width\":2000,\"height\":1250},{\"@type\":\"BreadcrumbList\",\"@id\":\"https:\\\/\\\/bomuldsfabriken.no\\\/besok-oss\\\/#breadcrumb\",\"itemListElement\":[{\"@type\":\"ListItem\",\"position\":1,\"name\":\"Home\",\"item\":\"https:\\\/\\\/bomuldsfabriken.no\\\/\"},{\"@type\":\"ListItem\",\"position\":2,\"name\":\"Bes\u00f8k oss\"}]},{\"@type\":\"WebSite\",\"@id\":\"https:\\\/\\\/bomuldsfabriken.no\\\/#website\",\"url\":\"https:\\\/\\\/bomuldsfabriken.no\\\/\",\"name\":\"Bomuldsfabriken\",\"description\":\"Kunsthallen i Arendal \u2013 Bomuldsfabriken\",\"publisher\":{\"@id\":\"https:\\\/\\\/bomuldsfabriken.no\\\/#organization\"},\"potentialAction\":[{\"@type\":\"SearchAction\",\"target\":{\"@type\":\"EntryPoint\",\"urlTemplate\":\"https:\\\/\\\/bomuldsfabriken.no\\\/?s={search_term_string}\"},\"query-input\":{\"@type\":\"PropertyValueSpecification\",\"valueRequired\":true,\"valueName\":\"search_term_string\"}}],\"inLanguage\":\"en-GB\"},{\"@type\":\"Organization\",\"@id\":\"https:\\\/\\\/bomuldsfabriken.no\\\/#organization\",\"name\":\"Bomuldsfabriken\",\"url\":\"https:\\\/\\\/bomuldsfabriken.no\\\/\",\"logo\":{\"@type\":\"ImageObject\",\"inLanguage\":\"en-GB\",\"@id\":\"https:\\\/\\\/bomuldsfabriken.no\\\/#\\\/schema\\\/logo\\\/image\\\/\",\"url\":\"https:\\\/\\\/bomuldsfabriken.no\\\/wp-content\\\/uploads\\\/2025\\\/06\\\/bomlog.svg\",\"contentUrl\":\"https:\\\/\\\/bomuldsfabriken.no\\\/wp-content\\\/uploads\\\/2025\\\/06\\\/bomlog.svg\",\"caption\":\"Bomuldsfabriken\"},\"image\":{\"@id\":\"https:\\\/\\\/bomuldsfabriken.no\\\/#\\\/schema\\\/logo\\\/image\\\/\"},\"sameAs\":[\"https:\\\/\\\/www.facebook.com\\\/Bomuldsfabriken\\\/\",\"https:\\\/\\\/x.com\\\/bomuldsfabriken\",\"https:\\\/\\\/www.instagram.com\\\/bomuldsfabriken\"]}]}<\/script>\n<!-- \/ Yoast SEO plugin. -->","yoast_head_json":{"title":"Bes\u00f8k oss - Bomuldsfabriken","robots":{"index":"index","follow":"follow","max-snippet":"max-snippet:-1","max-image-preview":"max-image-preview:large","max-video-preview":"max-video-preview:-1"},"canonical":"https:\/\/bomuldsfabriken.no\/en\/besok-oss\/","og_locale":"en_GB","og_type":"article","og_title":"Bes\u00f8k oss - Bomuldsfabriken","og_url":"https:\/\/bomuldsfabriken.no\/en\/besok-oss\/","og_site_name":"Bomuldsfabriken","article_publisher":"https:\/\/www.facebook.com\/Bomuldsfabriken\/","article_modified_time":"2026-04-17T17:25:41+00:00","og_image":[{"width":2000,"height":1250,"url":"https:\/\/bomuldsfabriken.no\/wp-content\/uploads\/2025\/12\/Folk_web-10.avif","type":"image\/jpeg"}],"twitter_card":"summary_large_image","twitter_site":"@bomuldsfabriken","twitter_misc":{"Estimated reading time":"1 minute"},"schema":{"@context":"https:\/\/schema.org","@graph":[{"@type":"WebPage","@id":"https:\/\/bomuldsfabriken.no\/besok-oss\/","url":"https:\/\/bomuldsfabriken.no\/besok-oss\/","name":"Bes\u00f8k oss - Bomuldsfabriken","isPartOf":{"@id":"https:\/\/bomuldsfabriken.no\/#website"},"primaryImageOfPage":{"@id":"https:\/\/bomuldsfabriken.no\/besok-oss\/#primaryimage"},"image":{"@id":"https:\/\/bomuldsfabriken.no\/besok-oss\/#primaryimage"},"thumbnailUrl":"https:\/\/bomuldsfabriken.no\/wp-content\/uploads\/2025\/12\/Folk_web-10.avif","datePublished":"2026-01-16T10:05:46+00:00","dateModified":"2026-04-17T17:25:41+00:00","breadcrumb":{"@id":"https:\/\/bomuldsfabriken.no\/besok-oss\/#breadcrumb"},"inLanguage":"en-GB","potentialAction":[{"@type":"ReadAction","target":["https:\/\/bomuldsfabriken.no\/besok-oss\/"]}]},{"@type":"ImageObject","inLanguage":"en-GB","@id":"https:\/\/bomuldsfabriken.no\/besok-oss\/#primaryimage","url":"https:\/\/bomuldsfabriken.no\/wp-content\/uploads\/2025\/12\/Folk_web-10.avif","contentUrl":"https:\/\/bomuldsfabriken.no\/wp-content\/uploads\/2025\/12\/Folk_web-10.avif","width":2000,"height":1250},{"@type":"BreadcrumbList","@id":"https:\/\/bomuldsfabriken.no\/besok-oss\/#breadcrumb","itemListElement":[{"@type":"ListItem","position":1,"name":"Home","item":"https:\/\/bomuldsfabriken.no\/"},{"@type":"ListItem","position":2,"name":"Bes\u00f8k oss"}]},{"@type":"WebSite","@id":"https:\/\/bomuldsfabriken.no\/#website","url":"https:\/\/bomuldsfabriken.no\/","name":"Bomuldsfabriken","description":"Kunsthallen i Arendal \u2013 Bomuldsfabriken","publisher":{"@id":"https:\/\/bomuldsfabriken.no\/#organization"},"potentialAction":[{"@type":"SearchAction","target":{"@type":"EntryPoint","urlTemplate":"https:\/\/bomuldsfabriken.no\/?s={search_term_string}"},"query-input":{"@type":"PropertyValueSpecification","valueRequired":true,"valueName":"search_term_string"}}],"inLanguage":"en-GB"},{"@type":"Organization","@id":"https:\/\/bomuldsfabriken.no\/#organization","name":"Bomuldsfabriken","url":"https:\/\/bomuldsfabriken.no\/","logo":{"@type":"ImageObject","inLanguage":"en-GB","@id":"https:\/\/bomuldsfabriken.no\/#\/schema\/logo\/image\/","url":"https:\/\/bomuldsfabriken.no\/wp-content\/uploads\/2025\/06\/bomlog.svg","contentUrl":"https:\/\/bomuldsfabriken.no\/wp-content\/uploads\/2025\/06\/bomlog.svg","caption":"Bomuldsfabriken"},"image":{"@id":"https:\/\/bomuldsfabriken.no\/#\/schema\/logo\/image\/"},"sameAs":["https:\/\/www.facebook.com\/Bomuldsfabriken\/","https:\/\/x.com\/bomuldsfabriken","https:\/\/www.instagram.com\/bomuldsfabriken"]}]}},"_links":{"self":[{"href":"https:\/\/bomuldsfabriken.no\/en\/wp-json\/wp\/v2\/pages\/647","targetHints":{"allow":["GET"]}}],"collection":[{"href":"https:\/\/bomuldsfabriken.no\/en\/wp-json\/wp\/v2\/pages"}],"about":[{"href":"https:\/\/bomuldsfabriken.no\/en\/wp-json\/wp\/v2\/types\/page"}],"author":[{"embeddable":true,"href":"https:\/\/bomuldsfabriken.no\/en\/wp-json\/wp\/v2\/users\/8"}],"replies":[{"embeddable":true,"href":"https:\/\/bomuldsfabriken.no\/en\/wp-json\/wp\/v2\/comments?post=647"}],"version-history":[{"count":63,"href":"https:\/\/bomuldsfabriken.no\/en\/wp-json\/wp\/v2\/pages\/647\/revisions"}],"predecessor-version":[{"id":2351,"href":"https:\/\/bomuldsfabriken.no\/en\/wp-json\/wp\/v2\/pages\/647\/revisions\/2351"}],"wp:featuredmedia":[{"embeddable":true,"href":"https:\/\/bomuldsfabriken.no\/en\/wp-json\/wp\/v2\/media\/1359"}],"wp:attachment":[{"href":"https:\/\/bomuldsfabriken.no\/en\/wp-json\/wp\/v2\/media?parent=647"}],"curies":[{"name":"wp","href":"https:\/\/api.w.org\/{rel}","templated":true}]}}