{"id":741,"date":"2026-01-16T10:05:46","date_gmt":"2026-01-16T10:05:46","guid":{"rendered":"http:\/\/bomuldification.test\/?page_id=741"},"modified":"2026-01-30T11:44:28","modified_gmt":"2026-01-30T11:44:28","slug":"formidling","status":"publish","type":"page","link":"https:\/\/bomuldsfabriken.no\/en\/formidling\/","title":{"rendered":"Formidling"},"content":{"rendered":"<div id=\"paragraph--block_416c4acced26db74fdb45039f76f1ba0\" class=\"root-level-block paragraph\">\r\n    \r\n    <div class=\"container grid-3-6-3\">\r\n\r\n        \r\n                    <div class=\"wysiwyg\">\r\n                <p>Vi tilbyr omvisning til grupper, privatpersoner, organisasjoner, barnehager og skoleklasser. <a href=\"mailto:post@bomuldsfabriken.no\">Ta kontakt for \u00e5 avtale tidspunkt.<\/a><\/p>\n<p>Flere ganger \u00e5rlig sender vi invitasjoner til skolene i Arendal med tilbud om omvisning og kunstverksted tilknyttet v\u00e5re utstillinger.<\/p>\n<p>Vi har ogs\u00e5 en <a href=\"https:\/\/bomuldsfabriken.no\/en\/kunstklubb\/\">gratis, ukentlig kunstklubb<\/a> for barn mellom 5.\u20137. trinn.<\/p>\n<p>Vi legger stor vekt p\u00e5 at formidlingen av kunst skal n\u00e5 ut til et st\u00f8rst mulig publikum. Vi arbeider for \u00e5 \u00e5pne opp for opplevelser som kan gi nye forklarings- og fortolkningsmuligheter. I m\u00f8tet med samtidskunsten legger vi til rette for et bredt og sammensatt formidlingstilbud. Vi er villige til \u00e5 g\u00e5 nye veier i formidlingen, og s\u00f8ker hele tiden etter og satser p\u00e5 nye konsepter og metoder.<\/p>\n            <\/div>\r\n        \r\n    <\/div>\r\n\r\n<\/div>\r\n\n\n\r\n<div id=\"event-cards--block_c181734f35cf47dbbca156d8ad57ad69\" class=\"root-level-block event-cards\">\r\n    <div class=\"container\">\r\n\r\n                \r\n\r\n                    <div class=\"events-cards\">\r\n                                    <a href=\"https:\/\/bomuldsfabriken.no\/en\/formidling\/omvisninger\/\" class=\"event-card\">\r\n                                                    <div class=\"event-card__image\">\r\n                                <img decoding=\"async\" width=\"1240\" height=\"827\" src=\"https:\/\/bomuldsfabriken.no\/wp-content\/uploads\/2026\/01\/Mona-Hauglid-Foto-8075-2000x1334.avif\" class=\"attachment-large size-large wp-post-image\" alt=\"\" srcset=\"https:\/\/bomuldsfabriken.no\/wp-content\/uploads\/2026\/01\/Mona-Hauglid-Foto-8075-2000x1334.avif 2000w, https:\/\/bomuldsfabriken.no\/wp-content\/uploads\/2026\/01\/Mona-Hauglid-Foto-8075-300x200.avif 300w, https:\/\/bomuldsfabriken.no\/wp-content\/uploads\/2026\/01\/Mona-Hauglid-Foto-8075-768x512.avif 768w, https:\/\/bomuldsfabriken.no\/wp-content\/uploads\/2026\/01\/Mona-Hauglid-Foto-8075-1536x1025.avif 1536w, https:\/\/bomuldsfabriken.no\/wp-content\/uploads\/2026\/01\/Mona-Hauglid-Foto-8075-2048x1366.avif 2048w\" sizes=\"(max-width: 1240px) 100vw, 1240px\" \/>                            <\/div>\r\n                        \r\n                        \r\n                        <h4 class=\"event-card__title\">Omvisninger<\/h4>\r\n\r\n                    <\/a>\r\n                                    <a href=\"https:\/\/bomuldsfabriken.no\/en\/formidling\/skolebesok\/\" class=\"event-card\">\r\n                                                    <div class=\"event-card__image\">\r\n                                <img decoding=\"async\" width=\"900\" height=\"675\" src=\"https:\/\/bomuldsfabriken.no\/wp-content\/uploads\/2025\/07\/IMG_2247_Bf_900.jpg\" class=\"attachment-large size-large wp-post-image\" alt=\"\" srcset=\"https:\/\/bomuldsfabriken.no\/wp-content\/uploads\/2025\/07\/IMG_2247_Bf_900.jpg 900w, https:\/\/bomuldsfabriken.no\/wp-content\/uploads\/2025\/07\/IMG_2247_Bf_900-300x225.jpg 300w, https:\/\/bomuldsfabriken.no\/wp-content\/uploads\/2025\/07\/IMG_2247_Bf_900-768x576.jpg 768w\" sizes=\"(max-width: 900px) 100vw, 900px\" \/>                            <\/div>\r\n                        \r\n                        \r\n                        <h4 class=\"event-card__title\">Skolebes\u00f8k<\/h4>\r\n\r\n                    <\/a>\r\n                            <\/div>\r\n        \r\n    <\/div>\r\n<\/div>","protected":false},"excerpt":{"rendered":"","protected":false},"author":8,"featured_media":1719,"parent":0,"menu_order":0,"comment_status":"closed","ping_status":"closed","template":"","meta":{"_acf_changed":false,"footnotes":""},"class_list":["post-741","page","type-page","status-publish","has-post-thumbnail","hentry"],"acf":[],"yoast_head":"<!-- This site is optimized with the Yoast SEO plugin v27.4 - https:\/\/yoast.com\/product\/yoast-seo-wordpress\/ -->\n<title>Formidling - Bomuldsfabriken<\/title>\n<meta name=\"robots\" content=\"index, follow, max-snippet:-1, max-image-preview:large, max-video-preview:-1\" \/>\n<link rel=\"canonical\" href=\"https:\/\/bomuldsfabriken.no\/en\/formidling\/\" \/>\n<meta property=\"og:locale\" content=\"en_GB\" \/>\n<meta property=\"og:type\" content=\"article\" \/>\n<meta property=\"og:title\" content=\"Formidling - Bomuldsfabriken\" \/>\n<meta property=\"og:url\" content=\"https:\/\/bomuldsfabriken.no\/en\/formidling\/\" \/>\n<meta property=\"og:site_name\" content=\"Bomuldsfabriken\" \/>\n<meta property=\"article:publisher\" content=\"https:\/\/www.facebook.com\/Bomuldsfabriken\/\" \/>\n<meta property=\"article:modified_time\" content=\"2026-01-30T11:44:28+00:00\" \/>\n<meta property=\"og:image\" content=\"https:\/\/bomuldsfabriken.no\/wp-content\/uploads\/2026\/01\/DSC02388.avif\" \/>\n\t<meta property=\"og:image:width\" content=\"6000\" \/>\n\t<meta property=\"og:image:height\" content=\"4000\" \/>\n\t<meta property=\"og:image:type\" content=\"image\/jpeg\" \/>\n<meta name=\"twitter:card\" content=\"summary_large_image\" \/>\n<meta name=\"twitter:site\" content=\"@bomuldsfabriken\" \/>\n<meta name=\"twitter:label1\" content=\"Estimated reading time\" \/>\n\t<meta name=\"twitter:data1\" content=\"1 minute\" \/>\n<script type=\"application\/ld+json\" class=\"yoast-schema-graph\">{\"@context\":\"https:\\\/\\\/schema.org\",\"@graph\":[{\"@type\":\"WebPage\",\"@id\":\"https:\\\/\\\/bomuldsfabriken.no\\\/formidling\\\/\",\"url\":\"https:\\\/\\\/bomuldsfabriken.no\\\/formidling\\\/\",\"name\":\"Formidling - Bomuldsfabriken\",\"isPartOf\":{\"@id\":\"https:\\\/\\\/bomuldsfabriken.no\\\/#website\"},\"primaryImageOfPage\":{\"@id\":\"https:\\\/\\\/bomuldsfabriken.no\\\/formidling\\\/#primaryimage\"},\"image\":{\"@id\":\"https:\\\/\\\/bomuldsfabriken.no\\\/formidling\\\/#primaryimage\"},\"thumbnailUrl\":\"https:\\\/\\\/bomuldsfabriken.no\\\/wp-content\\\/uploads\\\/2026\\\/01\\\/DSC02388.avif\",\"datePublished\":\"2026-01-16T10:05:46+00:00\",\"dateModified\":\"2026-01-30T11:44:28+00:00\",\"breadcrumb\":{\"@id\":\"https:\\\/\\\/bomuldsfabriken.no\\\/formidling\\\/#breadcrumb\"},\"inLanguage\":\"en-GB\",\"potentialAction\":[{\"@type\":\"ReadAction\",\"target\":[\"https:\\\/\\\/bomuldsfabriken.no\\\/formidling\\\/\"]}]},{\"@type\":\"ImageObject\",\"inLanguage\":\"en-GB\",\"@id\":\"https:\\\/\\\/bomuldsfabriken.no\\\/formidling\\\/#primaryimage\",\"url\":\"https:\\\/\\\/bomuldsfabriken.no\\\/wp-content\\\/uploads\\\/2026\\\/01\\\/DSC02388.avif\",\"contentUrl\":\"https:\\\/\\\/bomuldsfabriken.no\\\/wp-content\\\/uploads\\\/2026\\\/01\\\/DSC02388.avif\",\"width\":6000,\"height\":4000},{\"@type\":\"BreadcrumbList\",\"@id\":\"https:\\\/\\\/bomuldsfabriken.no\\\/formidling\\\/#breadcrumb\",\"itemListElement\":[{\"@type\":\"ListItem\",\"position\":1,\"name\":\"Home\",\"item\":\"https:\\\/\\\/bomuldsfabriken.no\\\/\"},{\"@type\":\"ListItem\",\"position\":2,\"name\":\"Formidling\"}]},{\"@type\":\"WebSite\",\"@id\":\"https:\\\/\\\/bomuldsfabriken.no\\\/#website\",\"url\":\"https:\\\/\\\/bomuldsfabriken.no\\\/\",\"name\":\"Bomuldsfabriken\",\"description\":\"Kunsthallen i Arendal \u2013 Bomuldsfabriken\",\"publisher\":{\"@id\":\"https:\\\/\\\/bomuldsfabriken.no\\\/#organization\"},\"potentialAction\":[{\"@type\":\"SearchAction\",\"target\":{\"@type\":\"EntryPoint\",\"urlTemplate\":\"https:\\\/\\\/bomuldsfabriken.no\\\/?s={search_term_string}\"},\"query-input\":{\"@type\":\"PropertyValueSpecification\",\"valueRequired\":true,\"valueName\":\"search_term_string\"}}],\"inLanguage\":\"en-GB\"},{\"@type\":\"Organization\",\"@id\":\"https:\\\/\\\/bomuldsfabriken.no\\\/#organization\",\"name\":\"Bomuldsfabriken\",\"url\":\"https:\\\/\\\/bomuldsfabriken.no\\\/\",\"logo\":{\"@type\":\"ImageObject\",\"inLanguage\":\"en-GB\",\"@id\":\"https:\\\/\\\/bomuldsfabriken.no\\\/#\\\/schema\\\/logo\\\/image\\\/\",\"url\":\"https:\\\/\\\/bomuldsfabriken.no\\\/wp-content\\\/uploads\\\/2025\\\/06\\\/bomlog.svg\",\"contentUrl\":\"https:\\\/\\\/bomuldsfabriken.no\\\/wp-content\\\/uploads\\\/2025\\\/06\\\/bomlog.svg\",\"caption\":\"Bomuldsfabriken\"},\"image\":{\"@id\":\"https:\\\/\\\/bomuldsfabriken.no\\\/#\\\/schema\\\/logo\\\/image\\\/\"},\"sameAs\":[\"https:\\\/\\\/www.facebook.com\\\/Bomuldsfabriken\\\/\",\"https:\\\/\\\/x.com\\\/bomuldsfabriken\",\"https:\\\/\\\/www.instagram.com\\\/bomuldsfabriken\"]}]}<\/script>\n<!-- \/ Yoast SEO plugin. -->","yoast_head_json":{"title":"Formidling - Bomuldsfabriken","robots":{"index":"index","follow":"follow","max-snippet":"max-snippet:-1","max-image-preview":"max-image-preview:large","max-video-preview":"max-video-preview:-1"},"canonical":"https:\/\/bomuldsfabriken.no\/en\/formidling\/","og_locale":"en_GB","og_type":"article","og_title":"Formidling - Bomuldsfabriken","og_url":"https:\/\/bomuldsfabriken.no\/en\/formidling\/","og_site_name":"Bomuldsfabriken","article_publisher":"https:\/\/www.facebook.com\/Bomuldsfabriken\/","article_modified_time":"2026-01-30T11:44:28+00:00","og_image":[{"width":6000,"height":4000,"url":"https:\/\/bomuldsfabriken.no\/wp-content\/uploads\/2026\/01\/DSC02388.avif","type":"image\/jpeg"}],"twitter_card":"summary_large_image","twitter_site":"@bomuldsfabriken","twitter_misc":{"Estimated reading time":"1 minute"},"schema":{"@context":"https:\/\/schema.org","@graph":[{"@type":"WebPage","@id":"https:\/\/bomuldsfabriken.no\/formidling\/","url":"https:\/\/bomuldsfabriken.no\/formidling\/","name":"Formidling - Bomuldsfabriken","isPartOf":{"@id":"https:\/\/bomuldsfabriken.no\/#website"},"primaryImageOfPage":{"@id":"https:\/\/bomuldsfabriken.no\/formidling\/#primaryimage"},"image":{"@id":"https:\/\/bomuldsfabriken.no\/formidling\/#primaryimage"},"thumbnailUrl":"https:\/\/bomuldsfabriken.no\/wp-content\/uploads\/2026\/01\/DSC02388.avif","datePublished":"2026-01-16T10:05:46+00:00","dateModified":"2026-01-30T11:44:28+00:00","breadcrumb":{"@id":"https:\/\/bomuldsfabriken.no\/formidling\/#breadcrumb"},"inLanguage":"en-GB","potentialAction":[{"@type":"ReadAction","target":["https:\/\/bomuldsfabriken.no\/formidling\/"]}]},{"@type":"ImageObject","inLanguage":"en-GB","@id":"https:\/\/bomuldsfabriken.no\/formidling\/#primaryimage","url":"https:\/\/bomuldsfabriken.no\/wp-content\/uploads\/2026\/01\/DSC02388.avif","contentUrl":"https:\/\/bomuldsfabriken.no\/wp-content\/uploads\/2026\/01\/DSC02388.avif","width":6000,"height":4000},{"@type":"BreadcrumbList","@id":"https:\/\/bomuldsfabriken.no\/formidling\/#breadcrumb","itemListElement":[{"@type":"ListItem","position":1,"name":"Home","item":"https:\/\/bomuldsfabriken.no\/"},{"@type":"ListItem","position":2,"name":"Formidling"}]},{"@type":"WebSite","@id":"https:\/\/bomuldsfabriken.no\/#website","url":"https:\/\/bomuldsfabriken.no\/","name":"Bomuldsfabriken","description":"Kunsthallen i Arendal \u2013 Bomuldsfabriken","publisher":{"@id":"https:\/\/bomuldsfabriken.no\/#organization"},"potentialAction":[{"@type":"SearchAction","target":{"@type":"EntryPoint","urlTemplate":"https:\/\/bomuldsfabriken.no\/?s={search_term_string}"},"query-input":{"@type":"PropertyValueSpecification","valueRequired":true,"valueName":"search_term_string"}}],"inLanguage":"en-GB"},{"@type":"Organization","@id":"https:\/\/bomuldsfabriken.no\/#organization","name":"Bomuldsfabriken","url":"https:\/\/bomuldsfabriken.no\/","logo":{"@type":"ImageObject","inLanguage":"en-GB","@id":"https:\/\/bomuldsfabriken.no\/#\/schema\/logo\/image\/","url":"https:\/\/bomuldsfabriken.no\/wp-content\/uploads\/2025\/06\/bomlog.svg","contentUrl":"https:\/\/bomuldsfabriken.no\/wp-content\/uploads\/2025\/06\/bomlog.svg","caption":"Bomuldsfabriken"},"image":{"@id":"https:\/\/bomuldsfabriken.no\/#\/schema\/logo\/image\/"},"sameAs":["https:\/\/www.facebook.com\/Bomuldsfabriken\/","https:\/\/x.com\/bomuldsfabriken","https:\/\/www.instagram.com\/bomuldsfabriken"]}]}},"_links":{"self":[{"href":"https:\/\/bomuldsfabriken.no\/en\/wp-json\/wp\/v2\/pages\/741","targetHints":{"allow":["GET"]}}],"collection":[{"href":"https:\/\/bomuldsfabriken.no\/en\/wp-json\/wp\/v2\/pages"}],"about":[{"href":"https:\/\/bomuldsfabriken.no\/en\/wp-json\/wp\/v2\/types\/page"}],"author":[{"embeddable":true,"href":"https:\/\/bomuldsfabriken.no\/en\/wp-json\/wp\/v2\/users\/8"}],"replies":[{"embeddable":true,"href":"https:\/\/bomuldsfabriken.no\/en\/wp-json\/wp\/v2\/comments?post=741"}],"version-history":[{"count":5,"href":"https:\/\/bomuldsfabriken.no\/en\/wp-json\/wp\/v2\/pages\/741\/revisions"}],"predecessor-version":[{"id":2241,"href":"https:\/\/bomuldsfabriken.no\/en\/wp-json\/wp\/v2\/pages\/741\/revisions\/2241"}],"wp:featuredmedia":[{"embeddable":true,"href":"https:\/\/bomuldsfabriken.no\/en\/wp-json\/wp\/v2\/media\/1719"}],"wp:attachment":[{"href":"https:\/\/bomuldsfabriken.no\/en\/wp-json\/wp\/v2\/media?parent=741"}],"curies":[{"name":"wp","href":"https:\/\/api.w.org\/{rel}","templated":true}]}}