{"id":989,"date":"2026-01-16T10:05:46","date_gmt":"2026-01-16T10:05:46","guid":{"rendered":"https:\/\/bomuldsfabriken.staging.frameworks.no\/?page_id=989"},"modified":"2026-01-21T14:14:23","modified_gmt":"2026-01-21T14:14:23","slug":"skolebesok","status":"publish","type":"page","link":"https:\/\/bomuldsfabriken.no\/en\/formidling\/skolebesok\/","title":{"rendered":"Skolebes\u00f8k"},"content":{"rendered":"<div id=\"paragraph--block_95fea27846504ca59041444153ef0548\" class=\"root-level-block paragraph\">\r\n    \r\n    <div class=\"container grid-3-6-3\">\r\n\r\n        \r\n                    <div class=\"wysiwyg\">\r\n                <p>V\u00e5re formidlere tilrettelegger kunstundervisningen etter behov og klassetrinn. Vi vektlegger dialog, opplevelse og aktivitet, og har som m\u00e5l \u00e5 gj\u00f8re samtidskunsten tilgjengelig. Et bes\u00f8k hos oss utvider elevenes visuelle og kommunikative kompetanse, enten gjennom <a href=\"https:\/\/bomuldsfabriken.no\/en\/utstillinger\/\">v\u00e5re utstillinger<\/a> eller <a href=\"https:\/\/bomuldsfabriken.no\/en\/utstilling\/gruvene-skulpturpark\/\">Gruvene skulpturpark<\/a>.<\/p>\n<p><a href=\"mailto:post@bomuldsfabriken.no\">Ta gjerne kontakt<\/a> for mer info om aktuelle eller kommende utstillinger og formidlingstilbud.<\/p>\n            <\/div>\r\n        \r\n    <\/div>\r\n\r\n<\/div>\r\n\n\n\n<p><\/p>\n\n\n\r\n    <div id=\"accordion--block_e218b577e8242dcdad2276a4304aed20\" class=\"root-level-block accordion\">\r\n        <div class=\"container grid-3-6-3\">\r\n                            <details class=\"accordion-item\">\r\n                    <summary class=\"accordion-title\">DKS \u2013 Den kulturelle skolesekken<\/summary>\r\n                    <div class=\"accordion-content\"><p>Bomuldsfabriken Kunsthall samarbeider med Den Kulturelle Skolesekken b\u00e5de kommunalt og fylkeskommunalt, men har i tillegg skoletilbud knyttet til alle v\u00e5re tempor\u00e6re utstillinger og Kunstsamlingen.<\/p>\n<p>Skolebes\u00f8k er GRATIS fra mandag til fredag mellom kl. 09:00- 15:00 (varighet 45\u201390 minutter), men m\u00e5 bestilles p\u00e5 forh\u00e5nd. Som oftest tilbyr vi kunstverksted med utgangspunkt i en utstillings tematikk, materiale eller uttrykksform.<\/p>\n<p>Det er viktig \u00e5 forholde seg til at kunstbes\u00f8k er skoletid og at l\u00e6rer holder klassen samlet<\/p>\n<\/div>\r\n                <\/details>\r\n                            <details class=\"accordion-item\">\r\n                    <summary class=\"accordion-title\">Kunstverkstedet<\/summary>\r\n                    <div class=\"accordion-content\"><p>V\u00e5rt verksted er spesialdesignet som formidlingsrom for v\u00e5rt unge publikum. Rommet anvendes i forbindelse med praktisk oppgavel\u00f8sning og\u00a0er et viktig m\u00f8tested for bearbeiding, utdyping og videreutvikling av inntrykk fra utstillingene. Her kan\u00a0man tegne, arbeide med forskjellige materialer og lese i b\u00f8ker eller blader.<\/p>\n<\/div>\r\n                <\/details>\r\n                    <\/div>  \r\n    <\/div>\r\n\n\n\r\n<div class=\"container\">\r\n\r\n    <div id=\"gallery--block_87a78c97643b1ab859b999e87d4e7aa7\" class=\"root-level-block gallery\">\r\n\r\n    \r\n            <div class=\"acf-gallery-grid\">\r\n                            <figure class=\"lightbox-trigger\">\r\n                    <div>\r\n                        <img decoding=\"async\" src=\"https:\/\/bomuldsfabriken.no\/wp-content\/uploads\/2025\/07\/IMG_6170_900.jpg\" alt=\"\" style=\"width:100%; display:block;\">\r\n                    <\/div>\r\n                                    <\/figure>\r\n                            <figure class=\"lightbox-trigger\">\r\n                    <div>\r\n                        <img decoding=\"async\" src=\"https:\/\/bomuldsfabriken.no\/wp-content\/uploads\/2025\/07\/IMG_2271_Bf_900.jpg\" alt=\"\" style=\"width:100%; display:block;\">\r\n                    <\/div>\r\n                                    <\/figure>\r\n                            <figure class=\"lightbox-trigger\">\r\n                    <div>\r\n                        <img decoding=\"async\" src=\"https:\/\/bomuldsfabriken.no\/wp-content\/uploads\/2025\/07\/IMG_0920_just_900.jpg\" alt=\"\" style=\"width:100%; display:block;\">\r\n                    <\/div>\r\n                                    <\/figure>\r\n                            <figure class=\"lightbox-trigger\">\r\n                    <div>\r\n                        <img decoding=\"async\" src=\"https:\/\/bomuldsfabriken.no\/wp-content\/uploads\/2025\/06\/5mars-kunstverksted-2-scaled-1-e1769004012931-2000x1250.avif\" alt=\"\" style=\"width:100%; display:block;\">\r\n                    <\/div>\r\n                                    <\/figure>\r\n                    <\/div>\r\n    \r\n    <\/div>\r\n\r\n<\/div>","protected":false},"excerpt":{"rendered":"","protected":false},"author":8,"featured_media":990,"parent":741,"menu_order":0,"comment_status":"closed","ping_status":"closed","template":"","meta":{"_acf_changed":false,"footnotes":""},"class_list":["post-989","page","type-page","status-publish","has-post-thumbnail","hentry"],"acf":[],"yoast_head":"<!-- This site is optimized with the Yoast SEO plugin v27.4 - https:\/\/yoast.com\/product\/yoast-seo-wordpress\/ -->\n<title>Skolebes\u00f8k - Bomuldsfabriken<\/title>\n<meta name=\"robots\" content=\"index, follow, max-snippet:-1, max-image-preview:large, max-video-preview:-1\" \/>\n<link rel=\"canonical\" href=\"https:\/\/bomuldsfabriken.no\/en\/formidling\/skolebesok\/\" \/>\n<meta property=\"og:locale\" content=\"en_GB\" \/>\n<meta property=\"og:type\" content=\"article\" \/>\n<meta property=\"og:title\" content=\"Skolebes\u00f8k - Bomuldsfabriken\" \/>\n<meta property=\"og:url\" content=\"https:\/\/bomuldsfabriken.no\/en\/formidling\/skolebesok\/\" \/>\n<meta property=\"og:site_name\" content=\"Bomuldsfabriken\" \/>\n<meta property=\"article:publisher\" content=\"https:\/\/www.facebook.com\/Bomuldsfabriken\/\" \/>\n<meta property=\"article:modified_time\" content=\"2026-01-21T14:14:23+00:00\" \/>\n<meta property=\"og:image\" content=\"https:\/\/bomuldsfabriken.no\/wp-content\/uploads\/2025\/07\/IMG_2247_Bf_900.jpg\" \/>\n\t<meta property=\"og:image:width\" content=\"900\" \/>\n\t<meta property=\"og:image:height\" content=\"675\" \/>\n\t<meta property=\"og:image:type\" content=\"image\/jpeg\" \/>\n<meta name=\"twitter:card\" content=\"summary_large_image\" \/>\n<meta name=\"twitter:site\" content=\"@bomuldsfabriken\" \/>\n<script type=\"application\/ld+json\" class=\"yoast-schema-graph\">{\"@context\":\"https:\\\/\\\/schema.org\",\"@graph\":[{\"@type\":\"WebPage\",\"@id\":\"https:\\\/\\\/bomuldsfabriken.no\\\/formidling\\\/skolebesok\\\/\",\"url\":\"https:\\\/\\\/bomuldsfabriken.no\\\/formidling\\\/skolebesok\\\/\",\"name\":\"Skolebes\u00f8k - Bomuldsfabriken\",\"isPartOf\":{\"@id\":\"https:\\\/\\\/bomuldsfabriken.no\\\/#website\"},\"primaryImageOfPage\":{\"@id\":\"https:\\\/\\\/bomuldsfabriken.no\\\/formidling\\\/skolebesok\\\/#primaryimage\"},\"image\":{\"@id\":\"https:\\\/\\\/bomuldsfabriken.no\\\/formidling\\\/skolebesok\\\/#primaryimage\"},\"thumbnailUrl\":\"https:\\\/\\\/bomuldsfabriken.no\\\/wp-content\\\/uploads\\\/2025\\\/07\\\/IMG_2247_Bf_900.jpg\",\"datePublished\":\"2026-01-16T10:05:46+00:00\",\"dateModified\":\"2026-01-21T14:14:23+00:00\",\"breadcrumb\":{\"@id\":\"https:\\\/\\\/bomuldsfabriken.no\\\/formidling\\\/skolebesok\\\/#breadcrumb\"},\"inLanguage\":\"en-GB\",\"potentialAction\":[{\"@type\":\"ReadAction\",\"target\":[\"https:\\\/\\\/bomuldsfabriken.no\\\/formidling\\\/skolebesok\\\/\"]}]},{\"@type\":\"ImageObject\",\"inLanguage\":\"en-GB\",\"@id\":\"https:\\\/\\\/bomuldsfabriken.no\\\/formidling\\\/skolebesok\\\/#primaryimage\",\"url\":\"https:\\\/\\\/bomuldsfabriken.no\\\/wp-content\\\/uploads\\\/2025\\\/07\\\/IMG_2247_Bf_900.jpg\",\"contentUrl\":\"https:\\\/\\\/bomuldsfabriken.no\\\/wp-content\\\/uploads\\\/2025\\\/07\\\/IMG_2247_Bf_900.jpg\",\"width\":900,\"height\":675},{\"@type\":\"BreadcrumbList\",\"@id\":\"https:\\\/\\\/bomuldsfabriken.no\\\/formidling\\\/skolebesok\\\/#breadcrumb\",\"itemListElement\":[{\"@type\":\"ListItem\",\"position\":1,\"name\":\"Home\",\"item\":\"https:\\\/\\\/bomuldsfabriken.no\\\/\"},{\"@type\":\"ListItem\",\"position\":2,\"name\":\"Formidling\",\"item\":\"https:\\\/\\\/bomuldsfabriken.no\\\/formidling\\\/\"},{\"@type\":\"ListItem\",\"position\":3,\"name\":\"Skolebes\u00f8k\"}]},{\"@type\":\"WebSite\",\"@id\":\"https:\\\/\\\/bomuldsfabriken.no\\\/#website\",\"url\":\"https:\\\/\\\/bomuldsfabriken.no\\\/\",\"name\":\"Bomuldsfabriken\",\"description\":\"Kunsthallen i Arendal \u2013 Bomuldsfabriken\",\"publisher\":{\"@id\":\"https:\\\/\\\/bomuldsfabriken.no\\\/#organization\"},\"potentialAction\":[{\"@type\":\"SearchAction\",\"target\":{\"@type\":\"EntryPoint\",\"urlTemplate\":\"https:\\\/\\\/bomuldsfabriken.no\\\/?s={search_term_string}\"},\"query-input\":{\"@type\":\"PropertyValueSpecification\",\"valueRequired\":true,\"valueName\":\"search_term_string\"}}],\"inLanguage\":\"en-GB\"},{\"@type\":\"Organization\",\"@id\":\"https:\\\/\\\/bomuldsfabriken.no\\\/#organization\",\"name\":\"Bomuldsfabriken\",\"url\":\"https:\\\/\\\/bomuldsfabriken.no\\\/\",\"logo\":{\"@type\":\"ImageObject\",\"inLanguage\":\"en-GB\",\"@id\":\"https:\\\/\\\/bomuldsfabriken.no\\\/#\\\/schema\\\/logo\\\/image\\\/\",\"url\":\"https:\\\/\\\/bomuldsfabriken.no\\\/wp-content\\\/uploads\\\/2025\\\/06\\\/bomlog.svg\",\"contentUrl\":\"https:\\\/\\\/bomuldsfabriken.no\\\/wp-content\\\/uploads\\\/2025\\\/06\\\/bomlog.svg\",\"caption\":\"Bomuldsfabriken\"},\"image\":{\"@id\":\"https:\\\/\\\/bomuldsfabriken.no\\\/#\\\/schema\\\/logo\\\/image\\\/\"},\"sameAs\":[\"https:\\\/\\\/www.facebook.com\\\/Bomuldsfabriken\\\/\",\"https:\\\/\\\/x.com\\\/bomuldsfabriken\",\"https:\\\/\\\/www.instagram.com\\\/bomuldsfabriken\"]}]}<\/script>\n<!-- \/ Yoast SEO plugin. -->","yoast_head_json":{"title":"Skolebes\u00f8k - Bomuldsfabriken","robots":{"index":"index","follow":"follow","max-snippet":"max-snippet:-1","max-image-preview":"max-image-preview:large","max-video-preview":"max-video-preview:-1"},"canonical":"https:\/\/bomuldsfabriken.no\/en\/formidling\/skolebesok\/","og_locale":"en_GB","og_type":"article","og_title":"Skolebes\u00f8k - Bomuldsfabriken","og_url":"https:\/\/bomuldsfabriken.no\/en\/formidling\/skolebesok\/","og_site_name":"Bomuldsfabriken","article_publisher":"https:\/\/www.facebook.com\/Bomuldsfabriken\/","article_modified_time":"2026-01-21T14:14:23+00:00","og_image":[{"width":900,"height":675,"url":"https:\/\/bomuldsfabriken.no\/wp-content\/uploads\/2025\/07\/IMG_2247_Bf_900.jpg","type":"image\/jpeg"}],"twitter_card":"summary_large_image","twitter_site":"@bomuldsfabriken","schema":{"@context":"https:\/\/schema.org","@graph":[{"@type":"WebPage","@id":"https:\/\/bomuldsfabriken.no\/formidling\/skolebesok\/","url":"https:\/\/bomuldsfabriken.no\/formidling\/skolebesok\/","name":"Skolebes\u00f8k - Bomuldsfabriken","isPartOf":{"@id":"https:\/\/bomuldsfabriken.no\/#website"},"primaryImageOfPage":{"@id":"https:\/\/bomuldsfabriken.no\/formidling\/skolebesok\/#primaryimage"},"image":{"@id":"https:\/\/bomuldsfabriken.no\/formidling\/skolebesok\/#primaryimage"},"thumbnailUrl":"https:\/\/bomuldsfabriken.no\/wp-content\/uploads\/2025\/07\/IMG_2247_Bf_900.jpg","datePublished":"2026-01-16T10:05:46+00:00","dateModified":"2026-01-21T14:14:23+00:00","breadcrumb":{"@id":"https:\/\/bomuldsfabriken.no\/formidling\/skolebesok\/#breadcrumb"},"inLanguage":"en-GB","potentialAction":[{"@type":"ReadAction","target":["https:\/\/bomuldsfabriken.no\/formidling\/skolebesok\/"]}]},{"@type":"ImageObject","inLanguage":"en-GB","@id":"https:\/\/bomuldsfabriken.no\/formidling\/skolebesok\/#primaryimage","url":"https:\/\/bomuldsfabriken.no\/wp-content\/uploads\/2025\/07\/IMG_2247_Bf_900.jpg","contentUrl":"https:\/\/bomuldsfabriken.no\/wp-content\/uploads\/2025\/07\/IMG_2247_Bf_900.jpg","width":900,"height":675},{"@type":"BreadcrumbList","@id":"https:\/\/bomuldsfabriken.no\/formidling\/skolebesok\/#breadcrumb","itemListElement":[{"@type":"ListItem","position":1,"name":"Home","item":"https:\/\/bomuldsfabriken.no\/"},{"@type":"ListItem","position":2,"name":"Formidling","item":"https:\/\/bomuldsfabriken.no\/formidling\/"},{"@type":"ListItem","position":3,"name":"Skolebes\u00f8k"}]},{"@type":"WebSite","@id":"https:\/\/bomuldsfabriken.no\/#website","url":"https:\/\/bomuldsfabriken.no\/","name":"Bomuldsfabriken","description":"Kunsthallen i Arendal \u2013 Bomuldsfabriken","publisher":{"@id":"https:\/\/bomuldsfabriken.no\/#organization"},"potentialAction":[{"@type":"SearchAction","target":{"@type":"EntryPoint","urlTemplate":"https:\/\/bomuldsfabriken.no\/?s={search_term_string}"},"query-input":{"@type":"PropertyValueSpecification","valueRequired":true,"valueName":"search_term_string"}}],"inLanguage":"en-GB"},{"@type":"Organization","@id":"https:\/\/bomuldsfabriken.no\/#organization","name":"Bomuldsfabriken","url":"https:\/\/bomuldsfabriken.no\/","logo":{"@type":"ImageObject","inLanguage":"en-GB","@id":"https:\/\/bomuldsfabriken.no\/#\/schema\/logo\/image\/","url":"https:\/\/bomuldsfabriken.no\/wp-content\/uploads\/2025\/06\/bomlog.svg","contentUrl":"https:\/\/bomuldsfabriken.no\/wp-content\/uploads\/2025\/06\/bomlog.svg","caption":"Bomuldsfabriken"},"image":{"@id":"https:\/\/bomuldsfabriken.no\/#\/schema\/logo\/image\/"},"sameAs":["https:\/\/www.facebook.com\/Bomuldsfabriken\/","https:\/\/x.com\/bomuldsfabriken","https:\/\/www.instagram.com\/bomuldsfabriken"]}]}},"_links":{"self":[{"href":"https:\/\/bomuldsfabriken.no\/en\/wp-json\/wp\/v2\/pages\/989","targetHints":{"allow":["GET"]}}],"collection":[{"href":"https:\/\/bomuldsfabriken.no\/en\/wp-json\/wp\/v2\/pages"}],"about":[{"href":"https:\/\/bomuldsfabriken.no\/en\/wp-json\/wp\/v2\/types\/page"}],"author":[{"embeddable":true,"href":"https:\/\/bomuldsfabriken.no\/en\/wp-json\/wp\/v2\/users\/8"}],"replies":[{"embeddable":true,"href":"https:\/\/bomuldsfabriken.no\/en\/wp-json\/wp\/v2\/comments?post=989"}],"version-history":[{"count":8,"href":"https:\/\/bomuldsfabriken.no\/en\/wp-json\/wp\/v2\/pages\/989\/revisions"}],"predecessor-version":[{"id":2059,"href":"https:\/\/bomuldsfabriken.no\/en\/wp-json\/wp\/v2\/pages\/989\/revisions\/2059"}],"up":[{"embeddable":true,"href":"https:\/\/bomuldsfabriken.no\/en\/wp-json\/wp\/v2\/pages\/741"}],"wp:featuredmedia":[{"embeddable":true,"href":"https:\/\/bomuldsfabriken.no\/en\/wp-json\/wp\/v2\/media\/990"}],"wp:attachment":[{"href":"https:\/\/bomuldsfabriken.no\/en\/wp-json\/wp\/v2\/media?parent=989"}],"curies":[{"name":"wp","href":"https:\/\/api.w.org\/{rel}","templated":true}]}}