{"id":996,"date":"2026-01-16T10:05:46","date_gmt":"2026-01-16T10:05:46","guid":{"rendered":"https:\/\/bomuldsfabriken.staging.frameworks.no\/?page_id=996"},"modified":"2026-01-23T09:16:56","modified_gmt":"2026-01-23T09:16:56","slug":"omvisninger","status":"publish","type":"page","link":"https:\/\/bomuldsfabriken.no\/en\/formidling\/omvisninger\/","title":{"rendered":"Omvisninger"},"content":{"rendered":"<div id=\"paragraph--block_6779c9a23ea8a67a126d9e8b4eb04f2f\" class=\"root-level-block paragraph\">\r\n    \r\n    <div class=\"container grid-3-6-3\">\r\n\r\n        \r\n                    <div class=\"wysiwyg\">\r\n                <p>\u00c5pne omvisninger tilbys ved jevne mellomrom i v\u00e5re aktuelle utstillinger. Omvisningene er gratis \u2013 f\u00f8lg med i v\u00e5re kanaler. Det er ogs\u00e5 mulig \u00e5 bestille egne omvisninger i den tempor\u00e6re utstillingen og i kunsthallens faste samlingsutstilling. Foredrag, konserter og andre arrangementer annonseres s\u00e6rskilt.<\/p>\n<p>Private grupper, firmaer, kommuner, pensjonistforeninger, kunstforeninger og alle andre er velkomne til \u00e5 bestille omvisning i v\u00e5re utstillinger, kunstsamlingen eller omvisning i bygget.<\/p>\n<p>&nbsp;<\/p>\n<h4><strong>For bestilling av omvisning:<\/strong><\/h4>\n<p>Telefonnummer: <a href=\"tel:4790756772\">907 56 772<\/a><\/p>\n<p><a href=\"mailto:post@bomuldsfabriken.no\">post@bomuldsfabriken.no<\/a><\/p>\n<p>&nbsp;<\/p>\n            <\/div>\r\n        \r\n    <\/div>\r\n\r\n<\/div>","protected":false},"excerpt":{"rendered":"","protected":false},"author":8,"featured_media":1725,"parent":741,"menu_order":0,"comment_status":"closed","ping_status":"closed","template":"","meta":{"_acf_changed":false,"footnotes":""},"class_list":["post-996","page","type-page","status-publish","has-post-thumbnail","hentry"],"acf":[],"yoast_head":"<!-- This site is optimized with the Yoast SEO plugin v27.4 - https:\/\/yoast.com\/product\/yoast-seo-wordpress\/ -->\n<title>Omvisninger - Bomuldsfabriken<\/title>\n<meta name=\"robots\" content=\"index, follow, max-snippet:-1, max-image-preview:large, max-video-preview:-1\" \/>\n<link rel=\"canonical\" href=\"https:\/\/bomuldsfabriken.no\/en\/formidling\/omvisninger\/\" \/>\n<meta property=\"og:locale\" content=\"en_GB\" \/>\n<meta property=\"og:type\" content=\"article\" \/>\n<meta property=\"og:title\" content=\"Omvisninger - Bomuldsfabriken\" \/>\n<meta property=\"og:url\" content=\"https:\/\/bomuldsfabriken.no\/en\/formidling\/omvisninger\/\" \/>\n<meta property=\"og:site_name\" content=\"Bomuldsfabriken\" \/>\n<meta property=\"article:publisher\" content=\"https:\/\/www.facebook.com\/Bomuldsfabriken\/\" \/>\n<meta property=\"article:modified_time\" content=\"2026-01-23T09:16:56+00:00\" \/>\n<meta property=\"og:image\" content=\"https:\/\/bomuldsfabriken.no\/wp-content\/uploads\/2026\/01\/Mona-Hauglid-Foto-8075-2000x1334.avif\" \/>\n\t<meta property=\"og:image:width\" content=\"2000\" \/>\n\t<meta property=\"og:image:height\" content=\"1334\" \/>\n\t<meta property=\"og:image:type\" content=\"image\/jpeg\" \/>\n<meta name=\"twitter:card\" content=\"summary_large_image\" \/>\n<meta name=\"twitter:site\" content=\"@bomuldsfabriken\" \/>\n<script type=\"application\/ld+json\" class=\"yoast-schema-graph\">{\"@context\":\"https:\\\/\\\/schema.org\",\"@graph\":[{\"@type\":\"WebPage\",\"@id\":\"https:\\\/\\\/bomuldsfabriken.no\\\/formidling\\\/omvisninger\\\/\",\"url\":\"https:\\\/\\\/bomuldsfabriken.no\\\/formidling\\\/omvisninger\\\/\",\"name\":\"Omvisninger - Bomuldsfabriken\",\"isPartOf\":{\"@id\":\"https:\\\/\\\/bomuldsfabriken.no\\\/#website\"},\"primaryImageOfPage\":{\"@id\":\"https:\\\/\\\/bomuldsfabriken.no\\\/formidling\\\/omvisninger\\\/#primaryimage\"},\"image\":{\"@id\":\"https:\\\/\\\/bomuldsfabriken.no\\\/formidling\\\/omvisninger\\\/#primaryimage\"},\"thumbnailUrl\":\"https:\\\/\\\/bomuldsfabriken.no\\\/wp-content\\\/uploads\\\/2026\\\/01\\\/Mona-Hauglid-Foto-8075.avif\",\"datePublished\":\"2026-01-16T10:05:46+00:00\",\"dateModified\":\"2026-01-23T09:16:56+00:00\",\"breadcrumb\":{\"@id\":\"https:\\\/\\\/bomuldsfabriken.no\\\/formidling\\\/omvisninger\\\/#breadcrumb\"},\"inLanguage\":\"en-GB\",\"potentialAction\":[{\"@type\":\"ReadAction\",\"target\":[\"https:\\\/\\\/bomuldsfabriken.no\\\/formidling\\\/omvisninger\\\/\"]}]},{\"@type\":\"ImageObject\",\"inLanguage\":\"en-GB\",\"@id\":\"https:\\\/\\\/bomuldsfabriken.no\\\/formidling\\\/omvisninger\\\/#primaryimage\",\"url\":\"https:\\\/\\\/bomuldsfabriken.no\\\/wp-content\\\/uploads\\\/2026\\\/01\\\/Mona-Hauglid-Foto-8075.avif\",\"contentUrl\":\"https:\\\/\\\/bomuldsfabriken.no\\\/wp-content\\\/uploads\\\/2026\\\/01\\\/Mona-Hauglid-Foto-8075.avif\",\"width\":8192,\"height\":5464},{\"@type\":\"BreadcrumbList\",\"@id\":\"https:\\\/\\\/bomuldsfabriken.no\\\/formidling\\\/omvisninger\\\/#breadcrumb\",\"itemListElement\":[{\"@type\":\"ListItem\",\"position\":1,\"name\":\"Home\",\"item\":\"https:\\\/\\\/bomuldsfabriken.no\\\/\"},{\"@type\":\"ListItem\",\"position\":2,\"name\":\"Formidling\",\"item\":\"https:\\\/\\\/bomuldsfabriken.no\\\/formidling\\\/\"},{\"@type\":\"ListItem\",\"position\":3,\"name\":\"Omvisninger\"}]},{\"@type\":\"WebSite\",\"@id\":\"https:\\\/\\\/bomuldsfabriken.no\\\/#website\",\"url\":\"https:\\\/\\\/bomuldsfabriken.no\\\/\",\"name\":\"Bomuldsfabriken\",\"description\":\"Kunsthallen i Arendal \u2013 Bomuldsfabriken\",\"publisher\":{\"@id\":\"https:\\\/\\\/bomuldsfabriken.no\\\/#organization\"},\"potentialAction\":[{\"@type\":\"SearchAction\",\"target\":{\"@type\":\"EntryPoint\",\"urlTemplate\":\"https:\\\/\\\/bomuldsfabriken.no\\\/?s={search_term_string}\"},\"query-input\":{\"@type\":\"PropertyValueSpecification\",\"valueRequired\":true,\"valueName\":\"search_term_string\"}}],\"inLanguage\":\"en-GB\"},{\"@type\":\"Organization\",\"@id\":\"https:\\\/\\\/bomuldsfabriken.no\\\/#organization\",\"name\":\"Bomuldsfabriken\",\"url\":\"https:\\\/\\\/bomuldsfabriken.no\\\/\",\"logo\":{\"@type\":\"ImageObject\",\"inLanguage\":\"en-GB\",\"@id\":\"https:\\\/\\\/bomuldsfabriken.no\\\/#\\\/schema\\\/logo\\\/image\\\/\",\"url\":\"https:\\\/\\\/bomuldsfabriken.no\\\/wp-content\\\/uploads\\\/2025\\\/06\\\/bomlog.svg\",\"contentUrl\":\"https:\\\/\\\/bomuldsfabriken.no\\\/wp-content\\\/uploads\\\/2025\\\/06\\\/bomlog.svg\",\"caption\":\"Bomuldsfabriken\"},\"image\":{\"@id\":\"https:\\\/\\\/bomuldsfabriken.no\\\/#\\\/schema\\\/logo\\\/image\\\/\"},\"sameAs\":[\"https:\\\/\\\/www.facebook.com\\\/Bomuldsfabriken\\\/\",\"https:\\\/\\\/x.com\\\/bomuldsfabriken\",\"https:\\\/\\\/www.instagram.com\\\/bomuldsfabriken\"]}]}<\/script>\n<!-- \/ Yoast SEO plugin. -->","yoast_head_json":{"title":"Omvisninger - Bomuldsfabriken","robots":{"index":"index","follow":"follow","max-snippet":"max-snippet:-1","max-image-preview":"max-image-preview:large","max-video-preview":"max-video-preview:-1"},"canonical":"https:\/\/bomuldsfabriken.no\/en\/formidling\/omvisninger\/","og_locale":"en_GB","og_type":"article","og_title":"Omvisninger - Bomuldsfabriken","og_url":"https:\/\/bomuldsfabriken.no\/en\/formidling\/omvisninger\/","og_site_name":"Bomuldsfabriken","article_publisher":"https:\/\/www.facebook.com\/Bomuldsfabriken\/","article_modified_time":"2026-01-23T09:16:56+00:00","og_image":[{"width":2000,"height":1334,"url":"https:\/\/bomuldsfabriken.no\/wp-content\/uploads\/2026\/01\/Mona-Hauglid-Foto-8075-2000x1334.avif","type":"image\/jpeg"}],"twitter_card":"summary_large_image","twitter_site":"@bomuldsfabriken","schema":{"@context":"https:\/\/schema.org","@graph":[{"@type":"WebPage","@id":"https:\/\/bomuldsfabriken.no\/formidling\/omvisninger\/","url":"https:\/\/bomuldsfabriken.no\/formidling\/omvisninger\/","name":"Omvisninger - Bomuldsfabriken","isPartOf":{"@id":"https:\/\/bomuldsfabriken.no\/#website"},"primaryImageOfPage":{"@id":"https:\/\/bomuldsfabriken.no\/formidling\/omvisninger\/#primaryimage"},"image":{"@id":"https:\/\/bomuldsfabriken.no\/formidling\/omvisninger\/#primaryimage"},"thumbnailUrl":"https:\/\/bomuldsfabriken.no\/wp-content\/uploads\/2026\/01\/Mona-Hauglid-Foto-8075.avif","datePublished":"2026-01-16T10:05:46+00:00","dateModified":"2026-01-23T09:16:56+00:00","breadcrumb":{"@id":"https:\/\/bomuldsfabriken.no\/formidling\/omvisninger\/#breadcrumb"},"inLanguage":"en-GB","potentialAction":[{"@type":"ReadAction","target":["https:\/\/bomuldsfabriken.no\/formidling\/omvisninger\/"]}]},{"@type":"ImageObject","inLanguage":"en-GB","@id":"https:\/\/bomuldsfabriken.no\/formidling\/omvisninger\/#primaryimage","url":"https:\/\/bomuldsfabriken.no\/wp-content\/uploads\/2026\/01\/Mona-Hauglid-Foto-8075.avif","contentUrl":"https:\/\/bomuldsfabriken.no\/wp-content\/uploads\/2026\/01\/Mona-Hauglid-Foto-8075.avif","width":8192,"height":5464},{"@type":"BreadcrumbList","@id":"https:\/\/bomuldsfabriken.no\/formidling\/omvisninger\/#breadcrumb","itemListElement":[{"@type":"ListItem","position":1,"name":"Home","item":"https:\/\/bomuldsfabriken.no\/"},{"@type":"ListItem","position":2,"name":"Formidling","item":"https:\/\/bomuldsfabriken.no\/formidling\/"},{"@type":"ListItem","position":3,"name":"Omvisninger"}]},{"@type":"WebSite","@id":"https:\/\/bomuldsfabriken.no\/#website","url":"https:\/\/bomuldsfabriken.no\/","name":"Bomuldsfabriken","description":"Kunsthallen i Arendal \u2013 Bomuldsfabriken","publisher":{"@id":"https:\/\/bomuldsfabriken.no\/#organization"},"potentialAction":[{"@type":"SearchAction","target":{"@type":"EntryPoint","urlTemplate":"https:\/\/bomuldsfabriken.no\/?s={search_term_string}"},"query-input":{"@type":"PropertyValueSpecification","valueRequired":true,"valueName":"search_term_string"}}],"inLanguage":"en-GB"},{"@type":"Organization","@id":"https:\/\/bomuldsfabriken.no\/#organization","name":"Bomuldsfabriken","url":"https:\/\/bomuldsfabriken.no\/","logo":{"@type":"ImageObject","inLanguage":"en-GB","@id":"https:\/\/bomuldsfabriken.no\/#\/schema\/logo\/image\/","url":"https:\/\/bomuldsfabriken.no\/wp-content\/uploads\/2025\/06\/bomlog.svg","contentUrl":"https:\/\/bomuldsfabriken.no\/wp-content\/uploads\/2025\/06\/bomlog.svg","caption":"Bomuldsfabriken"},"image":{"@id":"https:\/\/bomuldsfabriken.no\/#\/schema\/logo\/image\/"},"sameAs":["https:\/\/www.facebook.com\/Bomuldsfabriken\/","https:\/\/x.com\/bomuldsfabriken","https:\/\/www.instagram.com\/bomuldsfabriken"]}]}},"_links":{"self":[{"href":"https:\/\/bomuldsfabriken.no\/en\/wp-json\/wp\/v2\/pages\/996","targetHints":{"allow":["GET"]}}],"collection":[{"href":"https:\/\/bomuldsfabriken.no\/en\/wp-json\/wp\/v2\/pages"}],"about":[{"href":"https:\/\/bomuldsfabriken.no\/en\/wp-json\/wp\/v2\/types\/page"}],"author":[{"embeddable":true,"href":"https:\/\/bomuldsfabriken.no\/en\/wp-json\/wp\/v2\/users\/8"}],"replies":[{"embeddable":true,"href":"https:\/\/bomuldsfabriken.no\/en\/wp-json\/wp\/v2\/comments?post=996"}],"version-history":[{"count":7,"href":"https:\/\/bomuldsfabriken.no\/en\/wp-json\/wp\/v2\/pages\/996\/revisions"}],"predecessor-version":[{"id":2085,"href":"https:\/\/bomuldsfabriken.no\/en\/wp-json\/wp\/v2\/pages\/996\/revisions\/2085"}],"up":[{"embeddable":true,"href":"https:\/\/bomuldsfabriken.no\/en\/wp-json\/wp\/v2\/pages\/741"}],"wp:featuredmedia":[{"embeddable":true,"href":"https:\/\/bomuldsfabriken.no\/en\/wp-json\/wp\/v2\/media\/1725"}],"wp:attachment":[{"href":"https:\/\/bomuldsfabriken.no\/en\/wp-json\/wp\/v2\/media?parent=996"}],"curies":[{"name":"wp","href":"https:\/\/api.w.org\/{rel}","templated":true}]}}